{"id":14,"date":"2022-05-04T13:41:17","date_gmt":"2022-05-04T13:41:17","guid":{"rendered":"http:\/\/dev.micronatura.si\/?page_id=14"},"modified":"2023-12-16T12:18:19","modified_gmt":"2023-12-16T11:18:19","slug":"refund_returns","status":"publish","type":"page","link":"https:\/\/www.micronatura.si\/?page_id=14","title":{"rendered":"Varovanje osebnih podatkov"},"content":{"rendered":"\t\t<div data-elementor-type=\"wp-page\" data-elementor-id=\"14\" class=\"elementor elementor-14\">\n\t\t\t\t\t\t<section class=\"elementor-section elementor-top-section elementor-element elementor-element-15367a11 elementor-section-boxed elementor-section-height-default elementor-section-height-default\" data-id=\"15367a11\" data-element_type=\"section\">\n\t\t\t\t\t\t<div class=\"elementor-container elementor-column-gap-default\">\n\t\t\t\t\t<div class=\"elementor-column elementor-col-100 elementor-top-column elementor-element elementor-element-75277724\" data-id=\"75277724\" data-element_type=\"column\">\n\t\t\t<div class=\"elementor-widget-wrap elementor-element-populated\">\n\t\t\t\t\t\t<div class=\"elementor-element elementor-element-6d65f922 elementor-widget elementor-widget-text-editor\" data-id=\"6d65f922\" data-element_type=\"widget\" data-widget_type=\"text-editor.default\">\n\t\t\t\t<div class=\"elementor-widget-container\">\n\t\t\t\t\t\t\t<p><!-- wp:paragraph --><\/p>\n<p>Lastnik (zbiratelj podatkov) spletne trgovine je:<\/p>\n<p>Micronatura, tehnologija EM d.o.o.<\/p>\n<p>Milje 4,<\/p>\n<p>4212 Visoko<\/p>\n<p>Mail: info@micronatura.si<\/p>\n<p lang=\"zxx\">Varovanje osebnih podatkov \/ obvestilo o zasebnosti<\/p>\n<p lang=\"zxx\">Varovanje osebnih podatkov<\/p>\n<p lang=\"zxx\"><span lang=\"zxx\">Lastnik (zbiratelj podatkov) spletne trgovine je:&nbsp;<\/span><span style=\"font-family: var( --e-global-typography-primary-font-family ), Sans-serif; background-color: var(--ast-global-color-5); color: var(--ast-global-color-3); font-size: 1rem;\">Micronatura, tehnologija EM d.o.o.<\/span><span lang=\"zxx\" style=\"font-style: inherit; font-family: var( --e-global-typography-primary-font-family ), Sans-serif; background-color: var(--ast-global-color-5); color: var(--ast-global-color-3);\">, <\/span><span lang=\"zxx\" style=\"font-style: inherit; font-family: var( --e-global-typography-primary-font-family ), Sans-serif; background-color: var(--ast-global-color-5); color: var(--ast-global-color-3);\">Visoko.<\/span><\/p>\n<p lang=\"zxx\"><span style=\"font-family: var( --e-global-typography-primary-font-family ), Sans-serif; background-color: var(--ast-global-color-5); color: var(--ast-global-color-3); font-size: 1rem;\">Micronatura, tehnologija EM d.o.o.,&nbsp;<\/span>Visoko se zavezuje, da bo \u0161\u010ditila zasebnost uporabnikov spletne trgovine in razvijala tehnologijo, ki omogo\u010da varno spletno izku\u0161njo. Ta izjava o zasebnosti velja za spletno trgovino www.micronatura.si<\/p>\n<p lang=\"zxx\">Privolitev<\/p>\n<p lang=\"zxx\">Z uporabo spletne trgovine uporabnik sogla\u0161a z na\u010dini uporabe podatkov, ki so opisani v izjavi o zbiranju osebnih podatkov.<\/p>\n<p lang=\"zxx\">Z registracijo v spletno trgovino uporabnik dovoljuje, da Micronatura d.o.o., Visoko kot upravljavec zbirke osebnih podatkov vse posredovane podatke s strani uporabnika in podatke o vsebini nakupov zbira in obdeluje v skladu z zakonom, ki ureja podro\u010dje varstva osebnih podatkov.<\/p>\n<p lang=\"zxx\">Ponudnik se zavezuje, da bo va\u0161e osebne podatke in ostale podatke, zbrane v postopku registracije, varoval v skladu z zakonom, ki ureja podro\u010dje varstva osebnih podatkov, \u0161\u010ditil pred razkritjem in posredovanjem tretjim osebam ter jih bo uporabil izklju\u010dno za potrebe izpolnitve naro\u010dila, izstavitve ra\u010duna in re\u0161evanja morebitnih reklamacij ter ostalo potrebno komunikacijo. Ponudnik se zavezuje tudi k trajnemu varovanju vseh osebnih podatkov uporabnika.<\/p>\n<p lang=\"zxx\">Za varovanje osebnih podatkov je odgovoren tudi uporabnik sam, in sicer tako, da poskrbi za varnost svojega uporabni\u0161kega imena in gesla.<\/p>\n<p lang=\"zxx\">Zbiranje osebnih podatkov<\/p>\n<p lang=\"zxx\">Obisk spletne strani<\/p>\n<p lang=\"zxx\">Pri obisku spletne strani podjetje Micronatura d.o.o., Visokona spletnem stre\u017eniku, kjer gostuje, bele\u017ei dolo\u010dene podatke o obisku spletnih strani, IP \u0161tevilka, verzija brskalnika, \u010das obiska in naslovi spletnih mest, ki ste jih obiskali v na\u0161i spletni trgovini. Tako zbranih podatkov Micronatura d.o.o., Visoko ne obdeluje in jih ne povezuje z drugimi podatki, uporablja izklju\u010dno za izra\u010dun splo\u0161ne statistike o uporabi spletne trgovine in optimizacijo.<\/p>\n<p lang=\"zxx\">Naro\u010danje na elektronske novice (e-novice)<\/p>\n<p lang=\"zxx\">Pri naro\u010danju na elektronske novice nam posredujete ime in elektronski naslov, kar zbiramo izklju\u010dno za posredovanje elektronskih novic. Podatek zbiramo do odjave na elektronske novice. Od prejemanja novic se lahko kadarkoli odjavite, in sicer tako, da v prejetem elektronskem sporo\u010dilu kliknete na ozna\u010deno povezavo za odjavo.<\/p>\n<p lang=\"zxx\">Ob izpolnjevanju obrazca za prijavo na elektronske novice ozna\u010dite, da sogla\u0161ate, da Micronatura d.o.o., Visoko va\u0161 naslov elektronske po\u0161te uporablja za namene obve\u0161\u010danja o novicah, ter da se lahko iz sistema sporo\u010dil kadarkoli izpi\u0161ete. To storite tako, da v poslanem elektronskem sporo\u010dilu kliknete na ozna\u010deno povezavo ali odjavo uredite na spletni strani. \u010ce ne boste ozna\u010dili, da z navedenim sogla\u0161ate, Micronatura d.o.o., Visoko ne bo po\u0161iljalo obvestil na va\u0161 elektronski naslov, niti ne bo zbiral ali obdeloval va\u0161ega naslova elektronske po\u0161te. Micronatura d.o.o., Visoko namre\u010d za prijavo na novice uporablja strogi sistem predhodne odobritve uporabe elektronskega naslova (t. i. opt-in), kar pomeni, da po\u0161ilja elektronsko po\u0161to zgolj osebam, ki se izrecno strinjajo, da \u017eelijo prejemati elektronska obvestila.<\/p>\n<p lang=\"zxx\">Spletna trgovina<\/p>\n<p lang=\"zxx\">Za nakupovanje v spletni trgovini se mora uporabnik registrirati. Pri registraciji mora uporabnik vnesti osebne podatke oziroma podatke o pravni osebi. Uporabnik mora vnesti podatke za osebni ra\u010dun, podatke za pla\u010dilo in podatke za dostavo. Za to\u010dnost podatkov, ki jih vnese uporabnik, ne odgovarjamo.<\/p>\n<p lang=\"zxx\">Podatki za osebni ra\u010dun, potrebni ob registraciji:<\/p>\n<p lang=\"zxx\">\n<\/p><ul>\n<li>Ime(*)<\/li>\n<li>Priimek(*)<\/li>\n<li>E-po\u0161tni naslov (*) (Naslov mora biti veljaven, saj boste nanj prejeli podatke o registraciji. Prav tako boste nanje prejeli novo geslo v kolikor bi pozabili obstoje\u010de)<\/li>\n<li>Osebno geslo(*) (Geslo si izmislite sami. Zaradi za\u0161\u010dite podatkov naj geslo vsebuje tudi \u0161tevilke in znake)<\/li>\n<li>Ponovitev gesla(*)<\/li>\n<li>Telefon(*)<\/li>\n<li>ID \u0161t. za DDV (velja za pravne osebe)<\/li>\n<li>Po\u0161iljanje e-po\u0161te(*) (Ozna\u010dite ali \u017eelite prejemati elektronske novice,\u2026). V kolikor ne boste izrecno izbrali zahteve za po\u0161iljanje, vam elektronskih novic (o novostih\u2026) ne bomo po\u0161iljali.<\/li>\n<\/ul>\n<p lang=\"zxx\">Podatki za pla\u010dilo in dostavo<\/p>\n<p lang=\"zxx\">\n<\/p><ul>\n<li><span style=\"font-style: inherit; font-family: var( --e-global-typography-primary-font-family ), Sans-serif; background-color: var(--ast-global-color-5); color: var(--ast-global-color-3);\">Ime(*)<\/span><\/li>\n<li>Priimek(*)<\/li>\n<li>Telefon(*)<\/li>\n<li><span style=\"font-style: inherit; font-family: var( --e-global-typography-primary-font-family ), Sans-serif; background-color: var(--ast-global-color-5); color: var(--ast-global-color-3);\">Ime podjetja<\/span><\/li>\n<li><span style=\"font-style: inherit; font-family: var( --e-global-typography-primary-font-family ), Sans-serif; background-color: var(--ast-global-color-5); color: var(--ast-global-color-3);\">Vrsta naslova<\/span><br><\/li>\n<li><span style=\"font-style: inherit; font-family: var( --e-global-typography-primary-font-family ), Sans-serif; background-color: var(--ast-global-color-5); color: var(--ast-global-color-3);\">Naslov 1(*)<\/span><\/li>\n<li>Naslov 2<\/li>\n<li>Mesto(*)<\/li>\n<li>Dr\u017eava(*)<\/li>\n<li>Pokrajina(*)<\/li>\n<li>Po\u0161tna \u0161tevilka(*)<\/li>\n<\/ul>\n<p lang=\"zxx\">Polja za vnos podatkov o dostavi so enaka kot pri podatkih za pla\u010dilo. Podatki za dostavo se lahko razlikujejo od podatkov za pla\u010dilo, lahko pa ozna\u010dite, da \u017eelite uporabiti enake podatke kot pri podatkih za pla\u010dilo.<\/p>\n<p lang=\"zxx\">Zgoraj navedena podatke zbiramo izklju\u010dno za zagotavljanje in izvedbo va\u0161ega nakupa in storitve dostave, ki jih imamo z na\u0161i pogodbenim partnerjem za dostavo.<\/p>\n<p lang=\"zxx\">Sprememba osebnih podatkov oziroma va\u0161e pravice<\/p>\n<p lang=\"zxx\">Uporabnik lahko kadarkoli spremeni svoje osebne podatke, naslov za dostavo in pla\u010dilo. To stori tako, da se prijavi v spletno trgovino in izbere mo\u017enost Moj ra\u010dun. Na ta na\u010din dostopate do va\u0161ih podatkov in jih poljubno spremenite. Pravico pa imate tudi do izbrisa podatkov oziroma izbrisa registracije. V tem primeru bomo izbrisali podatke o registraciji, ohranili pa bomo le podatke va\u0161ega naro\u010dila \/ nakupa, ki jih potrebujemo skladno z Zakonom o davku na dodano vrednost in se hranijo 10 let.<\/p>\n<p lang=\"zxx\">Uporaba osebnih podatkov<\/p>\n<p lang=\"zxx\">Micronatura d.o.o., Visoko zbira podatke v spletni trgovini z namenom zagotoviti pravilno delovanje spletne trgovine ter nudenje zahtevanih storitev. Va\u0161i osebni podatki v nobenem primeru ne bodo posredovani tretjim osebam, razen v primeru izvedbe storitve dostave, ki jo za nas izvaja na\u0161 pogodbeni izvajalec.<\/p>\n<p lang=\"zxx\">Na elektronskem naslovu info@micronatura.si lahko na va\u0161o zahtevo v skladu z veljavno zakonodajo, dobite informacijo glede podatkov, ki se nana\u0161ajo na vas.<\/p>\n<p lang=\"zxx\">Podjetje Micronatura d.o.o., Visoko se zavezuje, da bo varovalo zaupnost osebnih podatkov uporabnikov spletnega mesta. Zbrane podatke bomo uporabili zgolj za namene, za katere jih bodo posredovali uporabniki spletnega mesta.<\/p>\n<p lang=\"zxx\">Osebnih in kontaktnih podatkov ne bomo uporabljali v druge namene ter jih brez izrecnega dovoljenja ne bomo uporabljali v druge namene ter tretjim osebam. Storili bomo ve, da va\u0161e osebne podatke za\u0161\u010ditimo pred kakr\u0161nimi koli kr\u0161itvami in zlorabami. V primeru spora imate pravico vlo\u017eiti ugovor na info@micronatura.si ter prito\u017ebo pri informacijskemu poobla\u0161\u010dencu.<\/p>\n<p lang=\"zxx\">Za vsa vpra\u0161anja se lahko obrnete na info@micronatura.si.<\/p>\n<p lang=\"zxx\">Datum zadnje posodobitve: 16.12.2023<\/p>\n<p lang=\"zxx\">\n<\/p><p><!-- \/wp:paragraph --><\/p>\t\t\t\t\t\t<\/div>\n\t\t\t\t<\/div>\n\t\t\t\t\t<\/div>\n\t\t<\/div>\n\t\t\t\t\t<\/div>\n\t\t<\/section>\n\t\t\t\t<\/div>\n\t\t","protected":false},"excerpt":{"rendered":"<p>Lastnik (zbiratelj podatkov) spletne trgovine je: Micronatura, tehnologija EM d.o.o. Milje 4, 4212 Visoko Mail: info@micronatura.si Varovanje osebnih podatkov \/ obvestilo o zasebnosti Varovanje osebnih podatkov Lastnik (zbiratelj podatkov) spletne trgovine je:&nbsp;Micronatura, tehnologija EM d.o.o., Visoko. Micronatura, tehnologija EM d.o.o.,&nbsp;Visoko se zavezuje, da bo \u0161\u010ditila zasebnost uporabnikov spletne trgovine in razvijala tehnologijo, ki omogo\u010da varno [&hellip;]<\/p>\n","protected":false},"author":1,"featured_media":0,"parent":0,"menu_order":0,"comment_status":"closed","ping_status":"closed","template":"","meta":{"site-sidebar-layout":"default","site-content-layout":"","ast-site-content-layout":"","site-content-style":"default","site-sidebar-style":"default","ast-global-header-display":"","ast-banner-title-visibility":"","ast-main-header-display":"","ast-hfb-above-header-display":"","ast-hfb-below-header-display":"","ast-hfb-mobile-header-display":"","site-post-title":"","ast-breadcrumbs-content":"","ast-featured-img":"","footer-sml-layout":"","theme-transparent-header-meta":"","adv-header-id-meta":"","stick-header-meta":"","header-above-stick-meta":"","header-main-stick-meta":"","header-below-stick-meta":"","astra-migrate-meta-layouts":"default","ast-page-background-enabled":"default","ast-page-background-meta":{"desktop":{"background-color":"","background-image":"","background-repeat":"repeat","background-position":"center center","background-size":"auto","background-attachment":"scroll","background-type":"","background-media":"","overlay-type":"","overlay-color":"","overlay-gradient":""},"tablet":{"background-color":"","background-image":"","background-repeat":"repeat","background-position":"center center","background-size":"auto","background-attachment":"scroll","background-type":"","background-media":"","overlay-type":"","overlay-color":"","overlay-gradient":""},"mobile":{"background-color":"","background-image":"","background-repeat":"repeat","background-position":"center center","background-size":"auto","background-attachment":"scroll","background-type":"","background-media":"","overlay-type":"","overlay-color":"","overlay-gradient":""}},"ast-content-background-meta":{"desktop":{"background-color":"var(--ast-global-color-5)","background-image":"","background-repeat":"repeat","background-position":"center center","background-size":"auto","background-attachment":"scroll","background-type":"","background-media":"","overlay-type":"","overlay-color":"","overlay-gradient":""},"tablet":{"background-color":"var(--ast-global-color-5)","background-image":"","background-repeat":"repeat","background-position":"center center","background-size":"auto","background-attachment":"scroll","background-type":"","background-media":"","overlay-type":"","overlay-color":"","overlay-gradient":""},"mobile":{"background-color":"var(--ast-global-color-5)","background-image":"","background-repeat":"repeat","background-position":"center center","background-size":"auto","background-attachment":"scroll","background-type":"","background-media":"","overlay-type":"","overlay-color":"","overlay-gradient":""}},"footnotes":""},"aioseo_notices":[],"_links":{"self":[{"href":"https:\/\/www.micronatura.si\/index.php?rest_route=\/wp\/v2\/pages\/14"}],"collection":[{"href":"https:\/\/www.micronatura.si\/index.php?rest_route=\/wp\/v2\/pages"}],"about":[{"href":"https:\/\/www.micronatura.si\/index.php?rest_route=\/wp\/v2\/types\/page"}],"author":[{"embeddable":true,"href":"https:\/\/www.micronatura.si\/index.php?rest_route=\/wp\/v2\/users\/1"}],"replies":[{"embeddable":true,"href":"https:\/\/www.micronatura.si\/index.php?rest_route=%2Fwp%2Fv2%2Fcomments&post=14"}],"version-history":[{"count":11,"href":"https:\/\/www.micronatura.si\/index.php?rest_route=\/wp\/v2\/pages\/14\/revisions"}],"predecessor-version":[{"id":8224,"href":"https:\/\/www.micronatura.si\/index.php?rest_route=\/wp\/v2\/pages\/14\/revisions\/8224"}],"wp:attachment":[{"href":"https:\/\/www.micronatura.si\/index.php?rest_route=%2Fwp%2Fv2%2Fmedia&parent=14"}],"curies":[{"name":"wp","href":"https:\/\/api.w.org\/{rel}","templated":true}]}}