{"id":5099,"date":"2022-05-04T13:33:49","date_gmt":"2022-05-04T13:33:49","guid":{"rendered":"http:\/\/dev.micronatura.si\/?page_id=5099"},"modified":"2023-12-16T12:23:08","modified_gmt":"2023-12-16T11:23:08","slug":"informacije-o-dostavi","status":"publish","type":"page","link":"https:\/\/www.micronatura.si\/?page_id=5099","title":{"rendered":"Informacije o dostavi"},"content":{"rendered":"\t\t<div data-elementor-type=\"wp-page\" data-elementor-id=\"5099\" class=\"elementor elementor-5099\">\n\t\t\t\t\t\t<section class=\"elementor-section elementor-top-section elementor-element elementor-element-77dd1cb elementor-section-boxed elementor-section-height-default elementor-section-height-default\" data-id=\"77dd1cb\" data-element_type=\"section\">\n\t\t\t\t\t\t<div class=\"elementor-container elementor-column-gap-default\">\n\t\t\t\t\t<div class=\"elementor-column elementor-col-100 elementor-top-column elementor-element elementor-element-a054d8f\" data-id=\"a054d8f\" data-element_type=\"column\">\n\t\t\t<div class=\"elementor-widget-wrap elementor-element-populated\">\n\t\t\t\t\t\t<div class=\"elementor-element elementor-element-5117163 elementor-widget elementor-widget-heading\" data-id=\"5117163\" data-element_type=\"widget\" data-widget_type=\"heading.default\">\n\t\t\t\t<div class=\"elementor-widget-container\">\n\t\t\t<h3 class=\"elementor-heading-title elementor-size-default\">Informacije o dostavi<\/h3>\t\t<\/div>\n\t\t\t\t<\/div>\n\t\t\t\t<div class=\"elementor-element elementor-element-097aefb elementor-widget elementor-widget-text-editor\" data-id=\"097aefb\" data-element_type=\"widget\" data-widget_type=\"text-editor.default\">\n\t\t\t\t<div class=\"elementor-widget-container\">\n\t\t\t\t\t\t\t<p lang=\"zxx\">Ponudnik bo blago oziroma storitev dostavil v razumnem &#8211; najkraj\u0161em mo\u017enem roku.<\/p>\n<p lang=\"zxx\">Pogodbeni partner za dostavo po\u0161iljk je GLS, vendar si ponudnik pridr\u017euje pravico izbrati drugo dostavno slu\u017ebo, \u010de bo s tem lahko naro\u010dilo izpolnil bolj u\u010dinkovito.<\/p>\n<p lang=\"zxx\">Na ra\u010dunu, ki je prilo\u017een poslanemu artiklu, oziroma poslan po elektronski po\u0161ti, so vse potrebne informacije glede naslova, na katerega kupec lahko vrne artikel in informacije glede garancij ter servisov oziroma drugih storitev po zaklju\u010dku pogodbe.<\/p>\t\t\t\t\t\t<\/div>\n\t\t\t\t<\/div>\n\t\t\t\t\t<\/div>\n\t\t<\/div>\n\t\t\t\t\t<\/div>\n\t\t<\/section>\n\t\t\t\t<\/div>\n\t\t","protected":false},"excerpt":{"rendered":"<p>Informacije o dostavi Ponudnik bo blago oziroma storitev dostavil v razumnem &#8211; najkraj\u0161em mo\u017enem roku. Pogodbeni partner za dostavo po\u0161iljk je GLS, vendar si ponudnik pridr\u017euje pravico izbrati drugo dostavno slu\u017ebo, \u010de bo s tem lahko naro\u010dilo izpolnil bolj u\u010dinkovito. Na ra\u010dunu, ki je prilo\u017een poslanemu artiklu, oziroma poslan po elektronski po\u0161ti, so vse potrebne [&hellip;]<\/p>\n","protected":false},"author":2,"featured_media":0,"parent":0,"menu_order":0,"comment_status":"closed","ping_status":"closed","template":"","meta":{"site-sidebar-layout":"no-sidebar","site-content-layout":"page-builder","ast-site-content-layout":"","site-content-style":"default","site-sidebar-style":"default","ast-global-header-display":"","ast-banner-title-visibility":"","ast-main-header-display":"","ast-hfb-above-header-display":"","ast-hfb-below-header-display":"","ast-hfb-mobile-header-display":"","site-post-title":"disabled","ast-breadcrumbs-content":"","ast-featured-img":"disabled","footer-sml-layout":"","theme-transparent-header-meta":"","adv-header-id-meta":"","stick-header-meta":"","header-above-stick-meta":"","header-main-stick-meta":"","header-below-stick-meta":"","astra-migrate-meta-layouts":"default","ast-page-background-enabled":"default","ast-page-background-meta":{"desktop":{"background-color":"","background-image":"","background-repeat":"repeat","background-position":"center center","background-size":"auto","background-attachment":"scroll","background-type":"","background-media":"","overlay-type":"","overlay-color":"","overlay-gradient":""},"tablet":{"background-color":"","background-image":"","background-repeat":"repeat","background-position":"center center","background-size":"auto","background-attachment":"scroll","background-type":"","background-media":"","overlay-type":"","overlay-color":"","overlay-gradient":""},"mobile":{"background-color":"","background-image":"","background-repeat":"repeat","background-position":"center center","background-size":"auto","background-attachment":"scroll","background-type":"","background-media":"","overlay-type":"","overlay-color":"","overlay-gradient":""}},"ast-content-background-meta":{"desktop":{"background-color":"var(--ast-global-color-5)","background-image":"","background-repeat":"repeat","background-position":"center center","background-size":"auto","background-attachment":"scroll","background-type":"","background-media":"","overlay-type":"","overlay-color":"","overlay-gradient":""},"tablet":{"background-color":"var(--ast-global-color-5)","background-image":"","background-repeat":"repeat","background-position":"center center","background-size":"auto","background-attachment":"scroll","background-type":"","background-media":"","overlay-type":"","overlay-color":"","overlay-gradient":""},"mobile":{"background-color":"var(--ast-global-color-5)","background-image":"","background-repeat":"repeat","background-position":"center center","background-size":"auto","background-attachment":"scroll","background-type":"","background-media":"","overlay-type":"","overlay-color":"","overlay-gradient":""}},"footnotes":""},"aioseo_notices":[],"_links":{"self":[{"href":"https:\/\/www.micronatura.si\/index.php?rest_route=\/wp\/v2\/pages\/5099"}],"collection":[{"href":"https:\/\/www.micronatura.si\/index.php?rest_route=\/wp\/v2\/pages"}],"about":[{"href":"https:\/\/www.micronatura.si\/index.php?rest_route=\/wp\/v2\/types\/page"}],"author":[{"embeddable":true,"href":"https:\/\/www.micronatura.si\/index.php?rest_route=\/wp\/v2\/users\/2"}],"replies":[{"embeddable":true,"href":"https:\/\/www.micronatura.si\/index.php?rest_route=%2Fwp%2Fv2%2Fcomments&post=5099"}],"version-history":[{"count":16,"href":"https:\/\/www.micronatura.si\/index.php?rest_route=\/wp\/v2\/pages\/5099\/revisions"}],"predecessor-version":[{"id":6840,"href":"https:\/\/www.micronatura.si\/index.php?rest_route=\/wp\/v2\/pages\/5099\/revisions\/6840"}],"wp:attachment":[{"href":"https:\/\/www.micronatura.si\/index.php?rest_route=%2Fwp%2Fv2%2Fmedia&parent=5099"}],"curies":[{"name":"wp","href":"https:\/\/api.w.org\/{rel}","templated":true}]}}