{"id":6388,"date":"2023-11-30T23:13:34","date_gmt":"2023-11-30T22:13:34","guid":{"rendered":"http:\/\/dev.micronatura.si\/?page_id=6388"},"modified":"2024-02-01T14:33:23","modified_gmt":"2024-02-01T13:33:23","slug":"vzgoja-zivali","status":"publish","type":"page","link":"https:\/\/www.micronatura.si\/?page_id=6388","title":{"rendered":"Vzgoja \u017eivali"},"content":{"rendered":"\t\t<div data-elementor-type=\"wp-page\" data-elementor-id=\"6388\" class=\"elementor elementor-6388\">\n\t\t\t\t\t\t<section class=\"elementor-section elementor-top-section elementor-element elementor-element-32b2654c elementor-section-height-min-height elementor-section-content-middle elementor-section-boxed elementor-section-height-default elementor-section-items-middle elementor-invisible\" data-id=\"32b2654c\" data-element_type=\"section\" data-settings=\"{&quot;background_background&quot;:&quot;classic&quot;,&quot;animation&quot;:&quot;fadeInDown&quot;}\" data-e-bg-lazyload=\"\">\n\t\t\t\t\t\t\t<div class=\"elementor-background-overlay\"><\/div>\n\t\t\t\t\t\t\t<div class=\"elementor-container elementor-column-gap-no\">\n\t\t\t\t\t<div class=\"elementor-column elementor-col-100 elementor-top-column elementor-element elementor-element-1e6ad2b8\" data-id=\"1e6ad2b8\" data-element_type=\"column\">\n\t\t\t<div class=\"elementor-widget-wrap elementor-element-populated\">\n\t\t\t\t\t\t<div class=\"elementor-element elementor-element-49dd2f28 elementor-widget__width-initial elementor-widget elementor-widget-heading\" data-id=\"49dd2f28\" data-element_type=\"widget\" data-widget_type=\"heading.default\">\n\t\t\t\t<div class=\"elementor-widget-container\">\n\t\t\t<style>\/*! elementor - v3.19.0 - 28-02-2024 *\/\n.elementor-heading-title{padding:0;margin:0;line-height:1}.elementor-widget-heading .elementor-heading-title[class*=elementor-size-]>a{color:inherit;font-size:inherit;line-height:inherit}.elementor-widget-heading .elementor-heading-title.elementor-size-small{font-size:15px}.elementor-widget-heading .elementor-heading-title.elementor-size-medium{font-size:19px}.elementor-widget-heading .elementor-heading-title.elementor-size-large{font-size:29px}.elementor-widget-heading .elementor-heading-title.elementor-size-xl{font-size:39px}.elementor-widget-heading .elementor-heading-title.elementor-size-xxl{font-size:59px}<\/style><h1 class=\"elementor-heading-title elementor-size-xl\">\u017divinoreja\n<\/h1>\t\t<\/div>\n\t\t\t\t<\/div>\n\t\t\t\t\t<\/div>\n\t\t<\/div>\n\t\t\t\t\t<\/div>\n\t\t<\/section>\n\t\t<div class=\"elementor-element elementor-element-735470b e-con-full e-flex elementor-invisible e-con e-parent\" data-id=\"735470b\" data-element_type=\"container\" data-settings=\"{&quot;content_width&quot;:&quot;full&quot;,&quot;animation&quot;:&quot;fadeInLeft&quot;,&quot;container_type&quot;:&quot;flex&quot;}\" data-core-v316-plus=\"true\">\n\t\t<div class=\"elementor-element elementor-element-a5c71b2 e-con-full e-flex e-con e-child\" data-id=\"a5c71b2\" data-element_type=\"container\" data-settings=\"{&quot;content_width&quot;:&quot;full&quot;,&quot;container_type&quot;:&quot;flex&quot;}\">\n\t\t\t\t<div class=\"elementor-element elementor-element-0da47f2 elementor-widget elementor-widget-heading\" data-id=\"0da47f2\" data-element_type=\"widget\" data-e-bg-lazyload=\".elementor-widget-container\" data-widget_type=\"heading.default\">\n\t\t\t\t<div class=\"elementor-widget-container\">\n\t\t\t<h3 class=\"elementor-heading-title elementor-size-default\"><a href=\"http:\/\/www.micronatura.si\/?page_id=6988\">Vzreja govedi<\/a><\/h3>\t\t<\/div>\n\t\t\t\t<\/div>\n\t\t\t\t<\/div>\n\t\t<div class=\"elementor-element elementor-element-1c1b7ef e-con-full e-flex e-con e-child\" data-id=\"1c1b7ef\" data-element_type=\"container\" data-settings=\"{&quot;content_width&quot;:&quot;full&quot;,&quot;container_type&quot;:&quot;flex&quot;}\">\n\t\t\t\t<div class=\"elementor-element elementor-element-94285ba elementor-widget elementor-widget-heading\" data-id=\"94285ba\" data-element_type=\"widget\" data-e-bg-lazyload=\".elementor-widget-container\" data-widget_type=\"heading.default\">\n\t\t\t\t<div class=\"elementor-widget-container\">\n\t\t\t<h3 class=\"elementor-heading-title elementor-size-default\"><a href=\"http:\/\/www.micronatura.si\/?page_id=7025\">Vzreja perutnine<\/a><\/h3>\t\t<\/div>\n\t\t\t\t<\/div>\n\t\t\t\t<\/div>\n\t\t<div class=\"elementor-element elementor-element-e822761 e-con-full e-flex e-con e-child\" data-id=\"e822761\" data-element_type=\"container\" data-settings=\"{&quot;content_width&quot;:&quot;full&quot;,&quot;container_type&quot;:&quot;flex&quot;}\">\n\t\t\t\t<div class=\"elementor-element elementor-element-d0e3529 elementor-widget elementor-widget-heading\" data-id=\"d0e3529\" data-element_type=\"widget\" data-e-bg-lazyload=\".elementor-widget-container\" data-widget_type=\"heading.default\">\n\t\t\t\t<div class=\"elementor-widget-container\">\n\t\t\t<h3 class=\"elementor-heading-title elementor-size-default\"><a href=\"http:\/\/www.micronatura.si\/?page_id=7055\">Vzreja pra\u0161i\u010dev<\/a><\/h3>\t\t<\/div>\n\t\t\t\t<\/div>\n\t\t\t\t<\/div>\n\t\t\t\t<\/div>\n\t\t<div class=\"elementor-element elementor-element-0059ade e-con-full e-flex e-con e-parent\" data-id=\"0059ade\" data-element_type=\"container\" data-settings=\"{&quot;content_width&quot;:&quot;full&quot;,&quot;container_type&quot;:&quot;flex&quot;}\" data-core-v316-plus=\"true\">\n\t\t<div class=\"elementor-element elementor-element-1d8a250 e-flex e-con-boxed e-con e-child\" data-id=\"1d8a250\" data-element_type=\"container\" data-settings=\"{&quot;container_type&quot;:&quot;flex&quot;,&quot;content_width&quot;:&quot;boxed&quot;}\">\n\t\t\t\t\t<div class=\"e-con-inner\">\n\t\t<div class=\"elementor-element elementor-element-763e47e e-con-full e-flex e-con e-child\" data-id=\"763e47e\" data-element_type=\"container\" data-settings=\"{&quot;content_width&quot;:&quot;full&quot;,&quot;container_type&quot;:&quot;flex&quot;}\">\n\t\t\t\t<div class=\"elementor-element elementor-element-8d6df1c elementor-widget elementor-widget-text-editor\" data-id=\"8d6df1c\" data-element_type=\"widget\" data-widget_type=\"text-editor.default\">\n\t\t\t\t<div class=\"elementor-widget-container\">\n\t\t\t<style>\/*! elementor - v3.19.0 - 28-02-2024 *\/\n.elementor-widget-text-editor.elementor-drop-cap-view-stacked .elementor-drop-cap{background-color:#69727d;color:#fff}.elementor-widget-text-editor.elementor-drop-cap-view-framed .elementor-drop-cap{color:#69727d;border:3px solid;background-color:transparent}.elementor-widget-text-editor:not(.elementor-drop-cap-view-default) .elementor-drop-cap{margin-top:8px}.elementor-widget-text-editor:not(.elementor-drop-cap-view-default) .elementor-drop-cap-letter{width:1em;height:1em}.elementor-widget-text-editor .elementor-drop-cap{float:left;text-align:center;line-height:1;font-size:50px}.elementor-widget-text-editor .elementor-drop-cap-letter{display:inline-block}<\/style>\t\t\t\t<h3 style=\"text-align: left;\">PROBIOTI\u010cNI KRMNI DODATEK &#8211; EM ZOO:<\/h3>\n<p>Probiotike v krmo dodajamo za stabilizacijo presnove in za\u0161\u010dito \u017eivali pred napakami v osnovni krmi ter okolju. Presnova je tesno povezana z imunskim sistemom in \u0161e kako je pomembno, da deluje optimalno. Probiotiki, ki jih dodajamo, imajo dokazane pozitivne u\u010dinke na \u017eivali, kot so ni\u017eji stres, manj\u0161a pojavnost ketoz, metroz, acedoz ter mastitisov pri kravah, manj\u0161e potrebe po kokcidostatikih pri perutnini. Eden od zna\u010dilnih vplivov je prav stres, saj se raven stresnega hormona kortizol zni\u017ea. Manj stresa pa ima zopet pozitiven u\u010dinek na imunski sistem. Probiotiki na osnovi EM\u00ae Tehnologije u\u010dinkovito \u0161\u010ditijo \u017eivali pred toksini, saj jim ne dovolijo, da bi prehajali v kri. Pomembno je tudi omeniti za\u0161\u010dito jeter in s tem povezanimi obolenji.<\/p>\n<p>UPORABA: Uporabljamo&nbsp;<a href=\"http:\/\/www.micronatura.si\/?product=em-zoo-za-zivali\" target=\"_blank\" rel=\"noopener\">EM ZOO<\/a><br>Splo\u0161no: 0,2-0,7% na SS v krmi<br>Svinje: 30-50ml\/dan, pra\u0161i\u010dki 20ml\/dan, pra\u0161i\u010di 2-5l\/tono krme.<br>Krave: prvi mesec 100ml nato 50ml\/dan<br>Teleta: prvi mesec 70ml\/dan nato 35ml\/dan<br>Odrasli konji: 40ml\/dan, \u017erebeta: 20ml\/dan<\/p>\n<h3>SILIRNI DODATEK:<\/h3>\n<p>EM\u00ae kot silirni dodatek je izjemno mo\u010dno in u\u010dinkovito orodje za dosego vrhunske sila\u017ee, z dominacijo mle\u010dne in ocetne kisline. Maslena kislina ni prisotna. Za dosego takega rezultata mora biti sila\u017ea predvsem dobro potla\u010dena in zrakotesno zaprta. Uporabljamo ga tako za siliranje trav, detelj, \u017eit, koruze, kot tudi soje. Taka sila\u017ea je hkrati dobro je\u0161\u010dna in v njej ne nastajajo toksini.<br>UPORABA: 1l <a href=\"http:\/\/www.micronatura.si\/?product=em-zoo-za-zivali\">EM ZOO<\/a> na 4tone mase (koruza), ki pa ga je potrebno \u010dim bolje razporediti po celotni masi. Pri koruzi lahko uporabimo manj, pi deteljah pa ve\u010d (0,5l\/t).<\/p>\n<h3>&nbsp;<\/h3>\t\t\t\t\t\t<\/div>\n\t\t\t\t<\/div>\n\t\t\t\t<\/div>\n\t\t<div class=\"elementor-element elementor-element-4b4a16e e-con-full e-flex e-con e-child\" data-id=\"4b4a16e\" data-element_type=\"container\" data-settings=\"{&quot;content_width&quot;:&quot;full&quot;,&quot;container_type&quot;:&quot;flex&quot;}\">\n\t\t\t\t<div class=\"elementor-element elementor-element-b6706f7 elementor-widget elementor-widget-text-editor\" data-id=\"b6706f7\" data-element_type=\"widget\" data-widget_type=\"text-editor.default\">\n\t\t\t\t<div class=\"elementor-widget-container\">\n\t\t\t\t\t\t\t<h3>Prednosti<\/h3><ul><li style=\"text-align: left;\">\u0161\u010diti pred napakami v osnovni krmi,<\/li><li style=\"text-align: left;\">je v \u017eivi obliki in takoj deluje,<\/li><li style=\"text-align: left;\">\u0161\u010diti jetra, zni\u017euje stres in \u0161\u010diti pred toksini,<\/li><li style=\"text-align: left;\">u\u010dinkovit proti E. Coli in S. Aureus,<\/li><li style=\"text-align: left;\">eliminacija amonijaka in neprijettnih vonjav,<\/li><li style=\"text-align: left;\">fermentacija gnojevke<\/li><\/ul>\t\t\t\t\t\t<\/div>\n\t\t\t\t<\/div>\n\t\t\t\t<div class=\"elementor-element elementor-element-b6e3c49 elementor-widget__width-initial elementor-widget elementor-widget-image\" data-id=\"b6e3c49\" data-element_type=\"widget\" data-widget_type=\"image.default\">\n\t\t\t\t<div class=\"elementor-widget-container\">\n\t\t\t<style>\/*! elementor - v3.19.0 - 28-02-2024 *\/\n.elementor-widget-image{text-align:center}.elementor-widget-image a{display:inline-block}.elementor-widget-image a img[src$=\".svg\"]{width:48px}.elementor-widget-image img{vertical-align:middle;display:inline-block}<\/style>\t\t\t\t\t\t\t\t\t\t<img fetchpriority=\"high\" decoding=\"async\" width=\"1024\" height=\"683\" src=\"https:\/\/www.micronatura.si\/wp-content\/uploads\/2023\/12\/pujsi-1024x683.jpg\" class=\"attachment-large size-large wp-image-7059\" alt=\"\" srcset=\"https:\/\/www.micronatura.si\/wp-content\/uploads\/2023\/12\/pujsi-1024x683.jpg 1024w, https:\/\/www.micronatura.si\/wp-content\/uploads\/2023\/12\/pujsi-300x200.jpg 300w, https:\/\/www.micronatura.si\/wp-content\/uploads\/2023\/12\/pujsi-768x512.jpg 768w, https:\/\/www.micronatura.si\/wp-content\/uploads\/2023\/12\/pujsi-1536x1025.jpg 1536w, https:\/\/www.micronatura.si\/wp-content\/uploads\/2023\/12\/pujsi-600x400.jpg 600w, https:\/\/www.micronatura.si\/wp-content\/uploads\/2023\/12\/pujsi.jpg 1568w\" sizes=\"(max-width: 1024px) 100vw, 1024px\" \/>\t\t\t\t\t\t\t\t\t\t\t\t\t<\/div>\n\t\t\t\t<\/div>\n\t\t\t\t<div class=\"elementor-element elementor-element-6aa9566 elementor-widget elementor-widget-text-editor\" data-id=\"6aa9566\" data-element_type=\"widget\" data-widget_type=\"text-editor.default\">\n\t\t\t\t<div class=\"elementor-widget-container\">\n\t\t\t\t\t\t\t<h3><span style=\"font-style: inherit; font-weight: inherit;\">Uporaba<\/span><\/h3><ul><li style=\"text-align: left;\"><span style=\"font-style: inherit; font-weight: inherit;\">kot krmni dodatek &#8211; probiotik,<\/span><\/li><li style=\"text-align: left;\"><span style=\"font-style: inherit; font-weight: inherit;\">kot silirni dodatek,<\/span><\/li><li style=\"text-align: left;\"><span style=\"font-style: inherit; font-weight: inherit;\">eliminacija amonijaka,<\/span><\/li><li style=\"text-align: left;\"><span style=\"font-style: inherit; font-weight: inherit;\">fermentacija gnojevke in gnoja,<\/span><\/li><li style=\"text-align: left;\"><span style=\"font-style: inherit; font-weight: inherit;\">manj muh,<\/span><\/li><li style=\"text-align: left;\"><span style=\"font-style: inherit; font-weight: inherit;\">dezinfekcija<\/span><\/li><\/ul>\t\t\t\t\t\t<\/div>\n\t\t\t\t<\/div>\n\t\t\t\t<\/div>\n\t\t<div class=\"elementor-element elementor-element-28852f3 e-con-full e-flex e-con e-child\" data-id=\"28852f3\" data-element_type=\"container\" data-settings=\"{&quot;content_width&quot;:&quot;full&quot;,&quot;container_type&quot;:&quot;flex&quot;}\">\n\t\t\t\t<div class=\"elementor-element elementor-element-9c01c4d elementor-widget elementor-widget-text-editor\" data-id=\"9c01c4d\" data-element_type=\"widget\" data-widget_type=\"text-editor.default\">\n\t\t\t\t<div class=\"elementor-widget-container\">\n\t\t\t\t\t\t\t<p style=\"text-align: left;\">Naprava za \u0161kropljenje (megljenje) naj bo enostavna za uporabo in vzdr\u017eevanje. Priporo\u010damo uporabo naprav, primernih glede na velikost svinjaka.\u00a0Uporabljate lahko ro\u010dne \u0161kropilnice ali stropne \u0161obe.<\/p>\t\t\t\t\t\t<\/div>\n\t\t\t\t<\/div>\n\t\t\t\t<div class=\"elementor-element elementor-element-f656988 elementor-widget elementor-widget-image\" data-id=\"f656988\" data-element_type=\"widget\" data-widget_type=\"image.default\">\n\t\t\t\t<div class=\"elementor-widget-container\">\n\t\t\t\t\t\t\t\t\t\t\t\t\t<img decoding=\"async\" width=\"1024\" height=\"1024\" src=\"https:\/\/www.micronatura.si\/wp-content\/uploads\/2023\/12\/kokos-1024x1024.jpg\" class=\"attachment-large size-large wp-image-7027\" alt=\"\" srcset=\"https:\/\/www.micronatura.si\/wp-content\/uploads\/2023\/12\/kokos-1024x1024.jpg 1024w, https:\/\/www.micronatura.si\/wp-content\/uploads\/2023\/12\/kokos-300x300.jpg 300w, https:\/\/www.micronatura.si\/wp-content\/uploads\/2023\/12\/kokos-150x150.jpg 150w, https:\/\/www.micronatura.si\/wp-content\/uploads\/2023\/12\/kokos-768x768.jpg 768w, https:\/\/www.micronatura.si\/wp-content\/uploads\/2023\/12\/kokos-1536x1536.jpg 1536w, https:\/\/www.micronatura.si\/wp-content\/uploads\/2023\/12\/kokos-600x600.jpg 600w, https:\/\/www.micronatura.si\/wp-content\/uploads\/2023\/12\/kokos-100x100.jpg 100w, https:\/\/www.micronatura.si\/wp-content\/uploads\/2023\/12\/kokos.jpg 1568w\" sizes=\"(max-width: 1024px) 100vw, 1024px\" \/>\t\t\t\t\t\t\t\t\t\t\t\t\t<\/div>\n\t\t\t\t<\/div>\n\t\t\t\t<\/div>\n\t\t<div class=\"elementor-element elementor-element-4627fa5 e-con-full e-flex e-con e-child\" data-id=\"4627fa5\" data-element_type=\"container\" data-settings=\"{&quot;content_width&quot;:&quot;full&quot;,&quot;container_type&quot;:&quot;flex&quot;}\">\n\t\t\t\t<div class=\"elementor-element elementor-element-e9abc2b elementor-widget elementor-widget-text-editor\" data-id=\"e9abc2b\" data-element_type=\"widget\" data-widget_type=\"text-editor.default\">\n\t\t\t\t<div class=\"elementor-widget-container\">\n\t\t\t\t\t\t\t<h3 style=\"text-align: left;\">FERMENTACIJA GNOJEVKE\/GNOJA, ELIMINACIJA AMONIJAKA, MANJ MUH.<\/h3><p style=\"text-align: left;\">V \u017eivalskih gnojilih je dovolj neprebavljenih sladkorjev, da fermentacijski procesi lahko potekajo, \u010de je le mikrobna populacija ugodna. Taka masa se ne skorji in je ni potrebno me\u0161ati. Nastane odli\u010den vir hranil za tla, saj v izjemo hitrem \u010dasu na njivi ob prisotnosti talnih aerobnih mikroorganizmov humificira. Ni ve\u010d breme za tla ampak potencial, predvsem kadar \u017eelimo dvigniti humusno raven. Fermentacija, ki poteka generira velike koli\u010dine organskih kislin. Z njimi se ustvarjajo nizek pH, kar blokira encime oreaze in v fazi skladi\u0161\u010denja ne nastaja amonijak.Torej ohranjamo du\u0161uk. Ker ni amonijaka, je tudi muh manj, saj jih amonijak privablja, hkrati pa fermentacija zavira razvoj li\u010dink.<br \/>UPORABA: 1l <a href=\"http:\/\/www.micronatura.si\/?product=em-organo-active\">EM Organo Active<\/a> na 3m<sup>3<\/sup> gnojevke oz 1-2m<sup>3<\/sup> gnoja.<\/p><h3 style=\"text-align: left;\">KLIMA:<\/h3><p style=\"text-align: left;\">Z uporabo EM\u00ae v hlevu dose\u017eemo zdravo bivalno okolje, katero ima velik vpliv na zdravje \u017eivali. Dose\u017eemo manj spro\u0161\u010danja amonijaka in posledi\u010dno manj muh. V takem okolju se \u017eivali po\u010dutijo bolje in so manj \u017eiv\u010dne.<br \/>UPORABA: PR\u0160ENJE: razred\u010dimo 3l <a href=\"http:\/\/www.micronatura.si\/?product=em-zoo-za-zivali\">EM ZOO<\/a> na 100l vode, 3 krat tedensko. Dodajanje EM Bokashi v steljo.<\/p><h3 style=\"text-align: left;\">DEZINFEKCIJA:<\/h3><p style=\"text-align: left;\">V primeru, da moramo prostore dezinfecirati to lahko naredimo s pomo\u010djo EM\u00ae saj je u\u010dinkovit proti npr. E. Coli in S. Aureus. Lahko se uporabi tudi kot nadgradnja kemi\u010dne dezinfekcije. Z redno uporabo EM\u00ae se potrebe po dezinfekciji zmanj\u0161ajo.<br \/>UPORABA: 1l <a href=\"http:\/\/www.micronatura.si\/?product=em-white-apple\">EM White Apple<\/a> na 100m<sup>2<\/sup> povr\u0161ine.<\/p>\t\t\t\t\t\t<\/div>\n\t\t\t\t<\/div>\n\t\t\t\t<\/div>\n\t\t\t\t\t<\/div>\n\t\t\t\t<\/div>\n\t\t\t\t<\/div>\n\t\t\t\t<\/div>\n\t\t","protected":false},"excerpt":{"rendered":"<p>\u017divinoreja Vzreja govedi Vzreja perutnine Vzreja pra\u0161i\u010dev PROBIOTI\u010cNI KRMNI DODATEK &#8211; EM ZOO: Probiotike v krmo dodajamo za stabilizacijo presnove in za\u0161\u010dito \u017eivali pred napakami v osnovni krmi ter okolju. Presnova je tesno povezana z imunskim sistemom in \u0161e kako je pomembno, da deluje optimalno. Probiotiki, ki jih dodajamo, imajo dokazane pozitivne u\u010dinke na \u017eivali, [&hellip;]<\/p>\n","protected":false},"author":1,"featured_media":0,"parent":5513,"menu_order":0,"comment_status":"closed","ping_status":"closed","template":"","meta":{"site-sidebar-layout":"no-sidebar","site-content-layout":"page-builder","ast-site-content-layout":"","site-content-style":"default","site-sidebar-style":"default","ast-global-header-display":"","ast-banner-title-visibility":"","ast-main-header-display":"","ast-hfb-above-header-display":"","ast-hfb-below-header-display":"","ast-hfb-mobile-header-display":"","site-post-title":"disabled","ast-breadcrumbs-content":"","ast-featured-img":"disabled","footer-sml-layout":"","theme-transparent-header-meta":"","adv-header-id-meta":"","stick-header-meta":"","header-above-stick-meta":"","header-main-stick-meta":"","header-below-stick-meta":"","astra-migrate-meta-layouts":"default","ast-page-background-enabled":"default","ast-page-background-meta":{"desktop":{"background-color":"","background-image":"","background-repeat":"repeat","background-position":"center center","background-size":"auto","background-attachment":"scroll","background-type":"","background-media":"","overlay-type":"","overlay-color":"","overlay-gradient":""},"tablet":{"background-color":"","background-image":"","background-repeat":"repeat","background-position":"center center","background-size":"auto","background-attachment":"scroll","background-type":"","background-media":"","overlay-type":"","overlay-color":"","overlay-gradient":""},"mobile":{"background-color":"","background-image":"","background-repeat":"repeat","background-position":"center center","background-size":"auto","background-attachment":"scroll","background-type":"","background-media":"","overlay-type":"","overlay-color":"","overlay-gradient":""}},"ast-content-background-meta":{"desktop":{"background-color":"var(--ast-global-color-5)","background-image":"","background-repeat":"repeat","background-position":"center center","background-size":"auto","background-attachment":"scroll","background-type":"","background-media":"","overlay-type":"","overlay-color":"","overlay-gradient":""},"tablet":{"background-color":"var(--ast-global-color-5)","background-image":"","background-repeat":"repeat","background-position":"center center","background-size":"auto","background-attachment":"scroll","background-type":"","background-media":"","overlay-type":"","overlay-color":"","overlay-gradient":""},"mobile":{"background-color":"var(--ast-global-color-5)","background-image":"","background-repeat":"repeat","background-position":"center center","background-size":"auto","background-attachment":"scroll","background-type":"","background-media":"","overlay-type":"","overlay-color":"","overlay-gradient":""}},"footnotes":""},"aioseo_notices":[],"_links":{"self":[{"href":"https:\/\/www.micronatura.si\/index.php?rest_route=\/wp\/v2\/pages\/6388"}],"collection":[{"href":"https:\/\/www.micronatura.si\/index.php?rest_route=\/wp\/v2\/pages"}],"about":[{"href":"https:\/\/www.micronatura.si\/index.php?rest_route=\/wp\/v2\/types\/page"}],"author":[{"embeddable":true,"href":"https:\/\/www.micronatura.si\/index.php?rest_route=\/wp\/v2\/users\/1"}],"replies":[{"embeddable":true,"href":"https:\/\/www.micronatura.si\/index.php?rest_route=%2Fwp%2Fv2%2Fcomments&post=6388"}],"version-history":[{"count":43,"href":"https:\/\/www.micronatura.si\/index.php?rest_route=\/wp\/v2\/pages\/6388\/revisions"}],"predecessor-version":[{"id":7977,"href":"https:\/\/www.micronatura.si\/index.php?rest_route=\/wp\/v2\/pages\/6388\/revisions\/7977"}],"up":[{"embeddable":true,"href":"https:\/\/www.micronatura.si\/index.php?rest_route=\/wp\/v2\/pages\/5513"}],"wp:attachment":[{"href":"https:\/\/www.micronatura.si\/index.php?rest_route=%2Fwp%2Fv2%2Fmedia&parent=6388"}],"curies":[{"name":"wp","href":"https:\/\/api.w.org\/{rel}","templated":true}]}}