{"id":7025,"date":"2023-12-19T11:30:31","date_gmt":"2023-12-19T10:30:31","guid":{"rendered":"http:\/\/dev.micronatura.si\/?page_id=7025"},"modified":"2024-02-09T10:25:05","modified_gmt":"2024-02-09T09:25:05","slug":"vzreja-perutnine","status":"publish","type":"page","link":"https:\/\/www.micronatura.si\/?page_id=7025","title":{"rendered":"Vzreja perutnine"},"content":{"rendered":"\t\t<div data-elementor-type=\"wp-page\" data-elementor-id=\"7025\" class=\"elementor elementor-7025\">\n\t\t\t\t\t\t<section class=\"elementor-section elementor-top-section elementor-element elementor-element-6d34fd44 elementor-section-height-min-height elementor-section-content-middle elementor-section-boxed elementor-section-height-default elementor-section-items-middle elementor-invisible\" data-id=\"6d34fd44\" data-element_type=\"section\" data-settings=\"{&quot;background_background&quot;:&quot;classic&quot;,&quot;animation&quot;:&quot;fadeInDown&quot;}\">\n\t\t\t\t\t\t\t<div class=\"elementor-background-overlay\"><\/div>\n\t\t\t\t\t\t\t<div class=\"elementor-container elementor-column-gap-no\">\n\t\t\t\t\t<div class=\"elementor-column elementor-col-100 elementor-top-column elementor-element elementor-element-4a1ec230\" data-id=\"4a1ec230\" data-element_type=\"column\">\n\t\t\t<div class=\"elementor-widget-wrap elementor-element-populated\">\n\t\t\t\t\t\t<div class=\"elementor-element elementor-element-3578d747 elementor-widget__width-initial elementor-widget elementor-widget-heading\" data-id=\"3578d747\" data-element_type=\"widget\" data-widget_type=\"heading.default\">\n\t\t\t\t<div class=\"elementor-widget-container\">\n\t\t\t<h1 class=\"elementor-heading-title elementor-size-xl\">Vreja perutnine<\/h1>\t\t<\/div>\n\t\t\t\t<\/div>\n\t\t\t\t\t<\/div>\n\t\t<\/div>\n\t\t\t\t\t<\/div>\n\t\t<\/section>\n\t\t<div class=\"elementor-element elementor-element-fe5dc95 e-con-full e-flex e-con e-parent\" data-id=\"fe5dc95\" data-element_type=\"container\">\n\t\t<div class=\"elementor-element elementor-element-4e2c8bb e-con-full e-flex e-con e-child\" data-id=\"4e2c8bb\" data-element_type=\"container\">\n\t\t\t\t<div class=\"elementor-element elementor-element-98f5908 elementor-widget elementor-widget-text-editor\" data-id=\"98f5908\" data-element_type=\"widget\" data-widget_type=\"text-editor.default\">\n\t\t\t\t<div class=\"elementor-widget-container\">\n\t\t\t\t\t\t\t<p>Naprava za \u0161kropljenje (megljenje) naj bo enostavna za uporabo in vzdr\u017eevanje. Priporo\u010damo uporabo naprav, primernih glede na velikost koko\u0161njaka. Uporabljate lahko ro\u010dne \u0161kropilnice ali stropne pr\u0161ilce.<\/p><h3>Race in gosi<\/h3><p>Enako kot pri vzreji koko\u0161i, vendar z manj\u0161imi spremembami zaradi na\u010dina vzreje.<\/p><h3>Krmljenje<\/h3><p>Pri uporabi sila\u017ee oziroma CCM za krmo, priporo\u010damo isti na\u010din priprave, kot za EM sila\u017eo. \u010ce uporabljate za krmo zrna, jih zmeh\u010dajte na na\u010din, da jih namo\u010dite v 2 % raztopino za 24 ur. Race in gosi naj prejmejo 5 kg <a href=\"http:\/\/www.micronatura.si\/?product=em-zoo-za-zivali\">EM ZOO<\/a> na tono krme.<\/p><h3>Prosta reja<\/h3><p>Pri prosti reji (gosi, rac, puranov, koko\u0161i ipd.) povzro\u010da najpogostej\u0161o te\u017eavo higiena tal. Priporo\u010da se njihovo \u0161kropljenje z <a href=\"http:\/\/www.micronatura.si\/?product=em-zoo-za-zivali\">EM ZOO<\/a> v koncentraciji 10 % na 1l\/100 m<sup>2<\/sup> pri frekvenci enkrat tedensko in v \u010dasu enega meseca. V nadaljevanju je potrebno \u0161kropiti zgolj enkrat mese\u010dno. \u010ce so \u017eivali izpostavljene stresu, je priporo\u010dljivo \u0161kropljenje dvakrat na mesec.<\/p>\t\t\t\t\t\t<\/div>\n\t\t\t\t<\/div>\n\t\t\t\t<div class=\"elementor-element elementor-element-9cb0e21 elementor-widget__width-initial elementor-widget-tablet__width-initial elementor-widget-mobile__width-initial elementor-widget elementor-widget-image\" data-id=\"9cb0e21\" data-element_type=\"widget\" data-widget_type=\"image.default\">\n\t\t\t\t<div class=\"elementor-widget-container\">\n\t\t\t\t\t\t\t\t\t\t\t\t\t<img fetchpriority=\"high\" decoding=\"async\" width=\"1024\" height=\"682\" src=\"https:\/\/www.micronatura.si\/wp-content\/uploads\/2023\/12\/goske1-1024x682.jpg\" class=\"attachment-large size-large wp-image-7028\" alt=\"\" srcset=\"https:\/\/www.micronatura.si\/wp-content\/uploads\/2023\/12\/goske1-1024x682.jpg 1024w, https:\/\/www.micronatura.si\/wp-content\/uploads\/2023\/12\/goske1-300x200.jpg 300w, https:\/\/www.micronatura.si\/wp-content\/uploads\/2023\/12\/goske1-768x512.jpg 768w, https:\/\/www.micronatura.si\/wp-content\/uploads\/2023\/12\/goske1-1536x1024.jpg 1536w, https:\/\/www.micronatura.si\/wp-content\/uploads\/2023\/12\/goske1-600x400.jpg 600w, https:\/\/www.micronatura.si\/wp-content\/uploads\/2023\/12\/goske1.jpg 1568w\" sizes=\"(max-width: 1024px) 100vw, 1024px\" \/>\t\t\t\t\t\t\t\t\t\t\t\t\t<\/div>\n\t\t\t\t<\/div>\n\t\t\t\t<\/div>\n\t\t<div class=\"elementor-element elementor-element-2693212 e-con-full e-flex elementor-invisible e-con e-child\" data-id=\"2693212\" data-element_type=\"container\" data-settings=\"{&quot;animation&quot;:&quot;fadeInRight&quot;}\">\n\t\t<div class=\"elementor-element elementor-element-d989c16 e-flex e-con-boxed e-con e-child\" data-id=\"d989c16\" data-element_type=\"container\">\n\t\t\t\t\t<div class=\"e-con-inner\">\n\t\t\t\t<div class=\"elementor-element elementor-element-037c329 elementor-widget elementor-widget-text-editor\" data-id=\"037c329\" data-element_type=\"widget\" data-widget_type=\"text-editor.default\">\n\t\t\t\t<div class=\"elementor-widget-container\">\n\t\t\t\t\t\t\t<h3 style=\"text-align: left;\">1 m<sup>2<\/sup><\/h3><div style=\"text-align: left;\"><span style=\"font-style: inherit; font-weight: inherit; color: var( --e-global-color-astglobalcolor4 );\">koli\u010dina EM ZOO 10ml<\/span><\/div><div style=\"text-align: left;\">koli\u010dina vode 40ml<\/div><div style=\"text-align: left;\">uporaba &#8211; vsake 3 dni<\/div><div><p style=\"text-align: left;\">ali<\/p><div style=\"text-align: left;\"><span style=\"font-style: inherit; font-weight: inherit; color: var( --e-global-color-astglobalcolor4 );\">koli\u010dina EM ZOO 25ml<\/span><\/div><div style=\"text-align: left;\">koli\u010dina vode 75ml<\/div><div style=\"text-align: left;\">uporaba &#8211; 1x tedensko<\/div><\/div>\t\t\t\t\t\t<\/div>\n\t\t\t\t<\/div>\n\t\t\t\t<div class=\"elementor-element elementor-element-369c5c2 elementor-widget elementor-widget-text-editor\" data-id=\"369c5c2\" data-element_type=\"widget\" data-widget_type=\"text-editor.default\">\n\t\t\t\t<div class=\"elementor-widget-container\">\n\t\t\t\t\t\t\t<h3 style=\"text-align: left;\">100 m<sup>2<\/sup><\/h3><div style=\"text-align: left;\"><span style=\"font-style: inherit; font-weight: inherit; color: var( --e-global-color-astglobalcolor4 );\">koli\u010dina EM ZOO 1l<\/span><\/div><div style=\"text-align: left;\">koli\u010dina vode 4l<\/div><div style=\"text-align: left;\">uporaba &#8211; vsake 3 dni<br \/>ali<\/div><div><div style=\"text-align: left;\"><span style=\"font-style: inherit; font-weight: inherit; color: var( --e-global-color-astglobalcolor4 );\">koli\u010dina EM ZOO 2,5lml<\/span><\/div><div style=\"text-align: left;\">koli\u010dina vode 7,5l<\/div><div style=\"text-align: left;\">uporaba &#8211; 1x tedensko<\/div><\/div>\t\t\t\t\t\t<\/div>\n\t\t\t\t<\/div>\n\t\t\t\t<div class=\"elementor-element elementor-element-373b47e elementor-widget elementor-widget-text-editor\" data-id=\"373b47e\" data-element_type=\"widget\" data-widget_type=\"text-editor.default\">\n\t\t\t\t<div class=\"elementor-widget-container\">\n\t\t\t\t\t\t\t<h3 style=\"text-align: left;\">1000 m<sup>2<\/sup><\/h3><div style=\"text-align: left;\"><span style=\"font-style: inherit; font-weight: inherit; color: var( --e-global-color-astglobalcolor4 );\">koli\u010dina EM ZOO 10l<\/span><\/div><div style=\"text-align: left;\">koli\u010dina vode 40l<\/div><div style=\"text-align: left;\">uporaba &#8211; vsake 3 dni<br \/>ali<\/div><div><div style=\"text-align: left;\"><span style=\"font-style: inherit; font-weight: inherit; color: var( --e-global-color-astglobalcolor4 );\">koli\u010dina EM ZOO 25l<\/span><\/div><div style=\"text-align: left;\">koli\u010dina vode 75l<\/div><div style=\"text-align: left;\">uporaba &#8211; 1x tedensko<\/div><\/div>\t\t\t\t\t\t<\/div>\n\t\t\t\t<\/div>\n\t\t\t\t\t<\/div>\n\t\t\t\t<\/div>\n\t\t\t\t<\/div>\n\t\t<div class=\"elementor-element elementor-element-f979632 e-con-full e-flex e-con e-child\" data-id=\"f979632\" data-element_type=\"container\">\n\t\t\t\t<div class=\"elementor-element elementor-element-ffbe9b1 elementor-widget elementor-widget-heading\" data-id=\"ffbe9b1\" data-element_type=\"widget\" data-widget_type=\"heading.default\">\n\t\t\t\t<div class=\"elementor-widget-container\">\n\t\t\t<h2 class=\"elementor-heading-title elementor-size-default\">Koko\u0161i<\/h2>\t\t<\/div>\n\t\t\t\t<\/div>\n\t\t\t\t<div class=\"elementor-element elementor-element-6a0a00c elementor-widget elementor-widget-text-editor\" data-id=\"6a0a00c\" data-element_type=\"widget\" data-widget_type=\"text-editor.default\">\n\t\t\t\t<div class=\"elementor-widget-container\">\n\t\t\t\t\t\t\t<p style=\"text-align: left;\"><a href=\"http:\/\/www.micronatura.si\/?product=em-zoo-za-zivali\">EM ZOO<\/a> se v pitno vodo dozira od 3 do 5 litra na 1 m3 vode in to vsaj trikrat tedensko.<br \/>Za dodajanje EM ZOO suhi krmi priporo\u010damo, da se to naredi ob dajanju krme v silos. V primeru, da \u017eelite EM ZOO krmi dodati naknadno, priporo\u010damo, da najprej nekaj p\u0161enice namo\u010dite v EM ZOO in jo nato dobro preme\u0161ate. Na tak na\u010din boste dosegli enakomerno porazdelitev produkta. Tako pripravljena krma naj se porabi v roku \u0161tirinajstih dni.<\/p>\t\t\t\t\t\t<\/div>\n\t\t\t\t<\/div>\n\t\t\t\t<div class=\"elementor-element elementor-element-282b259 elementor-widget elementor-widget-image\" data-id=\"282b259\" data-element_type=\"widget\" data-widget_type=\"image.default\">\n\t\t\t\t<div class=\"elementor-widget-container\">\n\t\t\t\t\t\t\t\t\t\t\t\t\t<img decoding=\"async\" width=\"1024\" height=\"684\" src=\"https:\/\/www.micronatura.si\/wp-content\/uploads\/2023\/12\/kokosi-1024x684.jpg\" class=\"attachment-large size-large wp-image-7029\" alt=\"\" srcset=\"https:\/\/www.micronatura.si\/wp-content\/uploads\/2023\/12\/kokosi-1024x684.jpg 1024w, https:\/\/www.micronatura.si\/wp-content\/uploads\/2023\/12\/kokosi-300x200.jpg 300w, https:\/\/www.micronatura.si\/wp-content\/uploads\/2023\/12\/kokosi-768x513.jpg 768w, https:\/\/www.micronatura.si\/wp-content\/uploads\/2023\/12\/kokosi-1536x1026.jpg 1536w, https:\/\/www.micronatura.si\/wp-content\/uploads\/2023\/12\/kokosi-600x401.jpg 600w, https:\/\/www.micronatura.si\/wp-content\/uploads\/2023\/12\/kokosi.jpg 1568w\" sizes=\"(max-width: 1024px) 100vw, 1024px\" \/>\t\t\t\t\t\t\t\t\t\t\t\t\t<\/div>\n\t\t\t\t<\/div>\n\t\t\t\t<\/div>\n\t\t<div class=\"elementor-element elementor-element-af7376e e-con-full e-flex e-con e-child\" data-id=\"af7376e\" data-element_type=\"container\">\n\t\t\t\t<div class=\"elementor-element elementor-element-b897a12 elementor-widget elementor-widget-text-editor\" data-id=\"b897a12\" data-element_type=\"widget\" data-widget_type=\"text-editor.default\">\n\t\t\t\t<div class=\"elementor-widget-container\">\n\t\t\t\t\t\t\t<h3 style=\"text-align: left;\">Krmljenje 1 dan starih pi\u0161\u010dancev<\/h3><p style=\"text-align: left;\">Pi\u0161\u010danci se izvalijo v posebnih napravah za valjenje zaradi \u010desar njihov prebavni sistem \u0161e nima vzpostavljene mikroflore. To pa je potrebno zagotoviti \u010dim hitreje. Prvi krmi, ki jo damo pi\u0161\u010dancem, dodamo 3 do 5 ml EM ZOO na pi\u0161\u010danca, potreseno v krogih. Prvi teden naj bo koli\u010dina EM v krmi dvojna.<\/p><h3 style=\"text-align: left;\">Priprava koko\u0161njaka in tal<\/h3><p style=\"text-align: left;\">Pred vzrejo pi\u0161\u010dancev, oziroma pred njihovo naselitvijo v koko\u0161njak, je potrebna popolna dezinfekcija vseh povr\u0161in (tal in sten) in sicer z 10 % raztopino EM ZOO. Z me\u0161anico po\u0161kropimo tudi pripravljen nastilj.<\/p><h3 style=\"text-align: left;\">Priprava koko\u0161njaka s kletkami<\/h3><p style=\"text-align: left;\">Tudi tukaj je potrebna popolna dezinfekcija vseh povr\u0161in (tla, kletke, strop in stene) in sicer z 10 % raztopino EM ZOO.<br \/>Potrebe po EM pri pripravi in vzdr\u017eevanju hleva<br \/>Kot pri ostalih \u017eivalih v hlevu, je tudi tu \u0161kropljenje (megljenje) priporo\u010dljivo, saj pozitivno vpliva na po\u010dutje perutnine. Pozitivni mikroorganizmi padejo na vse povr\u0161ine, vklju\u010dno na prah v zraku, kar prepre\u010duje nastanek ne\u017eelenih mikrobov. EM prepre\u010duje nastanek \u0161kodljivih plinov, kot sta amonijak in vodikov sulfid ter prepre\u010duje gnitje in razvoj muh.<\/p>\t\t\t\t\t\t<\/div>\n\t\t\t\t<\/div>\n\t\t\t\t<\/div>\n\t\t\t\t<\/div>\n\t\t<div class=\"elementor-element elementor-element-0be0c2b e-con-full e-flex e-con e-parent\" data-id=\"0be0c2b\" data-element_type=\"container\">\n\t\t\t\t<div class=\"elementor-element elementor-element-29abbe1 elementor-widget elementor-widget-text-editor\" data-id=\"29abbe1\" data-element_type=\"widget\" data-widget_type=\"text-editor.default\">\n\t\t\t\t<div class=\"elementor-widget-container\">\n\t\t\t\t\t\t\t<div style=\"--flex-shrink: 0; --order: initial; --align-self: stretch; flex-basis: var(--flex-basis); flex-grow: var(--flex-grow); flex-shrink: var(--flex-shrink); order: var(--order); align-self: var(--align-self); flex-direction: var(--flex-direction); flex-wrap: var(--flex-wrap); justify-content: var(--justify-content); align-items: var(--align-items); align-content: var(--align-content); gap: var(--gap); --swiper-theme-color: #000; --swiper-navigation-size: 44px; --swiper-pagination-bullet-size: 6px; --swiper-pagination-bullet-horizontal-gap: 6px; --widgets-spacing: 20px; text-align: center; color: var( --e-global-color-astglobalcolor4 ); max-width: 100%;\" data-id=\"29abbe1\" data-element_type=\"widget\" data-widget_type=\"text-editor.default\"><div style=\"transition: background .3s,border .3s,border-radius .3s,box-shadow .3s,transform var(--e-transform-transition-duration,.4s); height: 73.5938px; margin: 0px; padding: 18px 2px 2px; background-color: #758b28; border-radius: 0px 20px;\"><h3>Zdravje izvira iz prebave.<\/h3><\/div><\/div>\t\t\t\t\t\t<\/div>\n\t\t\t\t<\/div>\n\t\t\t\t<\/div>\n\t\t<div class=\"elementor-element elementor-element-31a9e4c e-flex e-con-boxed e-con e-parent\" data-id=\"31a9e4c\" data-element_type=\"container\">\n\t\t\t\t\t<div class=\"e-con-inner\">\n\t\t\t\t<div class=\"elementor-element elementor-element-0e909dc elementor-widget elementor-widget-image\" data-id=\"0e909dc\" data-element_type=\"widget\" data-widget_type=\"image.default\">\n\t\t\t\t<div class=\"elementor-widget-container\">\n\t\t\t\t\t\t\t\t\t\t\t\t\t\t<a href=\"http:\/\/www.micronatura.si\/?product=em-zoo-za-zivali\">\n\t\t\t\t\t\t\t<img decoding=\"async\" width=\"300\" height=\"300\" src=\"https:\/\/www.micronatura.si\/wp-content\/uploads\/2022\/05\/em-zoo-20l-300x300.jpg\" class=\"attachment-medium size-medium wp-image-5224\" alt=\"\" srcset=\"https:\/\/www.micronatura.si\/wp-content\/uploads\/2022\/05\/em-zoo-20l-300x300.jpg 300w, https:\/\/www.micronatura.si\/wp-content\/uploads\/2022\/05\/em-zoo-20l-150x150.jpg 150w, https:\/\/www.micronatura.si\/wp-content\/uploads\/2022\/05\/em-zoo-20l-100x100.jpg 100w, https:\/\/www.micronatura.si\/wp-content\/uploads\/2022\/05\/em-zoo-20l.jpg 580w\" sizes=\"(max-width: 300px) 100vw, 300px\" \/>\t\t\t\t\t\t\t\t<\/a>\n\t\t\t\t\t\t\t\t\t\t\t\t\t<\/div>\n\t\t\t\t<\/div>\n\t\t\t\t\t<\/div>\n\t\t\t\t<\/div>\n\t\t\t\t<\/div>\n\t\t","protected":false},"excerpt":{"rendered":"<p>Vreja perutnine Naprava za \u0161kropljenje (megljenje) naj bo enostavna za uporabo in vzdr\u017eevanje. Priporo\u010damo uporabo naprav, primernih glede na velikost koko\u0161njaka. Uporabljate lahko ro\u010dne \u0161kropilnice ali stropne pr\u0161ilce. Race in gosi Enako kot pri vzreji koko\u0161i, vendar z manj\u0161imi spremembami zaradi na\u010dina vzreje. Krmljenje Pri uporabi sila\u017ee oziroma CCM za krmo, priporo\u010damo isti na\u010din priprave, [&hellip;]<\/p>\n","protected":false},"author":1,"featured_media":0,"parent":6388,"menu_order":0,"comment_status":"closed","ping_status":"closed","template":"","meta":{"site-sidebar-layout":"no-sidebar","site-content-layout":"page-builder","ast-site-content-layout":"","site-content-style":"default","site-sidebar-style":"default","ast-global-header-display":"","ast-banner-title-visibility":"","ast-main-header-display":"","ast-hfb-above-header-display":"","ast-hfb-below-header-display":"","ast-hfb-mobile-header-display":"","site-post-title":"disabled","ast-breadcrumbs-content":"","ast-featured-img":"disabled","footer-sml-layout":"","theme-transparent-header-meta":"","adv-header-id-meta":"","stick-header-meta":"","header-above-stick-meta":"","header-main-stick-meta":"","header-below-stick-meta":"","astra-migrate-meta-layouts":"default","ast-page-background-enabled":"default","ast-page-background-meta":{"desktop":{"background-color":"","background-image":"","background-repeat":"repeat","background-position":"center center","background-size":"auto","background-attachment":"scroll","background-type":"","background-media":"","overlay-type":"","overlay-color":"","overlay-gradient":""},"tablet":{"background-color":"","background-image":"","background-repeat":"repeat","background-position":"center center","background-size":"auto","background-attachment":"scroll","background-type":"","background-media":"","overlay-type":"","overlay-color":"","overlay-gradient":""},"mobile":{"background-color":"","background-image":"","background-repeat":"repeat","background-position":"center center","background-size":"auto","background-attachment":"scroll","background-type":"","background-media":"","overlay-type":"","overlay-color":"","overlay-gradient":""}},"ast-content-background-meta":{"desktop":{"background-color":"var(--ast-global-color-5)","background-image":"","background-repeat":"repeat","background-position":"center center","background-size":"auto","background-attachment":"scroll","background-type":"","background-media":"","overlay-type":"","overlay-color":"","overlay-gradient":""},"tablet":{"background-color":"var(--ast-global-color-5)","background-image":"","background-repeat":"repeat","background-position":"center center","background-size":"auto","background-attachment":"scroll","background-type":"","background-media":"","overlay-type":"","overlay-color":"","overlay-gradient":""},"mobile":{"background-color":"var(--ast-global-color-5)","background-image":"","background-repeat":"repeat","background-position":"center center","background-size":"auto","background-attachment":"scroll","background-type":"","background-media":"","overlay-type":"","overlay-color":"","overlay-gradient":""}},"footnotes":""},"aioseo_notices":[],"_links":{"self":[{"href":"https:\/\/www.micronatura.si\/index.php?rest_route=\/wp\/v2\/pages\/7025"}],"collection":[{"href":"https:\/\/www.micronatura.si\/index.php?rest_route=\/wp\/v2\/pages"}],"about":[{"href":"https:\/\/www.micronatura.si\/index.php?rest_route=\/wp\/v2\/types\/page"}],"author":[{"embeddable":true,"href":"https:\/\/www.micronatura.si\/index.php?rest_route=\/wp\/v2\/users\/1"}],"replies":[{"embeddable":true,"href":"https:\/\/www.micronatura.si\/index.php?rest_route=%2Fwp%2Fv2%2Fcomments&post=7025"}],"version-history":[{"count":41,"href":"https:\/\/www.micronatura.si\/index.php?rest_route=\/wp\/v2\/pages\/7025\/revisions"}],"predecessor-version":[{"id":8058,"href":"https:\/\/www.micronatura.si\/index.php?rest_route=\/wp\/v2\/pages\/7025\/revisions\/8058"}],"up":[{"embeddable":true,"href":"https:\/\/www.micronatura.si\/index.php?rest_route=\/wp\/v2\/pages\/6388"}],"wp:attachment":[{"href":"https:\/\/www.micronatura.si\/index.php?rest_route=%2Fwp%2Fv2%2Fmedia&parent=7025"}],"curies":[{"name":"wp","href":"https:\/\/api.w.org\/{rel}","templated":true}]}}