{"id":7055,"date":"2023-12-19T12:12:23","date_gmt":"2023-12-19T11:12:23","guid":{"rendered":"http:\/\/dev.micronatura.si\/?page_id=7055"},"modified":"2024-02-09T10:33:27","modified_gmt":"2024-02-09T09:33:27","slug":"vzreja-prasicev","status":"publish","type":"page","link":"https:\/\/www.micronatura.si\/?page_id=7055","title":{"rendered":"Vzreja pra\u0161i\u010dev"},"content":{"rendered":"\t\t<div data-elementor-type=\"wp-page\" data-elementor-id=\"7055\" class=\"elementor elementor-7055\">\n\t\t\t\t\t\t<section class=\"elementor-section elementor-top-section elementor-element elementor-element-6d34fd44 elementor-section-height-min-height elementor-section-content-middle elementor-section-full_width elementor-section-height-default elementor-section-items-middle elementor-invisible\" data-id=\"6d34fd44\" data-element_type=\"section\" data-settings=\"{&quot;background_background&quot;:&quot;classic&quot;,&quot;animation&quot;:&quot;fadeInDown&quot;}\">\n\t\t\t\t\t\t\t<div class=\"elementor-background-overlay\"><\/div>\n\t\t\t\t\t\t\t<div class=\"elementor-container elementor-column-gap-no\">\n\t\t\t\t\t<div class=\"elementor-column elementor-col-100 elementor-top-column elementor-element elementor-element-4a1ec230\" data-id=\"4a1ec230\" data-element_type=\"column\">\n\t\t\t<div class=\"elementor-widget-wrap elementor-element-populated\">\n\t\t\t\t\t\t<div class=\"elementor-element elementor-element-3578d747 elementor-widget__width-initial elementor-widget elementor-widget-heading\" data-id=\"3578d747\" data-element_type=\"widget\" data-widget_type=\"heading.default\">\n\t\t\t\t<div class=\"elementor-widget-container\">\n\t\t\t<h1 class=\"elementor-heading-title elementor-size-xl\">Vreja pra\u0161i\u010dev<\/h1>\t\t<\/div>\n\t\t\t\t<\/div>\n\t\t\t\t\t<\/div>\n\t\t<\/div>\n\t\t\t\t\t<\/div>\n\t\t<\/section>\n\t\t<div class=\"elementor-element elementor-element-fe5dc95 e-con-full e-flex e-con e-parent\" data-id=\"fe5dc95\" data-element_type=\"container\">\n\t\t<div class=\"elementor-element elementor-element-4e2c8bb e-con-full e-flex e-con e-child\" data-id=\"4e2c8bb\" data-element_type=\"container\">\n\t\t\t\t<div class=\"elementor-element elementor-element-98f5908 elementor-widget elementor-widget-text-editor\" data-id=\"98f5908\" data-element_type=\"widget\" data-widget_type=\"text-editor.default\">\n\t\t\t\t<div class=\"elementor-widget-container\">\n\t\t\t\t\t\t\t<h5>\u0160tevilne \u0161tudije in mednarodne izku\u0161nje o uporabi Efektivnih Mikroorganizmov EM pri vzreji pra\u0161i\u010dev ka\u017eejo slede\u010de rezultate:<\/h5><ul><li>izbolj\u0161ana asimilacija krme,<\/li><li>kakovostnej\u0161e konzerviranje krme (zmanj\u0161anje pojava gnitja),<\/li><li>ni pojava gnitja in plesni,<\/li><li>pove\u010dana proizvodnja,<\/li><li>vi\u0161ja kakovost mesa,<\/li><li>pove\u010dan prirast,<\/li><li>izbolj\u0161ano zdravstveno stanje \u017eivali,<\/li><li>mirnej\u0161e \u017eivali (manj stresa),<\/li><li>manj te\u017eav z dihanjem \u017eivali zaradi smradu, tudi na velikih farmah,<\/li><li>la\u017eja upravljanje z gnojem in gnojevko (lep\u0161e te\u010de, ni skorje, manj muh ipd.),<\/li><li>pove\u010dana asimilacija du\u0161ika,<\/li><li>izbolj\u0161ana pridelava gnojil z zemeljskimi bakterijami.<\/li><\/ul><h3>Uporabo EM pri vzreji pra\u0161i\u010dev razdelimo na tri segmente:<\/h3><h5>Optimalna prebava \u2013 z uporabo EM ZOO pri hranjenju.<\/h5><p>Kolonizacija (vnos) mikroorganizmov v svinjaku omogo\u010da uravnote\u017eiti mikrobiolo\u0161ko stanje okolice prostora in tako zmanj\u0161uje mo\u017enost oku\u017eb.<\/p><h5>Izbolj\u0161ane higienske razmere v objektu in okolici &#8211; ni smradu.<\/h5><p>Za dodajanje EM ZOO suhi krmi priporo\u010damo, da se to naredi ob spravljanju krme v silos. V primeru, da \u017eelite dodati EM ZOO krmi naknadno, priporo\u010damo, da nekaj p\u0161enice namo\u010dite v EM ZOO, ki jo nato dobro preme\u0161ate z ostalo. Na tak na\u010din bo porazdelitev produkta najbolj\u0161a. Tako pripravljena krma naj se porabi v roku \u0161tirinajstih dni.<\/p><h5>EM za stabilizacijo mikroflore svinjaka<\/h5><p>Kot pri ostalih hlevskih \u017eivalih je priporo\u010dljivo tudi \u0161kropljenje (meglenje) svinjaka, saj ima to pozitiven vpliv na po\u010dutje \u017eivali. Pozitivni mikroorganizmi padejo na vse povr\u0161ine, vklju\u010dno na prah v zraku. To prepre\u010duje naselitev ne\u017eelenih mikrobov. EM prepre\u010duje nastanek \u0161kodljivih plinov, kot sta amonijak in vodikov sulfid ter prepre\u010duje gnitje in razvoj muh.<\/p>\t\t\t\t\t\t<\/div>\n\t\t\t\t<\/div>\n\t\t\t\t<\/div>\n\t\t<div class=\"elementor-element elementor-element-2693212 e-con-full e-flex elementor-invisible e-con e-child\" data-id=\"2693212\" data-element_type=\"container\" data-settings=\"{&quot;animation&quot;:&quot;fadeInRight&quot;}\">\n\t\t<div class=\"elementor-element elementor-element-d989c16 e-flex e-con-boxed e-con e-child\" data-id=\"d989c16\" data-element_type=\"container\">\n\t\t\t\t\t<div class=\"e-con-inner\">\n\t\t\t\t<div class=\"elementor-element elementor-element-bcbe281 elementor-widget elementor-widget-heading\" data-id=\"bcbe281\" data-element_type=\"widget\" data-widget_type=\"heading.default\">\n\t\t\t\t<div class=\"elementor-widget-container\">\n\t\t\t<h2 class=\"elementor-heading-title elementor-size-default\">Klima<\/h2>\t\t<\/div>\n\t\t\t\t<\/div>\n\t\t\t\t<div class=\"elementor-element elementor-element-037c329 elementor-widget elementor-widget-text-editor\" data-id=\"037c329\" data-element_type=\"widget\" data-widget_type=\"text-editor.default\">\n\t\t\t\t<div class=\"elementor-widget-container\">\n\t\t\t\t\t\t\t<h3 style=\"text-align: left;\">1 m<sup>2<\/sup><\/h3><div style=\"text-align: left;\"><span style=\"font-style: inherit; font-weight: inherit; color: var( --e-global-color-astglobalcolor4 );\">koli\u010dina EM ZOO 10ml<\/span><\/div><div style=\"text-align: left;\">koli\u010dina vode 40ml<\/div><div style=\"text-align: left;\">uporaba &#8211; vsake 3 dni<\/div><div><p style=\"text-align: left;\">ali<\/p><div style=\"text-align: left;\"><span style=\"font-style: inherit; font-weight: inherit; color: var( --e-global-color-astglobalcolor4 );\">koli\u010dina EM ZOO 25ml<\/span><\/div><div style=\"text-align: left;\">koli\u010dina vode 75ml<\/div><div style=\"text-align: left;\">uporaba &#8211; 1x tedensko<\/div><\/div>\t\t\t\t\t\t<\/div>\n\t\t\t\t<\/div>\n\t\t\t\t<div class=\"elementor-element elementor-element-369c5c2 elementor-widget elementor-widget-text-editor\" data-id=\"369c5c2\" data-element_type=\"widget\" data-widget_type=\"text-editor.default\">\n\t\t\t\t<div class=\"elementor-widget-container\">\n\t\t\t\t\t\t\t<h3 style=\"text-align: left;\">100 m<sup>2<\/sup><\/h3><div style=\"text-align: left;\"><span style=\"font-style: inherit; font-weight: inherit; color: var( --e-global-color-astglobalcolor4 );\">koli\u010dina EM ZOO 1l<\/span><\/div><div style=\"text-align: left;\">koli\u010dina vode 4l<\/div><div style=\"text-align: left;\">uporaba &#8211; vsake 3 dni<br \/>ali<\/div><div><div style=\"text-align: left;\"><span style=\"font-style: inherit; font-weight: inherit; color: var( --e-global-color-astglobalcolor4 );\">koli\u010dina EM ZOO 2,5lml<\/span><\/div><div style=\"text-align: left;\">koli\u010dina vode 7,5l<\/div><div style=\"text-align: left;\">uporaba &#8211; 1x tedensko<\/div><\/div>\t\t\t\t\t\t<\/div>\n\t\t\t\t<\/div>\n\t\t\t\t<div class=\"elementor-element elementor-element-373b47e elementor-widget elementor-widget-text-editor\" data-id=\"373b47e\" data-element_type=\"widget\" data-widget_type=\"text-editor.default\">\n\t\t\t\t<div class=\"elementor-widget-container\">\n\t\t\t\t\t\t\t<h3 style=\"text-align: left;\">1000 m<sup>2<\/sup><\/h3><div style=\"text-align: left;\"><span style=\"font-style: inherit; font-weight: inherit; color: var( --e-global-color-astglobalcolor4 );\">koli\u010dina EM ZOO 10l<\/span><\/div><div style=\"text-align: left;\">koli\u010dina vode 40l<\/div><div style=\"text-align: left;\">uporaba &#8211; vsake 3 dni<br \/>ali<\/div><div><div style=\"text-align: left;\"><span style=\"font-style: inherit; font-weight: inherit; color: var( --e-global-color-astglobalcolor4 );\">koli\u010dina EM ZOO 25l<\/span><\/div><div style=\"text-align: left;\">koli\u010dina vode 75l<\/div><div style=\"text-align: left;\">uporaba &#8211; 1x tedensko<\/div><\/div>\t\t\t\t\t\t<\/div>\n\t\t\t\t<\/div>\n\t\t\t\t<div class=\"elementor-element elementor-element-9cb0e21 elementor-widget__width-initial elementor-widget-tablet__width-initial elementor-widget elementor-widget-image\" data-id=\"9cb0e21\" data-element_type=\"widget\" data-widget_type=\"image.default\">\n\t\t\t\t<div class=\"elementor-widget-container\">\n\t\t\t\t\t\t\t\t\t\t\t\t\t<img fetchpriority=\"high\" decoding=\"async\" width=\"1024\" height=\"683\" src=\"https:\/\/www.micronatura.si\/wp-content\/uploads\/2023\/12\/pujsi-1024x683.jpg\" class=\"attachment-large size-large wp-image-7059\" alt=\"\" srcset=\"https:\/\/www.micronatura.si\/wp-content\/uploads\/2023\/12\/pujsi-1024x683.jpg 1024w, https:\/\/www.micronatura.si\/wp-content\/uploads\/2023\/12\/pujsi-300x200.jpg 300w, https:\/\/www.micronatura.si\/wp-content\/uploads\/2023\/12\/pujsi-768x512.jpg 768w, https:\/\/www.micronatura.si\/wp-content\/uploads\/2023\/12\/pujsi-1536x1025.jpg 1536w, https:\/\/www.micronatura.si\/wp-content\/uploads\/2023\/12\/pujsi-600x400.jpg 600w, https:\/\/www.micronatura.si\/wp-content\/uploads\/2023\/12\/pujsi.jpg 1568w\" sizes=\"(max-width: 1024px) 100vw, 1024px\" \/>\t\t\t\t\t\t\t\t\t\t\t\t\t<\/div>\n\t\t\t\t<\/div>\n\t\t\t\t\t<\/div>\n\t\t\t\t<\/div>\n\t\t\t\t<\/div>\n\t\t<div class=\"elementor-element elementor-element-f979632 e-con-full e-flex e-con e-child\" data-id=\"f979632\" data-element_type=\"container\">\n\t\t\t\t<div class=\"elementor-element elementor-element-6a0a00c elementor-widget elementor-widget-text-editor\" data-id=\"6a0a00c\" data-element_type=\"widget\" data-widget_type=\"text-editor.default\">\n\t\t\t\t<div class=\"elementor-widget-container\">\n\t\t\t\t\t\t\t<p style=\"text-align: left;\">Naprava za \u0161kropljenje (megljenje) naj bo enostavna za uporabo in vzdr\u017eevanje. Priporo\u010damo uporabo naprav, primernih glede na velikost svinjaka.\u00a0Uporabljate lahko ro\u010dne \u0161kropilnice ali stropne \u0161obe.<\/p>\t\t\t\t\t\t<\/div>\n\t\t\t\t<\/div>\n\t\t\t\t<div class=\"elementor-element elementor-element-282b259 elementor-widget elementor-widget-image\" data-id=\"282b259\" data-element_type=\"widget\" data-widget_type=\"image.default\">\n\t\t\t\t<div class=\"elementor-widget-container\">\n\t\t\t\t\t\t\t\t\t\t\t\t\t<img decoding=\"async\" width=\"768\" height=\"512\" src=\"https:\/\/www.micronatura.si\/wp-content\/uploads\/2023\/12\/pujsi1-768x512.jpg\" class=\"attachment-medium_large size-medium_large wp-image-7058\" alt=\"\" srcset=\"https:\/\/www.micronatura.si\/wp-content\/uploads\/2023\/12\/pujsi1-768x512.jpg 768w, https:\/\/www.micronatura.si\/wp-content\/uploads\/2023\/12\/pujsi1-300x200.jpg 300w, https:\/\/www.micronatura.si\/wp-content\/uploads\/2023\/12\/pujsi1-1024x683.jpg 1024w, https:\/\/www.micronatura.si\/wp-content\/uploads\/2023\/12\/pujsi1-1536x1025.jpg 1536w, https:\/\/www.micronatura.si\/wp-content\/uploads\/2023\/12\/pujsi1-600x400.jpg 600w, https:\/\/www.micronatura.si\/wp-content\/uploads\/2023\/12\/pujsi1.jpg 1568w\" sizes=\"(max-width: 768px) 100vw, 768px\" \/>\t\t\t\t\t\t\t\t\t\t\t\t\t<\/div>\n\t\t\t\t<\/div>\n\t\t\t\t<\/div>\n\t\t<div class=\"elementor-element elementor-element-af7376e e-con-full e-flex e-con e-child\" data-id=\"af7376e\" data-element_type=\"container\">\n\t\t\t\t<div class=\"elementor-element elementor-element-b897a12 elementor-widget elementor-widget-text-editor\" data-id=\"b897a12\" data-element_type=\"widget\" data-widget_type=\"text-editor.default\">\n\t\t\t\t<div class=\"elementor-widget-container\">\n\t\t\t\t\t\t\t<h3 style=\"text-align: left;\">Nastil<\/h3><p style=\"text-align: left;\">Za nastil se najve\u010dkrat uporablja slama. Priporo\u010damo uporabo najbolj\u0161e slame, saj v njej \u0161e niso naseljene \u0161kodljive glive in plesni. Pri pripravi slame priporo\u010damo \u0161kropljenje med baliranjem in sicer z 0,1 \u2013 0,5 litra na balo stisnjene slame, s \u010dimer prepre\u010dimo, oziroma mo\u010dno zmanj\u0161amo mo\u017enost nastanka gliv in drugih bakterij. V hlevu pa se EM kolonizira s pomo\u010djo \u0161kropljenja.<\/p><h3 style=\"text-align: left;\">Kletke, svinjaki<\/h3><p style=\"text-align: left;\">Vsako nana\u0161anje EM naj se izvaja na \u010disti in oprani povr\u0161ini. Povr\u0161ine naj se predhodno o\u010distijo z visokotla\u010dnimi \u010distilnimi napravami, vanje pa naj se doda \u0161e 5 &#8211; 10 litrov EM ZOO. Po \u010di\u0161\u010denju naj se svinjak dezinficira z razred\u010deno raztopino 1:10. Po \u010di\u0161\u010denju in dezinfekciji se EM ZOO nanese tudi po pripravljenem nastilju. Taka priprava svinjaka \u017eivalim nudi prijetno okolje za bivanje, saj zmanj\u0161uje pojav stresa. Zaradi tega se \u017eivali tudi la\u017eje osredoto\u010dijo na hrano oziroma prehranjevanje.<\/p><p style=\"text-align: left;\">V primeru, da se pri svinjakih z re\u0161etkami problemi ponavljajo kljub uporabi EM tehnologije, se priporo\u010da \u010di\u0161\u010denje re\u0161etk z 1:1-2 raztopino. 1 liter take raztopine bo zadostoval za 5 m<sup>2<\/sup>, obenem pa bo tak poseg tudi bo izbolj\u0161al kakovost gnojevke.<\/p><p style=\"text-align: left;\">Najbolj\u0161e rezultate pa se dosega, \u010de se EM tehnologija uporablja na celi farmi in pri vseh segmentih vzreje in pridelave.<\/p>\t\t\t\t\t\t<\/div>\n\t\t\t\t<\/div>\n\t\t\t\t<\/div>\n\t\t\t\t<\/div>\n\t\t<div class=\"elementor-element elementor-element-0be0c2b e-con-full e-flex e-con e-parent\" data-id=\"0be0c2b\" data-element_type=\"container\">\n\t\t\t\t<div class=\"elementor-element elementor-element-29abbe1 elementor-widget elementor-widget-text-editor\" data-id=\"29abbe1\" data-element_type=\"widget\" data-widget_type=\"text-editor.default\">\n\t\t\t\t<div class=\"elementor-widget-container\">\n\t\t\t\t\t\t\t<div style=\"--flex-shrink: 0; --order: initial; --align-self: stretch; flex-basis: var(--flex-basis); flex-grow: var(--flex-grow); flex-shrink: var(--flex-shrink); order: var(--order); align-self: var(--align-self); flex-direction: var(--flex-direction); flex-wrap: var(--flex-wrap); justify-content: var(--justify-content); align-items: var(--align-items); align-content: var(--align-content); gap: var(--gap); --swiper-theme-color: #000; --swiper-navigation-size: 44px; --swiper-pagination-bullet-size: 6px; --swiper-pagination-bullet-horizontal-gap: 6px; --widgets-spacing: 20px; text-align: center; color: var( --e-global-color-astglobalcolor4 ); max-width: 100%;\" data-id=\"29abbe1\" data-element_type=\"widget\" data-widget_type=\"text-editor.default\"><div style=\"transition: background .3s,border .3s,border-radius .3s,box-shadow .3s,transform var(--e-transform-transition-duration,.4s); height: 73.5938px; margin: 0px; padding: 18px 2px 2px; background-color: #758b28; border-radius: 0px 20px;\"><h3>Zdravje izvira iz prebave.<\/h3><\/div><\/div>\t\t\t\t\t\t<\/div>\n\t\t\t\t<\/div>\n\t\t\t\t<\/div>\n\t\t<div class=\"elementor-element elementor-element-31a9e4c e-flex e-con-boxed e-con e-parent\" data-id=\"31a9e4c\" data-element_type=\"container\">\n\t\t\t\t\t<div class=\"e-con-inner\">\n\t\t\t\t<div class=\"elementor-element elementor-element-0e909dc elementor-widget elementor-widget-image\" data-id=\"0e909dc\" data-element_type=\"widget\" data-widget_type=\"image.default\">\n\t\t\t\t<div class=\"elementor-widget-container\">\n\t\t\t\t\t\t\t\t\t\t\t\t\t\t<a href=\"http:\/\/www.micronatura.si\/?product=em-zoo-za-zivali\">\n\t\t\t\t\t\t\t<img decoding=\"async\" width=\"300\" height=\"300\" src=\"https:\/\/www.micronatura.si\/wp-content\/uploads\/2022\/05\/em-zoo-20l-300x300.jpg\" class=\"attachment-medium size-medium wp-image-5224\" alt=\"\" srcset=\"https:\/\/www.micronatura.si\/wp-content\/uploads\/2022\/05\/em-zoo-20l-300x300.jpg 300w, https:\/\/www.micronatura.si\/wp-content\/uploads\/2022\/05\/em-zoo-20l-150x150.jpg 150w, https:\/\/www.micronatura.si\/wp-content\/uploads\/2022\/05\/em-zoo-20l-100x100.jpg 100w, https:\/\/www.micronatura.si\/wp-content\/uploads\/2022\/05\/em-zoo-20l.jpg 580w\" sizes=\"(max-width: 300px) 100vw, 300px\" \/>\t\t\t\t\t\t\t\t<\/a>\n\t\t\t\t\t\t\t\t\t\t\t\t\t<\/div>\n\t\t\t\t<\/div>\n\t\t\t\t\t<\/div>\n\t\t\t\t<\/div>\n\t\t\t\t<\/div>\n\t\t","protected":false},"excerpt":{"rendered":"<p>Vreja pra\u0161i\u010dev \u0160tevilne \u0161tudije in mednarodne izku\u0161nje o uporabi Efektivnih Mikroorganizmov EM pri vzreji pra\u0161i\u010dev ka\u017eejo slede\u010de rezultate: izbolj\u0161ana asimilacija krme, kakovostnej\u0161e konzerviranje krme (zmanj\u0161anje pojava gnitja), ni pojava gnitja in plesni, pove\u010dana proizvodnja, vi\u0161ja kakovost mesa, pove\u010dan prirast, izbolj\u0161ano zdravstveno stanje \u017eivali, mirnej\u0161e \u017eivali (manj stresa), manj te\u017eav z dihanjem \u017eivali zaradi smradu, tudi [&hellip;]<\/p>\n","protected":false},"author":1,"featured_media":0,"parent":6388,"menu_order":0,"comment_status":"closed","ping_status":"closed","template":"","meta":{"site-sidebar-layout":"no-sidebar","site-content-layout":"page-builder","ast-site-content-layout":"","site-content-style":"default","site-sidebar-style":"default","ast-global-header-display":"","ast-banner-title-visibility":"","ast-main-header-display":"","ast-hfb-above-header-display":"","ast-hfb-below-header-display":"","ast-hfb-mobile-header-display":"","site-post-title":"disabled","ast-breadcrumbs-content":"","ast-featured-img":"disabled","footer-sml-layout":"","theme-transparent-header-meta":"","adv-header-id-meta":"","stick-header-meta":"","header-above-stick-meta":"","header-main-stick-meta":"","header-below-stick-meta":"","astra-migrate-meta-layouts":"default","ast-page-background-enabled":"default","ast-page-background-meta":{"desktop":{"background-color":"","background-image":"","background-repeat":"repeat","background-position":"center center","background-size":"auto","background-attachment":"scroll","background-type":"","background-media":"","overlay-type":"","overlay-color":"","overlay-gradient":""},"tablet":{"background-color":"","background-image":"","background-repeat":"repeat","background-position":"center center","background-size":"auto","background-attachment":"scroll","background-type":"","background-media":"","overlay-type":"","overlay-color":"","overlay-gradient":""},"mobile":{"background-color":"","background-image":"","background-repeat":"repeat","background-position":"center center","background-size":"auto","background-attachment":"scroll","background-type":"","background-media":"","overlay-type":"","overlay-color":"","overlay-gradient":""}},"ast-content-background-meta":{"desktop":{"background-color":"var(--ast-global-color-5)","background-image":"","background-repeat":"repeat","background-position":"center center","background-size":"auto","background-attachment":"scroll","background-type":"","background-media":"","overlay-type":"","overlay-color":"","overlay-gradient":""},"tablet":{"background-color":"var(--ast-global-color-5)","background-image":"","background-repeat":"repeat","background-position":"center center","background-size":"auto","background-attachment":"scroll","background-type":"","background-media":"","overlay-type":"","overlay-color":"","overlay-gradient":""},"mobile":{"background-color":"var(--ast-global-color-5)","background-image":"","background-repeat":"repeat","background-position":"center center","background-size":"auto","background-attachment":"scroll","background-type":"","background-media":"","overlay-type":"","overlay-color":"","overlay-gradient":""}},"footnotes":""},"aioseo_notices":[],"_links":{"self":[{"href":"https:\/\/www.micronatura.si\/index.php?rest_route=\/wp\/v2\/pages\/7055"}],"collection":[{"href":"https:\/\/www.micronatura.si\/index.php?rest_route=\/wp\/v2\/pages"}],"about":[{"href":"https:\/\/www.micronatura.si\/index.php?rest_route=\/wp\/v2\/types\/page"}],"author":[{"embeddable":true,"href":"https:\/\/www.micronatura.si\/index.php?rest_route=\/wp\/v2\/users\/1"}],"replies":[{"embeddable":true,"href":"https:\/\/www.micronatura.si\/index.php?rest_route=%2Fwp%2Fv2%2Fcomments&post=7055"}],"version-history":[{"count":19,"href":"https:\/\/www.micronatura.si\/index.php?rest_route=\/wp\/v2\/pages\/7055\/revisions"}],"predecessor-version":[{"id":8064,"href":"https:\/\/www.micronatura.si\/index.php?rest_route=\/wp\/v2\/pages\/7055\/revisions\/8064"}],"up":[{"embeddable":true,"href":"https:\/\/www.micronatura.si\/index.php?rest_route=\/wp\/v2\/pages\/6388"}],"wp:attachment":[{"href":"https:\/\/www.micronatura.si\/index.php?rest_route=%2Fwp%2Fv2%2Fmedia&parent=7055"}],"curies":[{"name":"wp","href":"https:\/\/api.w.org\/{rel}","templated":true}]}}