{"id":7172,"date":"2023-12-20T19:35:01","date_gmt":"2023-12-20T18:35:01","guid":{"rendered":"http:\/\/dev.micronatura.si\/?page_id=7172"},"modified":"2024-02-09T10:46:06","modified_gmt":"2024-02-09T09:46:06","slug":"klima-v-hlevu","status":"publish","type":"page","link":"https:\/\/www.micronatura.si\/?page_id=7172","title":{"rendered":"Klima v hlevu"},"content":{"rendered":"\t\t<div data-elementor-type=\"wp-page\" data-elementor-id=\"7172\" class=\"elementor elementor-7172\">\n\t\t\t\t\t\t<section class=\"elementor-section elementor-top-section elementor-element elementor-element-6d34fd44 elementor-section-height-min-height elementor-section-content-middle elementor-section-boxed elementor-section-height-default elementor-section-items-middle elementor-invisible\" data-id=\"6d34fd44\" data-element_type=\"section\" data-settings=\"{&quot;background_background&quot;:&quot;classic&quot;,&quot;animation&quot;:&quot;fadeInDown&quot;}\">\n\t\t\t\t\t\t\t<div class=\"elementor-background-overlay\"><\/div>\n\t\t\t\t\t\t\t<div class=\"elementor-container elementor-column-gap-no\">\n\t\t\t\t\t<div class=\"elementor-column elementor-col-100 elementor-top-column elementor-element elementor-element-4a1ec230\" data-id=\"4a1ec230\" data-element_type=\"column\">\n\t\t\t<div class=\"elementor-widget-wrap elementor-element-populated\">\n\t\t\t\t\t\t<div class=\"elementor-element elementor-element-3578d747 elementor-widget__width-initial elementor-widget elementor-widget-heading\" data-id=\"3578d747\" data-element_type=\"widget\" data-widget_type=\"heading.default\">\n\t\t\t\t<div class=\"elementor-widget-container\">\n\t\t\t<h1 class=\"elementor-heading-title elementor-size-xl\">Klima<\/h1>\t\t<\/div>\n\t\t\t\t<\/div>\n\t\t\t\t\t<\/div>\n\t\t<\/div>\n\t\t\t\t\t<\/div>\n\t\t<\/section>\n\t\t<div class=\"elementor-element elementor-element-fe5dc95 e-con-full e-flex e-con e-parent\" data-id=\"fe5dc95\" data-element_type=\"container\">\n\t\t<div class=\"elementor-element elementor-element-4e2c8bb e-con-full e-flex e-con e-child\" data-id=\"4e2c8bb\" data-element_type=\"container\">\n\t\t\t\t<div class=\"elementor-element elementor-element-037c329 elementor-widget elementor-widget-text-editor\" data-id=\"037c329\" data-element_type=\"widget\" data-widget_type=\"text-editor.default\">\n\t\t\t\t<div class=\"elementor-widget-container\">\n\t\t\t\t\t\t\t<p>Hlevski prostor je bivalni prostor za \u017eivali, za mnoge edini. Kvaliteta bivanja v tem prostoru vpliva na njihovo po\u010dutje, zdravje in posledi\u010dno tudi na kakovost proizvodov zaradi katerih jih gojimo. \u017divalski voh je veliko bolj ob\u010dutljiv kot \u010dlove\u0161ki, \u017ee nam ni prijetno priti v zatohel in zaudarjajo\u010d hlev, \u017eivalim pa je bivanje v takem okolju tudi neprijetno. Tudi \u010de v ohranjanje higiene vlo\u017eimo veliko truda je to le umetno ustvarjen prostor ki ni idealno nadomestilo za njihovo naravno okolje, \u010deprav ima tudi hlev seveda svoje prednosti.<\/p>\t\t\t\t\t\t<\/div>\n\t\t\t\t<\/div>\n\t\t\t\t<div class=\"elementor-element elementor-element-98f5908 elementor-widget elementor-widget-text-editor\" data-id=\"98f5908\" data-element_type=\"widget\" data-widget_type=\"text-editor.default\">\n\t\t\t\t<div class=\"elementor-widget-container\">\n\t\t\t\t\t\t\t<p>V hlevu kot vzrok za smrad prevladujejo predvsem \u017eivalski izlo\u010dki. Ti vsebujejo veliko mikroorganizmov. \u010ce je kisik dostopen potekajo aerobni procesi, ki potekajo na\u010deloma hitreje in brez neprijetnih vonjav, medtem, ko pri anaerobnem nastajajo vmesni produkti npr. metan, sulfid, amoniak. Neprijetne vonjave povzro\u010dajo predvsem vodikov sulfid, ogljikov sulfid, ogljikove kisline, hlapne organske spojine, amonijak in so produkt anaerobnega gnitja. Tudi efektivni mikroorganizmi EM<span style=\"color: var( --e-global-color-secondary ); background-color: var(--ast-global-color-4); font-size: 1rem;\">\u00ae<\/span><span style=\"font-style: inherit; font-weight: inherit; color: var( --e-global-color-secondary ); background-color: var(--ast-global-color-4);\">\u00a0sicer delujejo v anaerobnem okolju, vendar je njihov na\u010din razgradnje fermentacija in ne gnitje.<\/span><\/p><p>\u0160kodljivi vplivi omenjenih plinov so razli\u010dni. Sulfidi vplivajo na \u017eiv\u010dni sistem, hlapne organske imajo \u0161kodljive posledice predvsem ob dolgoro\u010dni izpostavljenosti (lahko so rakotvorne).<br \/>V hlevu dodatno k poslab\u0161anju bivanjskih razmer pripomorejo muhe, katere privabljajo vonjave, ki se razvijajo ob procesih gnitja. Na gnijo\u010do maso muhe le\u017eejo jaj\u010deca, k zatiranju le teh pa te\u017eijo vsi premi\u0161ljeni na\u010dini odprave muh. Kemi\u010dnih metod je mnogo tehnologija EM<span style=\"color: var( --e-global-color-secondary ); background-color: var(--ast-global-color-4); font-size: 1rem;\">\u00ae<\/span><span style=\"font-style: inherit; font-weight: inherit; color: var( --e-global-color-secondary ); background-color: var(--ast-global-color-4);\">\u00a0pa se loti problem zatreti \u017ee v kali in sicer z zmanj\u0161anjem gnilobnih procesov. Muh ne bomo popolnoma odpravili vendar bo njihova prisotnost malo\u0161tevilna in s tem bolj\u0161i bivanjski pogoji. Prisotnost muh je \u017eivalim nadle\u017ena, nekatere vrste pa se hranijo z \u017eivalsko krvjo, kar jim \u0161e dodatno \u0161kodi, prena\u0161ajo pa lahko tudi bolezni. V takih razmerah je upad prirastka in koli\u010dine pridelka o\u010diten.<\/span><\/p><p>Vsi na\u0161i posegi v bivanjsko okolje rejnih \u017eivali z namenom izbolj\u0161anja se nam bodo povrnili saj je zdravje \u017eivali klju\u010dno za koli\u010dino pridelka in na koncu na\u0161e zadovoljstvo.<\/p><p>\u00a0<\/p>\t\t\t\t\t\t<\/div>\n\t\t\t\t<\/div>\n\t\t\t\t<\/div>\n\t\t<div class=\"elementor-element elementor-element-2693212 e-con-full e-flex elementor-invisible e-con e-child\" data-id=\"2693212\" data-element_type=\"container\" data-settings=\"{&quot;animation&quot;:&quot;fadeInRight&quot;}\">\n\t\t\t\t<div class=\"elementor-element elementor-element-369c5c2 elementor-widget elementor-widget-text-editor\" data-id=\"369c5c2\" data-element_type=\"widget\" data-widget_type=\"text-editor.default\">\n\t\t\t\t<div class=\"elementor-widget-container\">\n\t\t\t\t\t\t\t<h3 style=\"text-align: left;\">Prednosti:<\/h3><ul><li style=\"text-align: left;\">zmanj\u0161ane emisije amonija, du\u0161ikovih oksidov in hlapnih organskih spojin<\/li><li style=\"text-align: left;\">manj neprijetnih vonjav<\/li><li style=\"text-align: left;\">manj muh<\/li><li style=\"text-align: left;\">prijetnej\u0161a atmosfera za bivanje<\/li><li style=\"text-align: left;\">bolj\u0161e zdravje \u017eivali<\/li><li style=\"text-align: left;\">ve\u010dja produktivnost \u017eivali<\/li><\/ul>\t\t\t\t\t\t<\/div>\n\t\t\t\t<\/div>\n\t\t\t\t<div class=\"elementor-element elementor-element-b897a12 elementor-widget elementor-widget-text-editor\" data-id=\"b897a12\" data-element_type=\"widget\" data-widget_type=\"text-editor.default\">\n\t\t\t\t<div class=\"elementor-widget-container\">\n\t\t\t\t\t\t\t<h3 style=\"text-align: left;\">Uporaba:<\/h3><ul><li style=\"text-align: left;\">Pri zmanj\u0161evanju emisij v hlevu lahko uporabimo EM ZOO \u017ee v \u017eivalski krmi, kar do neke mere zmanj\u0161a emisije \u017eivalskih izlo\u010dkov.<\/li><li style=\"text-align: left;\">Za pranje in \u010di\u0161\u010denje hlevskih povr\u0161in uporabimo in \u010distimo z razred\u010denim z vodo v razmerju od 1 : 20 do 1 : 100.<\/li><li style=\"text-align: left;\">Kot dodatek k gnojevki je okvirna doza 1l EM\u00ae\u00a0\/ m3 gnojevke, ta varira od morebitne prej\u0161nje uporabe EM\u00ae\u00a0in samih lastnosti gnojevke. Ena aplikacija zado\u0161\u010da za nevtralizacijo vonjav za prbl. dva tedna.<\/li><\/ul>\t\t\t\t\t\t<\/div>\n\t\t\t\t<\/div>\n\t\t\t\t<\/div>\n\t\t<div class=\"elementor-element elementor-element-af7376e e-con-full e-flex e-con e-child\" data-id=\"af7376e\" data-element_type=\"container\">\n\t\t<div class=\"elementor-element elementor-element-3953be9 e-con-full e-flex e-con e-child\" data-id=\"3953be9\" data-element_type=\"container\">\n\t\t\t\t<div class=\"elementor-element elementor-element-282b259 elementor-widget__width-initial elementor-widget elementor-widget-image\" data-id=\"282b259\" data-element_type=\"widget\" data-widget_type=\"image.default\">\n\t\t\t\t<div class=\"elementor-widget-container\">\n\t\t\t\t\t\t\t\t\t\t\t\t\t<img fetchpriority=\"high\" decoding=\"async\" width=\"1024\" height=\"681\" src=\"https:\/\/www.micronatura.si\/wp-content\/uploads\/2023\/12\/krave1-1024x681.jpg\" class=\"attachment-large size-large wp-image-7175\" alt=\"\" srcset=\"https:\/\/www.micronatura.si\/wp-content\/uploads\/2023\/12\/krave1-1024x681.jpg 1024w, https:\/\/www.micronatura.si\/wp-content\/uploads\/2023\/12\/krave1-300x200.jpg 300w, https:\/\/www.micronatura.si\/wp-content\/uploads\/2023\/12\/krave1-768x511.jpg 768w, https:\/\/www.micronatura.si\/wp-content\/uploads\/2023\/12\/krave1-1536x1022.jpg 1536w, https:\/\/www.micronatura.si\/wp-content\/uploads\/2023\/12\/krave1-600x399.jpg 600w, https:\/\/www.micronatura.si\/wp-content\/uploads\/2023\/12\/krave1.jpg 1572w\" sizes=\"(max-width: 1024px) 100vw, 1024px\" \/>\t\t\t\t\t\t\t\t\t\t\t\t\t<\/div>\n\t\t\t\t<\/div>\n\t\t\t\t<div class=\"elementor-element elementor-element-2ef5e99 elementor-widget__width-initial elementor-widget elementor-widget-image\" data-id=\"2ef5e99\" data-element_type=\"widget\" data-widget_type=\"image.default\">\n\t\t\t\t<div class=\"elementor-widget-container\">\n\t\t\t\t\t\t\t\t\t\t\t\t\t<img decoding=\"async\" width=\"1024\" height=\"681\" src=\"https:\/\/www.micronatura.si\/wp-content\/uploads\/2023\/12\/kokosi1-1024x681.jpg\" class=\"attachment-large size-large wp-image-7174\" alt=\"\" srcset=\"https:\/\/www.micronatura.si\/wp-content\/uploads\/2023\/12\/kokosi1-1024x681.jpg 1024w, https:\/\/www.micronatura.si\/wp-content\/uploads\/2023\/12\/kokosi1-300x200.jpg 300w, https:\/\/www.micronatura.si\/wp-content\/uploads\/2023\/12\/kokosi1-768x511.jpg 768w, https:\/\/www.micronatura.si\/wp-content\/uploads\/2023\/12\/kokosi1-1536x1022.jpg 1536w, https:\/\/www.micronatura.si\/wp-content\/uploads\/2023\/12\/kokosi1-600x399.jpg 600w, https:\/\/www.micronatura.si\/wp-content\/uploads\/2023\/12\/kokosi1.jpg 1568w\" sizes=\"(max-width: 1024px) 100vw, 1024px\" \/>\t\t\t\t\t\t\t\t\t\t\t\t\t<\/div>\n\t\t\t\t<\/div>\n\t\t\t\t<div class=\"elementor-element elementor-element-182eb36 elementor-widget__width-initial elementor-widget elementor-widget-image\" data-id=\"182eb36\" data-element_type=\"widget\" data-widget_type=\"image.default\">\n\t\t\t\t<div class=\"elementor-widget-container\">\n\t\t\t\t\t\t\t\t\t\t\t\t\t<img decoding=\"async\" width=\"1024\" height=\"680\" src=\"https:\/\/www.micronatura.si\/wp-content\/uploads\/2023\/12\/pujsek-1024x680.jpg\" class=\"attachment-large size-large wp-image-7057\" alt=\"\" srcset=\"https:\/\/www.micronatura.si\/wp-content\/uploads\/2023\/12\/pujsek-1024x680.jpg 1024w, https:\/\/www.micronatura.si\/wp-content\/uploads\/2023\/12\/pujsek-300x199.jpg 300w, https:\/\/www.micronatura.si\/wp-content\/uploads\/2023\/12\/pujsek-768x510.jpg 768w, https:\/\/www.micronatura.si\/wp-content\/uploads\/2023\/12\/pujsek-1536x1021.jpg 1536w, https:\/\/www.micronatura.si\/wp-content\/uploads\/2023\/12\/pujsek-600x399.jpg 600w, https:\/\/www.micronatura.si\/wp-content\/uploads\/2023\/12\/pujsek.jpg 1571w\" sizes=\"(max-width: 1024px) 100vw, 1024px\" \/>\t\t\t\t\t\t\t\t\t\t\t\t\t<\/div>\n\t\t\t\t<\/div>\n\t\t\t\t<\/div>\n\t\t\t\t<\/div>\n\t\t\t\t<\/div>\n\t\t<div class=\"elementor-element elementor-element-814e2ea e-con-full e-flex e-con e-parent\" data-id=\"814e2ea\" data-element_type=\"container\">\n\t\t\t\t<div class=\"elementor-element elementor-element-f0237a4 elementor-widget elementor-widget-text-editor\" data-id=\"f0237a4\" data-element_type=\"widget\" data-widget_type=\"text-editor.default\">\n\t\t\t\t<div class=\"elementor-widget-container\">\n\t\t\t\t\t\t\t<h3>\u00a0Poskrbimo za zdravje in dobro po\u010dutje na\u0161ih \u017eivali.<\/h3>\t\t\t\t\t\t<\/div>\n\t\t\t\t<\/div>\n\t\t\t\t<\/div>\n\t\t<div class=\"elementor-element elementor-element-31a9e4c e-flex e-con-boxed e-con e-parent\" data-id=\"31a9e4c\" data-element_type=\"container\">\n\t\t\t\t\t<div class=\"e-con-inner\">\n\t\t\t\t<div class=\"elementor-element elementor-element-0e909dc elementor-widget elementor-widget-image\" data-id=\"0e909dc\" data-element_type=\"widget\" data-widget_type=\"image.default\">\n\t\t\t\t<div class=\"elementor-widget-container\">\n\t\t\t\t\t\t\t\t\t\t\t\t\t\t<a href=\"http:\/\/www.micronatura.si\/?product=em-zoo-za-zivali\">\n\t\t\t\t\t\t\t<img loading=\"lazy\" decoding=\"async\" width=\"300\" height=\"300\" src=\"https:\/\/www.micronatura.si\/wp-content\/uploads\/2022\/05\/em-zoo-20l-300x300.jpg\" class=\"attachment-medium size-medium wp-image-5224\" alt=\"\" srcset=\"https:\/\/www.micronatura.si\/wp-content\/uploads\/2022\/05\/em-zoo-20l-300x300.jpg 300w, https:\/\/www.micronatura.si\/wp-content\/uploads\/2022\/05\/em-zoo-20l-150x150.jpg 150w, https:\/\/www.micronatura.si\/wp-content\/uploads\/2022\/05\/em-zoo-20l-100x100.jpg 100w, https:\/\/www.micronatura.si\/wp-content\/uploads\/2022\/05\/em-zoo-20l.jpg 580w\" sizes=\"(max-width: 300px) 100vw, 300px\" \/>\t\t\t\t\t\t\t\t<\/a>\n\t\t\t\t\t\t\t\t\t\t\t\t\t<\/div>\n\t\t\t\t<\/div>\n\t\t\t\t\t<\/div>\n\t\t\t\t<\/div>\n\t\t\t\t<\/div>\n\t\t","protected":false},"excerpt":{"rendered":"<p>Klima Hlevski prostor je bivalni prostor za \u017eivali, za mnoge edini. Kvaliteta bivanja v tem prostoru vpliva na njihovo po\u010dutje, zdravje in posledi\u010dno tudi na kakovost proizvodov zaradi katerih jih gojimo. \u017divalski voh je veliko bolj ob\u010dutljiv kot \u010dlove\u0161ki, \u017ee nam ni prijetno priti v zatohel in zaudarjajo\u010d hlev, \u017eivalim pa je bivanje v takem [&hellip;]<\/p>\n","protected":false},"author":1,"featured_media":0,"parent":6388,"menu_order":0,"comment_status":"closed","ping_status":"closed","template":"","meta":{"site-sidebar-layout":"no-sidebar","site-content-layout":"page-builder","ast-site-content-layout":"","site-content-style":"default","site-sidebar-style":"default","ast-global-header-display":"","ast-banner-title-visibility":"","ast-main-header-display":"","ast-hfb-above-header-display":"","ast-hfb-below-header-display":"","ast-hfb-mobile-header-display":"","site-post-title":"disabled","ast-breadcrumbs-content":"","ast-featured-img":"disabled","footer-sml-layout":"","theme-transparent-header-meta":"","adv-header-id-meta":"","stick-header-meta":"","header-above-stick-meta":"","header-main-stick-meta":"","header-below-stick-meta":"","astra-migrate-meta-layouts":"default","ast-page-background-enabled":"default","ast-page-background-meta":{"desktop":{"background-color":"","background-image":"","background-repeat":"repeat","background-position":"center center","background-size":"auto","background-attachment":"scroll","background-type":"","background-media":"","overlay-type":"","overlay-color":"","overlay-gradient":""},"tablet":{"background-color":"","background-image":"","background-repeat":"repeat","background-position":"center center","background-size":"auto","background-attachment":"scroll","background-type":"","background-media":"","overlay-type":"","overlay-color":"","overlay-gradient":""},"mobile":{"background-color":"","background-image":"","background-repeat":"repeat","background-position":"center center","background-size":"auto","background-attachment":"scroll","background-type":"","background-media":"","overlay-type":"","overlay-color":"","overlay-gradient":""}},"ast-content-background-meta":{"desktop":{"background-color":"var(--ast-global-color-5)","background-image":"","background-repeat":"repeat","background-position":"center center","background-size":"auto","background-attachment":"scroll","background-type":"","background-media":"","overlay-type":"","overlay-color":"","overlay-gradient":""},"tablet":{"background-color":"var(--ast-global-color-5)","background-image":"","background-repeat":"repeat","background-position":"center center","background-size":"auto","background-attachment":"scroll","background-type":"","background-media":"","overlay-type":"","overlay-color":"","overlay-gradient":""},"mobile":{"background-color":"var(--ast-global-color-5)","background-image":"","background-repeat":"repeat","background-position":"center center","background-size":"auto","background-attachment":"scroll","background-type":"","background-media":"","overlay-type":"","overlay-color":"","overlay-gradient":""}},"footnotes":""},"aioseo_notices":[],"_links":{"self":[{"href":"https:\/\/www.micronatura.si\/index.php?rest_route=\/wp\/v2\/pages\/7172"}],"collection":[{"href":"https:\/\/www.micronatura.si\/index.php?rest_route=\/wp\/v2\/pages"}],"about":[{"href":"https:\/\/www.micronatura.si\/index.php?rest_route=\/wp\/v2\/types\/page"}],"author":[{"embeddable":true,"href":"https:\/\/www.micronatura.si\/index.php?rest_route=\/wp\/v2\/users\/1"}],"replies":[{"embeddable":true,"href":"https:\/\/www.micronatura.si\/index.php?rest_route=%2Fwp%2Fv2%2Fcomments&post=7172"}],"version-history":[{"count":28,"href":"https:\/\/www.micronatura.si\/index.php?rest_route=\/wp\/v2\/pages\/7172\/revisions"}],"predecessor-version":[{"id":8073,"href":"https:\/\/www.micronatura.si\/index.php?rest_route=\/wp\/v2\/pages\/7172\/revisions\/8073"}],"up":[{"embeddable":true,"href":"https:\/\/www.micronatura.si\/index.php?rest_route=\/wp\/v2\/pages\/6388"}],"wp:attachment":[{"href":"https:\/\/www.micronatura.si\/index.php?rest_route=%2Fwp%2Fv2%2Fmedia&parent=7172"}],"curies":[{"name":"wp","href":"https:\/\/api.w.org\/{rel}","templated":true}]}}