{"id":7567,"date":"2024-01-17T21:29:30","date_gmt":"2024-01-17T20:29:30","guid":{"rendered":"http:\/\/dev.micronatura.si\/?page_id=7567"},"modified":"2025-07-31T11:38:30","modified_gmt":"2025-07-31T09:38:30","slug":"cebelarstvo","status":"publish","type":"page","link":"https:\/\/www.micronatura.si\/?page_id=7567","title":{"rendered":"\u010cebelarstvo"},"content":{"rendered":"\t\t<div data-elementor-type=\"wp-page\" data-elementor-id=\"7567\" class=\"elementor elementor-7567\">\n\t\t\t\t\t\t<section class=\"elementor-section elementor-top-section elementor-element elementor-element-25be64bf elementor-section-height-min-height elementor-section-content-middle elementor-section-full_width elementor-section-height-default elementor-section-items-middle\" data-id=\"25be64bf\" data-element_type=\"section\" data-settings=\"{&quot;background_background&quot;:&quot;classic&quot;}\">\n\t\t\t\t\t\t\t<div class=\"elementor-background-overlay\"><\/div>\n\t\t\t\t\t\t\t<div class=\"elementor-container elementor-column-gap-no\">\n\t\t\t\t\t<div class=\"elementor-column elementor-col-100 elementor-top-column elementor-element elementor-element-4708b7a4\" data-id=\"4708b7a4\" data-element_type=\"column\">\n\t\t\t<div class=\"elementor-widget-wrap elementor-element-populated\">\n\t\t\t\t\t\t<div class=\"elementor-element elementor-element-2faa90e7 elementor-widget__width-initial elementor-widget elementor-widget-heading\" data-id=\"2faa90e7\" data-element_type=\"widget\" data-widget_type=\"heading.default\">\n\t\t\t\t<div class=\"elementor-widget-container\">\n\t\t\t<h1 class=\"elementor-heading-title elementor-size-xl\">EM\u00ae v \u010debelarstvu\n<\/h1>\t\t<\/div>\n\t\t\t\t<\/div>\n\t\t\t\t\t<\/div>\n\t\t<\/div>\n\t\t\t\t\t<\/div>\n\t\t<\/section>\n\t\t<div class=\"elementor-element elementor-element-e7e440d e-flex e-con-boxed e-con e-parent\" data-id=\"e7e440d\" data-element_type=\"container\">\n\t\t\t\t\t<div class=\"e-con-inner\">\n\t\t\t\t<div class=\"elementor-element elementor-element-ab41385 elementor-widget elementor-widget-text-editor\" data-id=\"ab41385\" data-element_type=\"widget\" data-widget_type=\"text-editor.default\">\n\t\t\t\t<div class=\"elementor-widget-container\">\n\t\t\t\t\t\t\t<h3 style=\"text-align: center;\" data-start=\"847\" data-end=\"902\">Uporaba EM Probiotic for Bees v \u010debelarstvu \u2013 naravna podpora za zdrave \u010debele<\/h3>\t\t\t\t\t\t<\/div>\n\t\t\t\t<\/div>\n\t\t\t\t\t<\/div>\n\t\t\t\t<\/div>\n\t\t<div class=\"elementor-element elementor-element-7295a29 e-con-full e-flex e-con e-parent\" data-id=\"7295a29\" data-element_type=\"container\">\n\t\t<div class=\"elementor-element elementor-element-a68f8de e-con-full e-flex e-con e-child\" data-id=\"a68f8de\" data-element_type=\"container\">\n\t\t\t\t<div class=\"elementor-element elementor-element-892ade9 elementor-widget elementor-widget-image\" data-id=\"892ade9\" data-element_type=\"widget\" data-widget_type=\"image.default\">\n\t\t\t\t<div class=\"elementor-widget-container\">\n\t\t\t\t\t\t\t\t\t\t\t\t\t\t<a href=\"https:\/\/www.micronatura.si\/?product=em-probiotic-for-bees\">\n\t\t\t\t\t\t\t<img fetchpriority=\"high\" decoding=\"async\" width=\"1024\" height=\"1024\" src=\"https:\/\/www.micronatura.si\/wp-content\/uploads\/2022\/05\/em-bee-1l.jpg\" class=\"attachment-large size-large wp-image-5266\" alt=\"\" srcset=\"https:\/\/www.micronatura.si\/wp-content\/uploads\/2022\/05\/em-bee-1l.jpg 1024w, https:\/\/www.micronatura.si\/wp-content\/uploads\/2022\/05\/em-bee-1l-300x300.jpg 300w, https:\/\/www.micronatura.si\/wp-content\/uploads\/2022\/05\/em-bee-1l-150x150.jpg 150w, https:\/\/www.micronatura.si\/wp-content\/uploads\/2022\/05\/em-bee-1l-768x768.jpg 768w, https:\/\/www.micronatura.si\/wp-content\/uploads\/2022\/05\/em-bee-1l-600x600.jpg 600w, https:\/\/www.micronatura.si\/wp-content\/uploads\/2022\/05\/em-bee-1l-100x100.jpg 100w\" sizes=\"(max-width: 1024px) 100vw, 1024px\" \/>\t\t\t\t\t\t\t\t<\/a>\n\t\t\t\t\t\t\t\t\t\t\t\t\t<\/div>\n\t\t\t\t<\/div>\n\t\t\t\t<\/div>\n\t\t<div class=\"elementor-element elementor-element-94202d5 e-con-full e-flex e-con e-child\" data-id=\"94202d5\" data-element_type=\"container\">\n\t\t\t\t<div class=\"elementor-element elementor-element-a384aa8 elementor-widget elementor-widget-bdt-featured-box\" data-id=\"a384aa8\" data-element_type=\"widget\" data-widget_type=\"bdt-featured-box.default\">\n\t\t\t\t<div class=\"elementor-widget-container\">\n\t\t\t\t\t<div class=\"bdt-ep-featured-box bdt-ep-featured-box-default\">\n\n\t\t\t\t\t<div class=\"bdt-ep-featured-box-image\">\n\t\t\t<div class=\"bdt-position-relative\">\n\t\t\t\t<img decoding=\"async\" width=\"2560\" height=\"1542\" src=\"https:\/\/www.micronatura.si\/wp-content\/uploads\/2025\/07\/cebele-scaled.jpg\" class=\"attachment-full size-full\" alt=\"Kaj je EM Probiotic for Bees in zakaj ga uporabljati v \u010debelarstvu?\" srcset=\"https:\/\/www.micronatura.si\/wp-content\/uploads\/2025\/07\/cebele-scaled.jpg 2560w, https:\/\/www.micronatura.si\/wp-content\/uploads\/2025\/07\/cebele-300x181.jpg 300w, https:\/\/www.micronatura.si\/wp-content\/uploads\/2025\/07\/cebele-1024x617.jpg 1024w, https:\/\/www.micronatura.si\/wp-content\/uploads\/2025\/07\/cebele-768x463.jpg 768w, https:\/\/www.micronatura.si\/wp-content\/uploads\/2025\/07\/cebele-1536x925.jpg 1536w, https:\/\/www.micronatura.si\/wp-content\/uploads\/2025\/07\/cebele-2048x1234.jpg 2048w, https:\/\/www.micronatura.si\/wp-content\/uploads\/2025\/07\/cebele-600x361.jpg 600w\" sizes=\"(max-width: 2560px) 100vw, 2560px\" \/>\t\t\t\t\t\t<\/div>\n\t\t<\/div>\n\t\t\n\t\t\t<div class=\"bdt-ep-featured-box-content bdt-position-center-left\">\n\n\t\t\t\t\t\t\n\t\t\t\t\t<h3\t\t\t\tclass=\"bdt-ep-featured-box-title\">\n\t\t\t\t<span >\n\t\t\t\t\tKaj je EM Probiotic for Bees in zakaj ga uporabljati v \u010debelarstvu?\t\t\t\t<\/span>\n\t\t\t<\/h3>\n\t\t\n\t\t\t\t\t<div class=\"bdt-ep-featured-box-text\">\n\t\t\t\tEM Probiotic for Bees je me\u0161anica koristnih mikroorganizmov, kot so laktobacili in kvasovke. Delujejo sinergisti\u010dno in imajo mo\u010dne probioti\u010dne, za\u0161\u010ditne in regenerativne lastnosti. V \u010debelarstvu njihova uporaba temelji na naravnem izbolj\u0161evanju imunskega sistema \u010debel, dezinfekciji panjev in boju proti boleznim \u2013 brez kemije.\t\t\t<\/div>\n\t\t\n\t\t\t\n\t\t\t<\/div>\n\n\t\t<\/div>\n\n\t\t\t\t<\/div>\n\t\t\t\t<\/div>\n\t\t\t\t<\/div>\n\t\t\t\t<\/div>\n\t\t<div class=\"elementor-element elementor-element-e2f07ff e-flex e-con-boxed e-con e-parent\" data-id=\"e2f07ff\" data-element_type=\"container\">\n\t\t\t\t\t<div class=\"e-con-inner\">\n\t\t<div class=\"elementor-element elementor-element-2c17e5a e-con-full e-flex e-con e-child\" data-id=\"2c17e5a\" data-element_type=\"container\">\n\t\t\t\t<div class=\"elementor-element elementor-element-8498b1c elementor-widget elementor-widget-text-editor\" data-id=\"8498b1c\" data-element_type=\"widget\" data-widget_type=\"text-editor.default\">\n\t\t\t\t<div class=\"elementor-widget-container\">\n\t\t\t\t\t\t\t<h3 style=\"text-align: left;\" data-start=\"847\" data-end=\"902\"><span style=\"color: #333333;\">Glavne prednosti EM Probiotic for Bees za \u010debelarstvo:<\/span><\/h3>\n<ul>\n<li style=\"text-align: left;\"><span style=\"color: #333333;\">Naravno krepitev imunskega sistema \u010debel<\/span><\/li>\n<li style=\"text-align: left;\"><span style=\"color: #333333;\">Zaviranje razvoja bolezni, kot so nozemoza, ameri\u0161ka in evropska gniloba ter poapnela zalega<\/span><\/li>\n<li style=\"text-align: left;\"><span style=\"color: #333333;\">Zmanj\u0161anje stresa in agresivnosti \u010debel<\/span><\/li>\n<li style=\"text-align: left;\"><span style=\"color: #333333;\">Zmanj\u0161a stres po zdravljenju varoje<\/span><\/li>\n<li style=\"text-align: left;\"><span style=\"color: #333333;\">Genetski potencial je bolj izra\u017een<\/span><\/li>\n<\/ul>\n<h5><span style=\"color: #333333;\">Zakaj izbrati EM Probiotic for Bees v \u010debelarstvu?<\/span><\/h5>\n<div><span style=\"color: #333333;\">V \u010dasu, ko se \u010debelarji sre\u010dujejo z velikimi izgubami \u010debeljih dru\u017ein zaradi bolezni, stresa in okoljskih vplivov, je&nbsp;<strong data-start=\"2347\" data-end=\"2383\">EM Probiotic for Bees odgovor narave<\/strong>. Po uporabi ni ostankov v medu, ni strupeno za \u010debele in dolgoro\u010dno vzpostavi zdravo mikrobno klimo v panju.<\/span><\/div>\t\t\t\t\t\t<\/div>\n\t\t\t\t<\/div>\n\t\t\t\t<\/div>\n\t\t<div class=\"elementor-element elementor-element-e211700 e-con-full bdt-backdrop-filter-yes e-flex e-con e-child\" data-id=\"e211700\" data-element_type=\"container\">\n\t\t\t\t<div class=\"elementor-element elementor-element-e85d58f elementor-widget elementor-widget-image\" data-id=\"e85d58f\" data-element_type=\"widget\" data-widget_type=\"image.default\">\n\t\t\t\t<div class=\"elementor-widget-container\">\n\t\t\t\t\t\t\t\t\t\t\t\t\t<img decoding=\"async\" width=\"1024\" height=\"427\" src=\"https:\/\/www.micronatura.si\/wp-content\/uploads\/2025\/07\/pingvin-cebele3-1024x427.jpg\" class=\"attachment-large size-large wp-image-9962\" alt=\"\" srcset=\"https:\/\/www.micronatura.si\/wp-content\/uploads\/2025\/07\/pingvin-cebele3-1024x427.jpg 1024w, https:\/\/www.micronatura.si\/wp-content\/uploads\/2025\/07\/pingvin-cebele3-300x125.jpg 300w, https:\/\/www.micronatura.si\/wp-content\/uploads\/2025\/07\/pingvin-cebele3-768x320.jpg 768w, https:\/\/www.micronatura.si\/wp-content\/uploads\/2025\/07\/pingvin-cebele3-1536x640.jpg 1536w, https:\/\/www.micronatura.si\/wp-content\/uploads\/2025\/07\/pingvin-cebele3-2048x853.jpg 2048w, https:\/\/www.micronatura.si\/wp-content\/uploads\/2025\/07\/pingvin-cebele3-600x250.jpg 600w\" sizes=\"(max-width: 1024px) 100vw, 1024px\" \/>\t\t\t\t\t\t\t\t\t\t\t\t\t<\/div>\n\t\t\t\t<\/div>\n\t\t\t\t<div class=\"elementor-element elementor-element-edc0bc0 elementor-widget elementor-widget-bdt-call-out\" data-id=\"edc0bc0\" data-element_type=\"widget\" data-widget_type=\"bdt-call-out.default\">\n\t\t\t\t<div class=\"elementor-widget-container\">\n\t\t\t\t\t<div class=\"bdt-ep-callout bdt-ep-callout-button-align-right bdt-grid bdt-grid-large bdt-flex-middle\">\n\t\t\t<div class=\"bdt-width-expand bdt-first-column\">\n\t\t\t\t\t\t\t\t\t<h3\t\t\t\t\t\tclass=\"bdt-ep-callout-title\">\n\t\t\t\t\t\tStrokovna \u0161tudija Prof. Ivana Tlak Gajger in njene ekipe z univerze v Zagrebu, na Hrva\u0161kem\t\t\t\t\t<\/h3>\n\t\t\t\t\t\t\t\t\t\t\t\t\t<div class=\"bdt-ep-callout-description\">\n\t\t\t\t\t\tInfluence of Probiotic Feed Supplement on Nosema spp. Infection Level and the Gut Microbiota of Adult Honeybees (Apis mellifera L.)\t\t\t\t\t<\/div>\n\t\t\t\t\t\t\t<\/div>\n\n\t\t\t<div class=\"bdt-ep-callout-button-wrap bdt-width-auto@m\">\n\t\t\t\t<a href=\"https:\/\/pubmed.ncbi.nlm.nih.gov\/36985184\/\" class=\"bdt-ep-callout-button\">\n\n\t\t\t\t\t<span >\n\n\t\t\t\t\t\tPreberi ve\u010d!\n\t\t\t\t\t\t\t\t\t\t\t<\/span>\n\n\t\t\t\t<\/a>\n\t\t\t<\/div>\n\t\t<\/div>\n\t\t\t\t<\/div>\n\t\t\t\t<\/div>\n\t\t\t\t<\/div>\n\t\t\t\t\t<\/div>\n\t\t\t\t<\/div>\n\t\t<div class=\"elementor-element elementor-element-0768a71 e-flex e-con-boxed e-con e-parent\" data-id=\"0768a71\" data-element_type=\"container\">\n\t\t\t\t\t<div class=\"e-con-inner\">\n\t\t<div class=\"elementor-element elementor-element-ca6f71f e-con-full e-flex e-con e-child\" data-id=\"ca6f71f\" data-element_type=\"container\">\n\t\t\t\t<div class=\"elementor-element elementor-element-f00b731 elementor-widget elementor-widget-text-editor\" data-id=\"f00b731\" data-element_type=\"widget\" data-widget_type=\"text-editor.default\">\n\t\t\t\t<div class=\"elementor-widget-container\">\n\t\t\t\t\t\t\t<h3>EM Probiotic for Bees v praksi \u2013 kako jih uporabljamo pri \u010debelah?<\/h3><ul><li data-start=\"1242\" data-end=\"1273\"><h5><strong data-start=\"1250\" data-end=\"1273\">Dezinfekcija panjev<\/strong><\/h5><\/li><\/ul><p data-start=\"1274\" data-end=\"1462\">Po \u010di\u0161\u010denju po\u0161kropimo z 10% raztopino EM Probiotic for Bees. Tako hitro naselimo povr\u0161ine z dobrimi bakterijami, s \u010dimer prepre\u010dimo kolonizacijo s \u0161kodljivimi mikroorganizmi.<\/p><ul style=\"font-size: 15px; font-style: normal; font-weight: 400;\"><li style=\"font-size: 15px;\" data-start=\"1464\" data-end=\"1511\"><h5 style=\"color: #2b2f38;\"><span style=\"font-weight: bold; font-size: 1.33333rem; font-style: inherit;\" data-start=\"1685\" data-end=\"1713\">Biolo\u0161ka kontrola varoje<\/span><\/h5><\/li><\/ul><p style=\"font-size: 15px; font-style: normal; font-weight: 400;\" data-start=\"1714\" data-end=\"1919\">EM se uporablja skupaj z rastlinskimi izvle\u010dki (npr. inula viscosa) v obliki gela, ki naravno moti orientacijo varoj brez \u0161kode za \u010debele. U\u010dinek je dokumentiran tudi v laboratorijskih in terenskih testih.<\/p>\t\t\t\t\t\t<\/div>\n\t\t\t\t<\/div>\n\t\t\t\t<\/div>\n\t\t<div class=\"elementor-element elementor-element-db5dafb e-con-full e-flex e-con e-child\" data-id=\"db5dafb\" data-element_type=\"container\">\n\t\t\t\t<div class=\"elementor-element elementor-element-00cd94a elementor-widget elementor-widget-image\" data-id=\"00cd94a\" data-element_type=\"widget\" data-widget_type=\"image.default\">\n\t\t\t\t<div class=\"elementor-widget-container\">\n\t\t\t\t\t\t\t\t\t\t\t\t\t<img loading=\"lazy\" decoding=\"async\" width=\"1024\" height=\"504\" src=\"https:\/\/www.micronatura.si\/wp-content\/uploads\/2022\/05\/nosema-1024x504.jpg\" class=\"attachment-large size-large wp-image-6100\" alt=\"\" srcset=\"https:\/\/www.micronatura.si\/wp-content\/uploads\/2022\/05\/nosema-1024x504.jpg 1024w, https:\/\/www.micronatura.si\/wp-content\/uploads\/2022\/05\/nosema-300x148.jpg 300w, https:\/\/www.micronatura.si\/wp-content\/uploads\/2022\/05\/nosema-768x378.jpg 768w, https:\/\/www.micronatura.si\/wp-content\/uploads\/2022\/05\/nosema-1536x756.jpg 1536w, https:\/\/www.micronatura.si\/wp-content\/uploads\/2022\/05\/nosema-2048x1008.jpg 2048w, https:\/\/www.micronatura.si\/wp-content\/uploads\/2022\/05\/nosema-600x295.jpg 600w\" sizes=\"(max-width: 1024px) 100vw, 1024px\" \/>\t\t\t\t\t\t\t\t\t\t\t\t\t<\/div>\n\t\t\t\t<\/div>\n\t\t\t\t<\/div>\n\t\t\t\t\t<\/div>\n\t\t\t\t<\/div>\n\t\t<div class=\"elementor-element elementor-element-6ab2e1d e-flex e-con-boxed e-con e-parent\" data-id=\"6ab2e1d\" data-element_type=\"container\">\n\t\t\t\t\t<div class=\"e-con-inner\">\n\t\t\t\t<div class=\"elementor-element elementor-element-234e58e skin--default skin--tablet-default skin--mobile-default elementor-widget elementor-widget-bdt-image-accordion\" data-id=\"234e58e\" data-element_type=\"widget\" data-widget_type=\"bdt-image-accordion.default\">\n\t\t\t\t<div class=\"elementor-widget-container\">\n\t\t\t\n\t\t<div id=\"bdt-ep-image-accordion-234e58e\" class=\"bdt-ep-image-accordion\" data-settings=\"{&quot;tabs_id&quot;:&quot;bdt-ep-image-accordion-234e58e&quot;,&quot;mouse_event&quot;:&quot;mouseover&quot;}\">\n\t\t\t\n\t\t\t\t\t\t\t\t\t<div class=\"bdt-ep-image-accordion-item\" style=\"background-image: url('https:\/\/www.micronatura.si\/wp-content\/uploads\/2025\/07\/pingvin-cebele.jpg');\">\n\t\t\t\t\t\t\t\t\t\t\t\t        <div class=\"bdt-ep-image-accordion-content\">\n\t\t\t\n\t\t\t\t\t\t\t\t\t\t\t\t<h2 class=\"bdt-ep-image-accordion-title\">\n\t\t\t\t\t\tPregledovanje: \t\t\t\t\t<\/h2>\n\t\t\t\t\t\t\t\n\t\t\t\t\t\t\t<div class=\"bdt-ep-image-accordion-text\">\n\t\t\t\t\t<p>Pri vsakem pregledovanju, \u010debele po\u0161kropimo z 10% EM Probiotic for bees raztopino.<\/p>\t\t\t\t<\/div>\n\t\t\t\n\t\t\t\t\t<\/div>\n        \t\t\t\t\t<\/div>\n\t\t\t\t\n\t\t\t\n\t\t\t\t\t\t\t\t\t<div class=\"bdt-ep-image-accordion-item\" style=\"background-image: url('https:\/\/www.micronatura.si\/wp-content\/uploads\/2025\/07\/pingvin-cebele2.jpg');\">\n\t\t\t\t\t\t\t\t\t\t\t\t        <div class=\"bdt-ep-image-accordion-content\">\n\t\t\t\n\t\t\t\t\t\t\t\t\t\t\t\t<h2 class=\"bdt-ep-image-accordion-title\">\n\t\t\t\t\t\tPomiritev \u010debel: \t\t\t\t\t<\/h2>\n\t\t\t\t\t\t\t\n\t\t\t\t\t\t\t<div class=\"bdt-ep-image-accordion-text\">\n\t\t\t\t\t<p>Namesto z dimom, lahko \u010debele pomiromo z EM Probiotic for bees. Na ta na\u010din jim ne povzro\u010damo stresa. Uporabljamo nerazred\u010den preparat.<\/p>\t\t\t\t<\/div>\n\t\t\t\n\t\t\t\t\t<\/div>\n        \t\t\t\t\t<\/div>\n\t\t\t\t\n\t\t\t\n\t\t\t\t\t\t\t\t\t<div class=\"bdt-ep-image-accordion-item\" style=\"background-image: url('https:\/\/www.micronatura.si\/wp-content\/uploads\/2025\/07\/pingvin-cebele1.jpg');\">\n\t\t\t\t\t\t\t\t\t\t\t\t        <div class=\"bdt-ep-image-accordion-content\">\n\t\t\t\n\t\t\t\t\t\t\t\t\t\t\t\t<h2 class=\"bdt-ep-image-accordion-title\">\n\t\t\t\t\t\tRazku\u017eevanje \u010debelarskega orodja: \t\t\t\t\t<\/h2>\n\t\t\t\t\t\t\t\n\t\t\t\t\t\t\t<div class=\"bdt-ep-image-accordion-text\">\n\t\t\t\t\t<p>Pred vsako uporabo \u010debelarskega orodja, le tega po\u0161kropimo z 10% raztopino. Panje pred naselitvijo po\u0161kropimo po vseh povr\u0161inah.<\/p>\t\t\t\t<\/div>\n\t\t\t\n\t\t\t\t\t<\/div>\n        \t\t\t\t\t<\/div>\n\t\t\t\t\n\t\t\t\t\t<\/div>\n\t\t\t\t<\/div>\n\t\t\t\t<\/div>\n\t\t\t\t\t<\/div>\n\t\t\t\t<\/div>\n\t\t\t\t<\/div>\n\t\t","protected":false},"excerpt":{"rendered":"<p>EM\u00ae v \u010debelarstvu Uporaba EM Probiotic for Bees v \u010debelarstvu \u2013 naravna podpora za zdrave \u010debele Kaj je EM Probiotic for Bees in zakaj ga uporabljati v \u010debelarstvu? EM Probiotic for Bees je me\u0161anica koristnih mikroorganizmov, kot so laktobacili in kvasovke. Delujejo sinergisti\u010dno in imajo mo\u010dne probioti\u010dne, za\u0161\u010ditne in regenerativne lastnosti. V \u010debelarstvu njihova uporaba [&hellip;]<\/p>\n","protected":false},"author":1,"featured_media":0,"parent":6388,"menu_order":0,"comment_status":"closed","ping_status":"closed","template":"","meta":{"site-sidebar-layout":"no-sidebar","site-content-layout":"page-builder","ast-site-content-layout":"","site-content-style":"default","site-sidebar-style":"default","ast-global-header-display":"","ast-banner-title-visibility":"","ast-main-header-display":"","ast-hfb-above-header-display":"","ast-hfb-below-header-display":"","ast-hfb-mobile-header-display":"","site-post-title":"disabled","ast-breadcrumbs-content":"","ast-featured-img":"disabled","footer-sml-layout":"","theme-transparent-header-meta":"","adv-header-id-meta":"","stick-header-meta":"","header-above-stick-meta":"","header-main-stick-meta":"","header-below-stick-meta":"","astra-migrate-meta-layouts":"default","ast-page-background-enabled":"default","ast-page-background-meta":{"desktop":{"background-color":"","background-image":"","background-repeat":"repeat","background-position":"center center","background-size":"auto","background-attachment":"scroll","background-type":"","background-media":"","overlay-type":"","overlay-color":"","overlay-gradient":""},"tablet":{"background-color":"","background-image":"","background-repeat":"repeat","background-position":"center center","background-size":"auto","background-attachment":"scroll","background-type":"","background-media":"","overlay-type":"","overlay-color":"","overlay-gradient":""},"mobile":{"background-color":"","background-image":"","background-repeat":"repeat","background-position":"center center","background-size":"auto","background-attachment":"scroll","background-type":"","background-media":"","overlay-type":"","overlay-color":"","overlay-gradient":""}},"ast-content-background-meta":{"desktop":{"background-color":"var(--ast-global-color-5)","background-image":"","background-repeat":"repeat","background-position":"center center","background-size":"auto","background-attachment":"scroll","background-type":"","background-media":"","overlay-type":"","overlay-color":"","overlay-gradient":""},"tablet":{"background-color":"var(--ast-global-color-5)","background-image":"","background-repeat":"repeat","background-position":"center center","background-size":"auto","background-attachment":"scroll","background-type":"","background-media":"","overlay-type":"","overlay-color":"","overlay-gradient":""},"mobile":{"background-color":"var(--ast-global-color-5)","background-image":"","background-repeat":"repeat","background-position":"center center","background-size":"auto","background-attachment":"scroll","background-type":"","background-media":"","overlay-type":"","overlay-color":"","overlay-gradient":""}},"footnotes":""},"aioseo_notices":[],"_links":{"self":[{"href":"https:\/\/www.micronatura.si\/index.php?rest_route=\/wp\/v2\/pages\/7567"}],"collection":[{"href":"https:\/\/www.micronatura.si\/index.php?rest_route=\/wp\/v2\/pages"}],"about":[{"href":"https:\/\/www.micronatura.si\/index.php?rest_route=\/wp\/v2\/types\/page"}],"author":[{"embeddable":true,"href":"https:\/\/www.micronatura.si\/index.php?rest_route=\/wp\/v2\/users\/1"}],"replies":[{"embeddable":true,"href":"https:\/\/www.micronatura.si\/index.php?rest_route=%2Fwp%2Fv2%2Fcomments&post=7567"}],"version-history":[{"count":31,"href":"https:\/\/www.micronatura.si\/index.php?rest_route=\/wp\/v2\/pages\/7567\/revisions"}],"predecessor-version":[{"id":10001,"href":"https:\/\/www.micronatura.si\/index.php?rest_route=\/wp\/v2\/pages\/7567\/revisions\/10001"}],"up":[{"embeddable":true,"href":"https:\/\/www.micronatura.si\/index.php?rest_route=\/wp\/v2\/pages\/6388"}],"wp:attachment":[{"href":"https:\/\/www.micronatura.si\/index.php?rest_route=%2Fwp%2Fv2%2Fmedia&parent=7567"}],"curies":[{"name":"wp","href":"https:\/\/api.w.org\/{rel}","templated":true}]}}