{"id":10503,"date":"2025-11-07T14:43:47","date_gmt":"2025-11-07T13:43:47","guid":{"rendered":"https:\/\/www.micronatura.si\/?post_type=product&#038;p=10503"},"modified":"2026-02-05T13:43:35","modified_gmt":"2026-02-05T12:43:35","slug":"em-plant-forte-trave-20-l-naravno-skropivo-za-zdravo-rast-trav","status":"publish","type":"product","link":"https:\/\/www.micronatura.si\/?product=em-plant-forte-trave-20-l-naravno-skropivo-za-zdravo-rast-trav","title":{"rendered":"EM\u00ae Plant Forte trave 20 l- naravno \u0161kropivo za zdravo rast trav"},"content":{"rendered":"<h4 data-start=\"1031\" data-end=\"1065\">\u2705 Kaj omogo\u010da EM tehnologija?<\/h4>\n<ul data-start=\"1067\" data-end=\"1311\">\n<li data-start=\"1067\" data-end=\"1104\">\n<p data-start=\"1069\" data-end=\"1104\">Aktivira koristno mikrobioto v tleh<\/p>\n<\/li>\n<li data-start=\"1067\" data-end=\"1104\">\n<p data-start=\"1069\" data-end=\"1104\">Pove\u010da razpolo\u017eljivost hranil (fosfor, kalij, kalcij, magnezij in mikroelementi)<\/p>\n<\/li>\n<li data-start=\"1188\" data-end=\"1230\">\n<p data-start=\"1190\" data-end=\"1230\">Pretvarja mineralni du\u0161ik v aminokisline<\/p>\n<\/li>\n<li data-start=\"1231\" data-end=\"1257\">\n<p data-start=\"1233\" data-end=\"1257\">Izbolj\u0161uje strukturo tal<\/p>\n<\/li>\n<li data-start=\"1258\" data-end=\"1311\">\n<p data-start=\"1260\" data-end=\"1311\">Pove\u010duje odpornost rastlin na bolezni in \u0161kodljivce<\/p>\n<\/li>\n<\/ul>\n<h4 data-start=\"1313\" data-end=\"1336\">\ud83c\udf31 U\u010dinek na trato<\/h4>\n<p data-start=\"1338\" data-end=\"1397\">Ob redni uporabi (1x tedensko ali na 14 dni) postane trata:<\/p>\n<ul data-start=\"1399\" data-end=\"1538\">\n<li data-start=\"1399\" data-end=\"1416\">\n<p data-start=\"1401\" data-end=\"1416\">Gosteje porasla<\/p>\n<\/li>\n<li data-start=\"1417\" data-end=\"1433\">\n<p data-start=\"1419\" data-end=\"1433\">Temnej\u0161e barve<\/p>\n<\/li>\n<li data-start=\"1434\" data-end=\"1477\">\n<p data-start=\"1436\" data-end=\"1477\">Bolj odporna na bolezni in zunanje vplive<\/p>\n<\/li>\n<li data-start=\"1478\" data-end=\"1538\">\n<p data-start=\"1480\" data-end=\"1538\">Zmanj\u0161a se potreba po dodatnem gnojenju in kemi\u010dni za\u0161\u010diti<\/p>\n<\/li>\n<\/ul>\n<h4 data-start=\"1540\" data-end=\"1563\">\ud83c\udf3f Sestava izdelka<\/h4>\n<ul data-start=\"1565\" data-end=\"1984\">\n<li data-start=\"1565\" data-end=\"1670\">\n<p data-start=\"1567\" data-end=\"1670\"><strong data-start=\"1567\" data-end=\"1600\">Efektivni mikroorganizmi (EM)<\/strong> \u2013 pove\u010dajo biolo\u0161ko aktivnost v tleh in izbolj\u0161ajo dostopnost hranil.<\/p>\n<\/li>\n<li data-start=\"1671\" data-end=\"1805\">\n<p data-start=\"1673\" data-end=\"1805\"><strong data-start=\"1673\" data-end=\"1737\">Fermentirani rastlinski izvle\u010dki koprive in njivske preslice<\/strong> \u2013 krepijo rastline, izbolj\u0161ajo fotosintezo in delujejo repelentsko.<\/p>\n<\/li>\n<li data-start=\"1806\" data-end=\"1881\">\n<p data-start=\"1808\" data-end=\"1881\"><strong data-start=\"1808\" data-end=\"1816\">EM-5<\/strong> \u2013 naravni repelent, ki odganja \u0161kodljivce na rastlini in v tleh.<\/p>\n<\/li>\n<li data-start=\"1882\" data-end=\"1984\">\n<p data-start=\"1884\" data-end=\"1984\"><strong data-start=\"1884\" data-end=\"1904\">Bioaktivne snovi<\/strong> \u2013 spodbujajo rast korenin, krepijo celi\u010dne stene in spodbujajo imunost rastlin.<\/p>\n<\/li>\n<\/ul>\n<h4 data-start=\"1986\" data-end=\"2013\">\ud83e\uddea Navodila za uporabo<\/h4>\n<ul data-start=\"2015\" data-end=\"2253\">\n<li data-start=\"2015\" data-end=\"2096\">\n<p data-start=\"2017\" data-end=\"2096\"><strong data-start=\"2017\" data-end=\"2032\">\u0160kropljenje<\/strong>: red\u010dite v razmerju <strong data-start=\"2053\" data-end=\"2096\">1 liter EM PLANT FORTE \/ 10 litrov vode<\/strong><\/p>\n<\/li>\n<li data-start=\"2097\" data-end=\"2167\">\n<p data-start=\"2099\" data-end=\"2167\"><strong data-start=\"2099\" data-end=\"2112\">Zalivanje<\/strong>: red\u010dite v razmerju <strong data-start=\"2133\" data-end=\"2167\">1 liter \/ 100\u20131000 litrov vode<\/strong><\/p>\n<\/li>\n<li data-start=\"2168\" data-end=\"2215\">\n<p data-start=\"2170\" data-end=\"2215\"><strong data-start=\"2170\" data-end=\"2191\">Pogostost uporabe<\/strong>: vsakih <strong data-start=\"2200\" data-end=\"2215\">7 do 14 dni<\/strong><\/p>\n<\/li>\n<li data-start=\"2216\" data-end=\"2253\">\n<p data-start=\"2218\" data-end=\"2253\">Mo\u017eno <strong data-start=\"2224\" data-end=\"2253\">\u0161kropljenje ali zalivanje<\/strong><\/p>\n<\/li>\n<\/ul>\n<h4 data-start=\"2255\" data-end=\"2275\">\ud83d\udd12 Varno za vse<\/h4>\n<p data-start=\"2277\" data-end=\"2463\">EM PLANT FORTE je <strong data-start=\"2295\" data-end=\"2339\">100 % varen za ljudi, \u017eivali in rastline<\/strong>, zato je idealna izbira za <strong data-start=\"2367\" data-end=\"2407\">vzdr\u017eevanje zelenih povr\u0161in brez strupov<\/strong> \u2013 od zelenic do vrtov, sadovnjakov in okrasnih rastlin.<\/p>\n<h4 data-start=\"2465\" data-end=\"2482\">\ud83d\udccf Pokritost<\/h4>\n<ul data-start=\"2484\" data-end=\"2545\">\n<li data-start=\"2484\" data-end=\"2545\">\n<p data-start=\"2486\" data-end=\"2545\"><strong data-start=\"2486\" data-end=\"2505\">1 liter izdelka<\/strong> zadostuje za <strong data-start=\"2519\" data-end=\"2545\">50\u201380 m\u00b2 zelenice\/leto<\/strong><\/p>\n<\/li>\n<\/ul>\n<h4><span style=\"color: #ff6600;\">EM Plant Forte v tleh solibilizira fosfor, kalij, kalcij, magnezij in vse mikroelemente, hkrati pa generira dolo\u010dene bioaktivne snovi, potrebne za rast trave. Najbolj\u0161e rezultate dosegamo pri redni tedenski uporabi. <\/span><\/h4>\n<p>Povr\u0161ine lahko \u0161kropimo ali zalivamo.<\/p>\n<div class=\"flex flex-grow flex-col max-w-full\">\n<div class=\"min-h-[20px] text-message flex flex-col items-start whitespace-pre-wrap break-words [.text-message+&amp;]:mt-5 juice:w-full juice:items-end overflow-x-auto gap-2\" dir=\"auto\" data-message-author-role=\"assistant\" data-message-id=\"daf51ba2-35da-4ffa-a129-f5745193a84a\">\n<div class=\"flex w-full flex-col gap-1 juice:empty:hidden juice:first:pt-[3px]\">\n<h2>Preberi ve\u010d: <a href=\"https:\/\/www.micronatura.si\/?page_id=6398\">Profesionalna uporaba &#8211; trave<\/a><\/h2>\n<p><img fetchpriority=\"high\" decoding=\"async\" class=\"aligncenter wp-image-9762 size-full\" src=\"http:\/\/www.micronatura.si\/wp-content\/uploads\/2025\/06\/objave-za-fb-24.png\" alt=\"\" width=\"1350\" height=\"400\" srcset=\"https:\/\/www.micronatura.si\/wp-content\/uploads\/2025\/06\/objave-za-fb-24.png 1350w, https:\/\/www.micronatura.si\/wp-content\/uploads\/2025\/06\/objave-za-fb-24-300x89.png 300w, https:\/\/www.micronatura.si\/wp-content\/uploads\/2025\/06\/objave-za-fb-24-1024x303.png 1024w, https:\/\/www.micronatura.si\/wp-content\/uploads\/2025\/06\/objave-za-fb-24-768x228.png 768w, https:\/\/www.micronatura.si\/wp-content\/uploads\/2025\/06\/objave-za-fb-24-600x178.png 600w\" sizes=\"(max-width: 1350px) 100vw, 1350px\" \/><\/p>\n<\/div>\n<\/div>\n<\/div>\n","protected":false},"excerpt":{"rendered":"<h3 data-start=\"628\" data-end=\"708\"><strong data-start=\"632\" data-end=\"708\">Naravna biostimulacija za trate in vrtove<\/strong><\/h3>\n<p data-start=\"710\" data-end=\"1029\"><strong data-start=\"710\" data-end=\"728\">EM PLANT FORTE<\/strong> je visoko u\u010dinkovit <strong data-start=\"749\" data-end=\"786\">naravni biostimulator za rastline<\/strong>, ki temelji na napredni <strong data-start=\"811\" data-end=\"857\">EM\u00ae tehnologiji<\/strong>. Izdelek spodbuja <strong data-start=\"876\" data-end=\"909\">zdrav razvoj trave in rastlin<\/strong>, izbolj\u0161uje <strong data-start=\"922\" data-end=\"951\">mikrobno aktivnost v tleh<\/strong> ter omogo\u010da bolj\u0161o <strong data-start=\"971\" data-end=\"992\">absorpcijo hranil<\/strong> \u2013 vse to na popolnoma naraven na\u010din.<\/p>\n","protected":false},"featured_media":10506,"comment_status":"open","ping_status":"closed","template":"","meta":{"site-sidebar-layout":"default","site-content-layout":"default","ast-site-content-layout":"default","site-content-style":"default","site-sidebar-style":"default","ast-global-header-display":"","ast-banner-title-visibility":"","ast-main-header-display":"","ast-hfb-above-header-display":"","ast-hfb-below-header-display":"","ast-hfb-mobile-header-display":"","site-post-title":"","ast-breadcrumbs-content":"","ast-featured-img":"","footer-sml-layout":"","theme-transparent-header-meta":"default","adv-header-id-meta":"","stick-header-meta":"default","header-above-stick-meta":"","header-main-stick-meta":"","header-below-stick-meta":"","astra-migrate-meta-layouts":"set","ast-page-background-enabled":"default","ast-page-background-meta":{"desktop":{"background-color":"","background-image":"","background-repeat":"repeat","background-position":"center center","background-size":"auto","background-attachment":"scroll","background-type":"","background-media":"","overlay-type":"","overlay-color":"","overlay-gradient":""},"tablet":{"background-color":"","background-image":"","background-repeat":"repeat","background-position":"center center","background-size":"auto","background-attachment":"scroll","background-type":"","background-media":"","overlay-type":"","overlay-color":"","overlay-gradient":""},"mobile":{"background-color":"","background-image":"","background-repeat":"repeat","background-position":"center center","background-size":"auto","background-attachment":"scroll","background-type":"","background-media":"","overlay-type":"","overlay-color":"","overlay-gradient":""}},"ast-content-background-meta":{"desktop":{"background-color":"var(--ast-global-color-5)","background-image":"","background-repeat":"repeat","background-position":"center center","background-size":"auto","background-attachment":"scroll","background-type":"","background-media":"","overlay-type":"","overlay-color":"","overlay-gradient":""},"tablet":{"background-color":"var(--ast-global-color-5)","background-image":"","background-repeat":"repeat","background-position":"center center","background-size":"auto","background-attachment":"scroll","background-type":"","background-media":"","overlay-type":"","overlay-color":"","overlay-gradient":""},"mobile":{"background-color":"var(--ast-global-color-5)","background-image":"","background-repeat":"repeat","background-position":"center center","background-size":"auto","background-attachment":"scroll","background-type":"","background-media":"","overlay-type":"","overlay-color":"","overlay-gradient":""}}},"product_cat":[81],"product_tag":[],"aioseo_notices":[],"_links":{"self":[{"href":"https:\/\/www.micronatura.si\/index.php?rest_route=\/wp\/v2\/product\/10503"}],"collection":[{"href":"https:\/\/www.micronatura.si\/index.php?rest_route=\/wp\/v2\/product"}],"about":[{"href":"https:\/\/www.micronatura.si\/index.php?rest_route=\/wp\/v2\/types\/product"}],"replies":[{"embeddable":true,"href":"https:\/\/www.micronatura.si\/index.php?rest_route=%2Fwp%2Fv2%2Fcomments&post=10503"}],"wp:featuredmedia":[{"embeddable":true,"href":"https:\/\/www.micronatura.si\/index.php?rest_route=\/wp\/v2\/media\/10506"}],"wp:attachment":[{"href":"https:\/\/www.micronatura.si\/index.php?rest_route=%2Fwp%2Fv2%2Fmedia&parent=10503"}],"wp:term":[{"taxonomy":"product_cat","embeddable":true,"href":"https:\/\/www.micronatura.si\/index.php?rest_route=%2Fwp%2Fv2%2Fproduct_cat&post=10503"},{"taxonomy":"product_tag","embeddable":true,"href":"https:\/\/www.micronatura.si\/index.php?rest_route=%2Fwp%2Fv2%2Fproduct_tag&post=10503"}],"curies":[{"name":"wp","href":"https:\/\/api.w.org\/{rel}","templated":true}]}}