{"id":10965,"date":"2026-04-22T12:05:12","date_gmt":"2026-04-22T10:05:12","guid":{"rendered":"https:\/\/www.micronatura.si\/?post_type=product&#038;p=10965"},"modified":"2026-04-22T12:32:39","modified_gmt":"2026-04-22T10:32:39","slug":"em-aktivni-vrt-paket-vec-pridelka-na-naraven-nacin","status":"publish","type":"product","link":"https:\/\/www.micronatura.si\/?product=em-aktivni-vrt-paket-vec-pridelka-na-naraven-nacin","title":{"rendered":"EM Aktivni vrt paket \u2013 ve\u010d pridelka na naraven na\u010din"},"content":{"rendered":"<p>V paketu prejmete:<\/p>\n<ul>\n<li>1x <a href=\"https:\/\/www.micronatura.si\/?product=em-plant-forte\">EM Plant Forte<\/a> 1 l<\/li>\n<li>1x <a href=\"https:\/\/www.micronatura.si\/?product=em-5\">EM &#8211; 5<\/a> 500 ml<\/li>\n<li>1x <a href=\"https:\/\/www.micronatura.si\/?product=em-bokashi-2kg\">EM Bokashi<\/a> 2 kg<\/li>\n<li>1x <a href=\"https:\/\/www.micronatura.si\/?product=em-terra-active\">EM Terra Active<\/a> 1 l (gratis)<\/li>\n<\/ul>\n<hr \/>\n<h3 data-start=\"485\" data-end=\"511\" data-section-id=\"ju36gu\"><span role=\"text\"><strong data-start=\"489\" data-end=\"511\">EM Plant Forte 1 L<\/strong><\/span><\/h3>\n<p data-start=\"75\" data-end=\"359\">je koncentriran pripravek z efektivnimi mikroorganizmi EM, zasnovan za <strong data-start=\"158\" data-end=\"215\">krepitev rastlin in spodbujanje njihove naravne rasti<\/strong>. Deluje tako, da na povr\u0161ini rastlin in v njihovi okolici vzpostavi <strong data-start=\"284\" data-end=\"321\">koristno mikrobiolo\u0161ko ravnovesje<\/strong>, kar izbolj\u0161a vitalnost in odpornost.<\/p>\n<p data-start=\"361\" data-end=\"544\">Gre za <strong data-start=\"368\" data-end=\"397\">biolo\u0161ki stimulator rasti<\/strong>, ki podpira rastline v vseh fazah razvoja \u2013 od kalitve do plodov \u2013 ter pomaga zmanj\u0161evati stres zaradi vremenskih vplivov, bolezni ali presajanja.<\/p>\n<p data-start=\"546\" data-end=\"623\"><strong data-start=\"546\" data-end=\"558\">Uporaba:<\/strong><br data-start=\"558\" data-end=\"561\" \/>Za \u0161kropljenje listov ali zalivanje rastlin v \u010dasu vegetacije.<\/p>\n<p data-start=\"625\" data-end=\"639\"><strong data-start=\"625\" data-end=\"639\">Prednosti:<\/strong><\/p>\n<ul data-start=\"640\" data-end=\"892\">\n<li data-section-id=\"smik5y\" data-start=\"640\" data-end=\"682\">krepi odpornost rastlin proti boleznim<\/li>\n<li data-section-id=\"2tawif\" data-start=\"683\" data-end=\"728\">spodbuja hitrej\u0161o in bolj enakomerno rast<\/li>\n<li data-section-id=\"1hlnjjr\" data-start=\"729\" data-end=\"770\">izbolj\u0161uje vitalnost in videz rastlin<\/li>\n<li data-section-id=\"1h0y393\" data-start=\"771\" data-end=\"831\">zmanj\u0161uje stres (su\u0161a, presajanje, temperaturna nihanja)<\/li>\n<li data-section-id=\"naxfqn\" data-start=\"832\" data-end=\"892\">primeren za vrt, sadovnjak, rastlinjak in sobne rastline<\/li>\n<li data-section-id=\"naxfqn\" data-start=\"832\" data-end=\"892\">u\u010dinkovit pri regeneraciji po stresnih situacijah kot so mraz, veter in to\u010da<\/li>\n<\/ul>\n<h3 data-start=\"803\" data-end=\"826\" data-section-id=\"ngb2w5\"><span role=\"text\"><strong data-start=\"807\" data-end=\"826\">EM Bokashi 2 kg<\/strong><\/span><\/h3>\n<p data-start=\"82\" data-end=\"360\">EM Bokashi je poseben fermentiran pripravek z efektivnimi mikroorganizmi EM, namenjen <strong data-start=\"165\" data-end=\"223\">bokashi kompostiranju kuhinjskih in organskih odpadkov<\/strong>. Deluje kot <strong data-start=\"236\" data-end=\"258\">aktivator komposta<\/strong>, ki spro\u017ei proces fermentacije (ne gnitja), s \u010dimer ohranja hranila in prepre\u010duje neprijetne vonjave.<\/p>\n<p data-start=\"362\" data-end=\"524\">Z njegovo uporabo lahko hitro in enostavno pretvorite bio odpadke v <strong data-start=\"430\" data-end=\"469\">kakovosten, s hranili bogat kompost<\/strong>, ki izbolj\u0161uje strukturo tal in spodbuja rast rastlin.<\/p>\n<p data-start=\"686\" data-end=\"700\"><strong data-start=\"686\" data-end=\"700\">Prednosti:<\/strong><\/p>\n<ul data-start=\"701\" data-end=\"911\">\n<li data-section-id=\"1aevqh3\" data-start=\"701\" data-end=\"746\">pospe\u0161uje fermentacijo organskih odpadkov<\/li>\n<li data-section-id=\"1nisinw\" data-start=\"747\" data-end=\"790\">prepre\u010duje gnitje in neprijetne vonjave<\/li>\n<li data-section-id=\"19wu3vh\" data-start=\"791\" data-end=\"828\">ohranja hranilne snovi v kompostu<\/li>\n<li data-section-id=\"wjld7p\" data-start=\"829\" data-end=\"871\">izbolj\u0161uje mikrobiolo\u0161ko aktivnost tal<\/li>\n<li data-section-id=\"ftyy39\" data-start=\"872\" data-end=\"911\">primerno za gospodinjstva in vrtove<\/li>\n<\/ul>\n<h3 data-start=\"1106\" data-end=\"1125\" data-section-id=\"d7nan6\"><span role=\"text\"><strong data-start=\"1110\" data-end=\"1125\">EM-5 500 ml<\/strong><\/span><\/h3>\n<p data-start=\"76\" data-end=\"298\">EM-5 je u\u010dinkovit naravni pripravek na osnovi efektivnih mikroorganizmov EM, zasnovan za <strong data-start=\"162\" data-end=\"193\">preventivno za\u0161\u010dito rastlin<\/strong>. Krepi naravno odpornost rastlin in ustvarja okolje, v katerem se \u0161kodljivci in bolezni te\u017eje razvijajo. U\u010dinkovit v boju proti u\u0161em in drugim manj\u0161im \u0161kodljivcem.<\/p>\n<p data-start=\"445\" data-end=\"562\"><strong data-start=\"445\" data-end=\"457\">Uporaba:<\/strong><br data-start=\"457\" data-end=\"460\" \/>Razred\u010dite z vodo in redno \u0161kropite po listih rastlin (vrt, sadovnjak, rastlinjak ali sobne rastline).<\/p>\n<p data-start=\"564\" data-end=\"578\"><strong data-start=\"564\" data-end=\"578\">Prednosti:<\/strong><\/p>\n<ul data-start=\"579\" data-end=\"771\">\n<li data-section-id=\"1sm4slo\" data-start=\"579\" data-end=\"617\">naravna preventiva pred \u0161kodljivci<\/li>\n<li data-section-id=\"v6ff18\" data-start=\"618\" data-end=\"657\">zmanj\u0161uje pojav rastlinskih bolezni<\/li>\n<li data-section-id=\"1ehw251\" data-start=\"658\" data-end=\"698\">krepi odpornost in vitalnost rastlin<\/li>\n<li data-section-id=\"9d4g5p\" data-start=\"699\" data-end=\"734\">ne vsebuje \u0161kodljivih kemikalij<\/li>\n<li data-section-id=\"1wcb8yt\" data-start=\"735\" data-end=\"771\">varen za ljudi, \u017eivali in okolje<\/li>\n<li data-section-id=\"1wcb8yt\" data-start=\"735\" data-end=\"771\">brez karence<\/li>\n<\/ul>\n<h3 data-section-id=\"tn7gpi\" data-start=\"0\" data-end=\"78\"><span role=\"text\"><strong data-start=\"4\" data-end=\"78\">EM Terra Active \u2013 aktivacija tal za ve\u010d \u017eivljenja v zemlji (GRATIS \ud83c\udf81)<\/strong><\/span><\/h3>\n<p data-start=\"80\" data-end=\"376\">Visoko koncentriran pripravek efektivnih mikroorganizmov EM, posebej zasnovan za <strong data-start=\"169\" data-end=\"207\">hitro in u\u010dinkovito aktivacijo tal<\/strong>. Z vnosom koristnih mikroorganizmov spodbuja biolo\u0161ko ravnovesje v zemlji ter \u201cprebudi\u201d prst, da postane bolj \u017eiva, rodovitna in pripravljena za optimalno rast rastlin.<\/p>\n<p data-start=\"378\" data-end=\"545\">Deluje kot <strong data-start=\"389\" data-end=\"414\">naravni aktivator tal<\/strong>, ki pospe\u0161i razgradnjo organske snovi in izbolj\u0161a dostopnost hranil \u2013 kar pomeni mo\u010dnej\u0161e korenine, bolj\u0161o rast in ve\u010dji pridelek.<\/p>\n<p data-start=\"547\" data-end=\"654\"><strong data-start=\"547\" data-end=\"559\">Uporaba:<\/strong><br data-start=\"559\" data-end=\"562\" \/>Redno zalivanje tal ali \u0161kropljenje povr\u0161ine zemlje za aktivacijo mikrobiolo\u0161kega \u017eivljenja.<\/p>\n<p data-start=\"656\" data-end=\"670\"><strong data-start=\"656\" data-end=\"670\">Prednosti:<\/strong><\/p>\n<ul data-start=\"671\" data-end=\"875\">\n<li data-section-id=\"1jwm2zo\" data-start=\"671\" data-end=\"698\">aktivira in o\u017eivlja tla<\/li>\n<li data-section-id=\"1yl7bus\" data-start=\"699\" data-end=\"735\">pove\u010duje mikrobiolo\u0161ko aktivnost<\/li>\n<li data-section-id=\"mzikxb\" data-start=\"736\" data-end=\"780\">izbolj\u0161uje dostopnost hranil za rastline<\/li>\n<li data-section-id=\"1w9h901\" data-start=\"781\" data-end=\"829\">spodbuja razvoj mo\u010dnega koreninskega sistema<\/li>\n<li data-section-id=\"kei37w\" data-start=\"830\" data-end=\"875\">izbolj\u0161uje strukturo in rodovitnost prsti<\/li>\n<\/ul>\n","protected":false},"excerpt":{"rendered":"<p>Ob <span class=\"hover:entity-accent entity-underline inline cursor-pointer align-baseline\"><span class=\"whitespace-normal\">Svetovnem dnevu Zemlje<\/span><\/span> smo pripravili omejen <strong data-start=\"161\" data-end=\"182\">akcijski EM paket<\/strong>, zasnovan za vse, ki \u017eelite izbolj\u0161ati rodovitnost tal, spodbuditi rast rastlin in vrtnariti na popolnoma naraven na\u010din. Kombinacija efektivnih mikroorganizmov EM poskrbi za bolj zdravo prst, ve\u010djo odpornost rastlin in bogatej\u0161i pridelek \u2013 brez uporabe kemikalij.<\/p>\n","protected":false},"featured_media":10966,"comment_status":"open","ping_status":"closed","template":"","meta":{"site-sidebar-layout":"default","site-content-layout":"","ast-site-content-layout":"default","site-content-style":"default","site-sidebar-style":"default","ast-global-header-display":"","ast-banner-title-visibility":"","ast-main-header-display":"","ast-hfb-above-header-display":"","ast-hfb-below-header-display":"","ast-hfb-mobile-header-display":"","site-post-title":"","ast-breadcrumbs-content":"","ast-featured-img":"","footer-sml-layout":"","theme-transparent-header-meta":"default","adv-header-id-meta":"","stick-header-meta":"default","header-above-stick-meta":"","header-main-stick-meta":"","header-below-stick-meta":"","astra-migrate-meta-layouts":"set","ast-page-background-enabled":"default","ast-page-background-meta":{"desktop":{"background-color":"","background-image":"","background-repeat":"repeat","background-position":"center center","background-size":"auto","background-attachment":"scroll","background-type":"","background-media":"","overlay-type":"","overlay-color":"","overlay-gradient":""},"tablet":{"background-color":"","background-image":"","background-repeat":"repeat","background-position":"center center","background-size":"auto","background-attachment":"scroll","background-type":"","background-media":"","overlay-type":"","overlay-color":"","overlay-gradient":""},"mobile":{"background-color":"","background-image":"","background-repeat":"repeat","background-position":"center center","background-size":"auto","background-attachment":"scroll","background-type":"","background-media":"","overlay-type":"","overlay-color":"","overlay-gradient":""}},"ast-content-background-meta":{"desktop":{"background-color":"var(--ast-global-color-5)","background-image":"","background-repeat":"repeat","background-position":"center center","background-size":"auto","background-attachment":"scroll","background-type":"","background-media":"","overlay-type":"","overlay-color":"","overlay-gradient":""},"tablet":{"background-color":"var(--ast-global-color-5)","background-image":"","background-repeat":"repeat","background-position":"center center","background-size":"auto","background-attachment":"scroll","background-type":"","background-media":"","overlay-type":"","overlay-color":"","overlay-gradient":""},"mobile":{"background-color":"var(--ast-global-color-5)","background-image":"","background-repeat":"repeat","background-position":"center center","background-size":"auto","background-attachment":"scroll","background-type":"","background-media":"","overlay-type":"","overlay-color":"","overlay-gradient":""}}},"product_cat":[41],"product_tag":[],"aioseo_notices":[],"_links":{"self":[{"href":"https:\/\/www.micronatura.si\/index.php?rest_route=\/wp\/v2\/product\/10965"}],"collection":[{"href":"https:\/\/www.micronatura.si\/index.php?rest_route=\/wp\/v2\/product"}],"about":[{"href":"https:\/\/www.micronatura.si\/index.php?rest_route=\/wp\/v2\/types\/product"}],"replies":[{"embeddable":true,"href":"https:\/\/www.micronatura.si\/index.php?rest_route=%2Fwp%2Fv2%2Fcomments&post=10965"}],"wp:featuredmedia":[{"embeddable":true,"href":"https:\/\/www.micronatura.si\/index.php?rest_route=\/wp\/v2\/media\/10966"}],"wp:attachment":[{"href":"https:\/\/www.micronatura.si\/index.php?rest_route=%2Fwp%2Fv2%2Fmedia&parent=10965"}],"wp:term":[{"taxonomy":"product_cat","embeddable":true,"href":"https:\/\/www.micronatura.si\/index.php?rest_route=%2Fwp%2Fv2%2Fproduct_cat&post=10965"},{"taxonomy":"product_tag","embeddable":true,"href":"https:\/\/www.micronatura.si\/index.php?rest_route=%2Fwp%2Fv2%2Fproduct_tag&post=10965"}],"curies":[{"name":"wp","href":"https:\/\/api.w.org\/{rel}","templated":true}]}}