{"id":5135,"date":"2022-05-04T17:09:06","date_gmt":"2022-05-04T15:09:06","guid":{"rendered":"http:\/\/dev.micronatura.si\/?post_type=product&#038;p=5135"},"modified":"2026-04-09T13:29:43","modified_gmt":"2026-04-09T11:29:43","slug":"em-organo-active","status":"publish","type":"product","link":"https:\/\/www.micronatura.si\/?product=em-organo-active","title":{"rendered":"EM\u00ae Organo Active &#8211; razkroj organske mase"},"content":{"rendered":"<h2><span style=\"color: #003300;\">Doma\u010da uporaba:<\/span><\/h2>\n<h4 style=\"padding-left: 40px;\"><span style=\"color: #003300;\">Uporaba v vrtu:<\/span><\/h4>\n<ul>\n<li style=\"list-style-type: none;\">\n<ul>\n<li>Omogo\u010da fermentacijo organskih odpadkov,<\/li>\n<li>omogo\u010da postopek bokashi kompostiranja,<\/li>\n<li>pospe\u0161uje razvoj klasi\u010dnega komposta,<\/li>\n<li>ureja razmerje ogljika in du\u0161ika,<\/li>\n<li>bogati in rahlja zemljo,<\/li>\n<li>izbolj\u0161a absorpcijo gnojil\u2026<\/li>\n<\/ul>\n<\/li>\n<\/ul>\n<h4 style=\"padding-left: 40px;\"><a href=\"https:\/\/www.micronatura.si\/?page_id=6278\"><span style=\"color: #003300;\">Kompostiranje<\/span><\/a><\/h4>\n<h4 style=\"padding-left: 40px;\"><span style=\"color: #008000;\"><span style=\"color: #003300;\">Bokashi fermentacija\u00a0<\/span><span style=\"color: #ff9900;\">\u2013 \u010das priprave 1 mesec<\/span><\/span><\/h4>\n<p style=\"padding-left: 40px;\">Organsko snov zbiramo v kompostniku, ki je v bistvu fermentacijska posoda, zato mora biti zrakotesen. Pri vsakem vnosu organske snovi le to po\u0161kropimo z EM Organo Active ali in pretla\u010dimo, da omejimo povr\u0161ino izpostavljeno kisiku. Tako pripravljena zmes se fermentira 14 dni, nato se posoda odpre. Med procesom fermentacije sproti odvajamo teko\u010dino iz posode, uporabimo jo lahko kot gnojilo pri zalivanju ali za \u010di\u0161\u010denje odtokov.<br \/>\nPo kon\u010dani fermentaciji:<br \/>\nTrdno snov lahko zakopljemo neposredno v vrt in po 14 dneh je kompost pripravljen ali pa jo enostavno stresemo na kompostni kup. Teko\u010do snov lahko zlijemo na kompostni kup ali shranimo za uporabo kot teko\u010de gnojilo.<\/p>\n<h4 style=\"padding-left: 40px;\"><span style=\"color: #003300;\">Bokashi kompostiranje<\/span>\u00a0<span style=\"color: #ff9900;\">\u2013 \u010das priprave 2 meseca<\/span><\/h4>\n<p style=\"padding-left: 40px;\">Priprava traja dva meseca. Kup organske snovi polijemo z EM Organo Active. Kup odvisno od vsebine vlage dovla\u017eimo, da vsebuje 35% . Kup prekrijemo s folijo in po dveh mesecih je kompost pripravljen.<\/p>\n<h4 style=\"padding-left: 40px;\"><span style=\"color: #003300;\">Klasi\u010dno kompostiranje z dodanim EM<\/span><sup><span style=\"color: #003300;\">\u00ae<\/span>\u00a0\u00a0<\/sup><span style=\"color: #ff9900;\">\u2013 \u010das priprave 3 mesece<\/span><\/h4>\n<p style=\"padding-left: 40px;\"><img decoding=\"async\" class=\"alignright wp-image-6078 size-medium\" src=\"http:\/\/www.micronatura.si\/wp-content\/uploads\/2022\/08\/bok5-300x108.jpg\" alt=\"\" width=\"300\" height=\"108\" srcset=\"https:\/\/www.micronatura.si\/wp-content\/uploads\/2022\/08\/bok5-300x108.jpg 300w, https:\/\/www.micronatura.si\/wp-content\/uploads\/2022\/08\/bok5-600x216.jpg 600w, https:\/\/www.micronatura.si\/wp-content\/uploads\/2022\/08\/bok5.jpg 686w\" sizes=\"(max-width: 300px) 100vw, 300px\" \/><\/p>\n<p style=\"padding-left: 40px;\">Tretji in najdalj\u0161i na\u010din potrebuje za pripravo komposta tri mesece. Uporabimo klasi\u010den kompostnik, kompost pa pripravimo tako, da na vsak nanos organske snovi po\u0161kropimo z EM Organo Active. Organska snov je v kompost spremenjena po treh mesecih, v kolikor je mogo\u010de, lahko spodnje, \u017ee gotove plasti komposta odstranjujemo sproti.<\/p>\n<p style=\"padding-left: 40px;\"><img fetchpriority=\"high\" decoding=\"async\" class=\"alignnone wp-image-6110 size-large\" src=\"http:\/\/www.micronatura.si\/wp-content\/uploads\/2022\/05\/organokompost-1024x223.jpg\" alt=\"\" width=\"1024\" height=\"223\" srcset=\"https:\/\/www.micronatura.si\/wp-content\/uploads\/2022\/05\/organokompost-1024x223.jpg 1024w, https:\/\/www.micronatura.si\/wp-content\/uploads\/2022\/05\/organokompost-300x65.jpg 300w, https:\/\/www.micronatura.si\/wp-content\/uploads\/2022\/05\/organokompost-768x167.jpg 768w, https:\/\/www.micronatura.si\/wp-content\/uploads\/2022\/05\/organokompost-1536x334.jpg 1536w, https:\/\/www.micronatura.si\/wp-content\/uploads\/2022\/05\/organokompost-2048x445.jpg 2048w, https:\/\/www.micronatura.si\/wp-content\/uploads\/2022\/05\/organokompost-600x130.jpg 600w\" sizes=\"(max-width: 1024px) 100vw, 1024px\" \/><\/p>\n<hr \/>\n<h2><span style=\"color: #003300;\">Profesionalna uporaba:<\/span><\/h2>\n<h3 style=\"padding-left: 40px;\"><span style=\"color: #003300;\">Stoje\u010de vode: ribniki, bajerji<\/span><\/h3>\n<ul>\n<li style=\"list-style-type: none;\">\n<ul>\n<li>\u010distej\u0161a voda,<\/li>\n<li>stabilna vrednost pH,<\/li>\n<li>bolj\u0161a vidljivost,<\/li>\n<li>prepre\u010duje in zmanj\u0161uje visoke koncentracije onesna\u017eeval,<\/li>\n<li>zvi\u0161anje samo\u010distilne sposobnosti,<\/li>\n<li>izbolj\u0161anje rasti vodnih rastlin,<\/li>\n<li>manj alg,<\/li>\n<li>razkroj mulja,<\/li>\n<li>pomaga pri ohranjanju zdravih vodnih \u017eivali.<\/li>\n<\/ul>\n<\/li>\n<\/ul>\n<p style=\"padding-left: 40px;\">EM Organo Active enostavno zlijemo v vodo. Koncentracija je odvisna od velikosti ekosistema, spodaj je nekaj primerov, za ve\u010dje ribnike pa se obrnite na nas za individualni protokol:<\/p>\n<p>Velikost ribnika\/potreba po litrih EM Organo Active\/koncentracija na m3<\/p>\n<ul>\n<li style=\"list-style-type: none;\">\n<ul>\n<li>1\/1\/1<\/li>\n<li>5\/3,5\/0,7<\/li>\n<li>10\/5\/0,5<\/li>\n<li>20\/8\/0,4<\/li>\n<li>30\/10\/0,33<\/li>\n<li>100\/20\/0,2<\/li>\n<li>500\/50\/0,1<\/li>\n<\/ul>\n<\/li>\n<\/ul>\n<p style=\"padding-left: 40px;\">Postopek ponovimo 3x letno oziroma po potrebi.<\/p>\n<p style=\"padding-left: 40px;\"><img decoding=\"async\" class=\"alignnone wp-image-6112 size-large\" src=\"http:\/\/www.micronatura.si\/wp-content\/uploads\/2022\/05\/orgrib-1024x223.jpg\" alt=\"\" width=\"1024\" height=\"223\" srcset=\"https:\/\/www.micronatura.si\/wp-content\/uploads\/2022\/05\/orgrib-1024x223.jpg 1024w, https:\/\/www.micronatura.si\/wp-content\/uploads\/2022\/05\/orgrib-300x65.jpg 300w, https:\/\/www.micronatura.si\/wp-content\/uploads\/2022\/05\/orgrib-768x167.jpg 768w, https:\/\/www.micronatura.si\/wp-content\/uploads\/2022\/05\/orgrib-1536x334.jpg 1536w, https:\/\/www.micronatura.si\/wp-content\/uploads\/2022\/05\/orgrib-2048x445.jpg 2048w, https:\/\/www.micronatura.si\/wp-content\/uploads\/2022\/05\/orgrib-600x130.jpg 600w\" sizes=\"(max-width: 1024px) 100vw, 1024px\" \/><\/p>\n<hr \/>\n<h3 style=\"padding-left: 40px;\"><span style=\"color: #003300;\">\u010cistilne naprave in greznice:<\/span><\/h3>\n<ul>\n<li style=\"list-style-type: none;\">\n<ul>\n<li>razkroj organske mase s fermentacijo,<\/li>\n<li>manj neprijetnega vonja,<\/li>\n<li>bolj\u0161a kakovost vode,<\/li>\n<li>brez skorje,<\/li>\n<li>manj\u0161a obremenjenost z ma\u0161\u010dobami,<\/li>\n<li>izbolj\u0161a u\u010dinkovitost \u010di\u0161\u010denja,<\/li>\n<li>manj\u0161a koli\u010dina usedlin zaradi bolj\u0161e razgradnje\u2026<\/li>\n<\/ul>\n<\/li>\n<\/ul>\n<p style=\"padding-left: 40px;\">Okvirna doza je 1l EM Organo active na 10 m<sup>3<\/sup> odpadne vode. To koli\u010dino vlijemo lahko v odtok ali strani\u0161\u010dno \u0161koljko in splaknemo, najbolj\u0161e pa je, da doziramo direktno v greznico. Pazimo pri uporabi \u010distil, naj bodo ne\u0161kodljiva \u017eivim organizmom.<\/p>\n<hr \/>\n<h3 style=\"padding-left: 40px;\"><a href=\"https:\/\/www.micronatura.si\/?page_id=7148\"><span style=\"color: #003300;\">Gnojevka in gnoj:<\/span><\/a><\/h3>\n<p style=\"padding-left: 40px;\">Gnojevka in gnoj sta pomembena \u010dlena v kro\u017eenju organske snovi na kmetiji. Z njo vra\u010damo neizkori\u0161\u010dena hranila nazaj na njivo ali travnik. Gospodaren kmet lahko z njeno pravilno uporabo ohranja svoja tla rodovitna, saj z njo zadosti potrebe po gnojenju in ve\u010da oz. ohranja dele\u017e humusa in pH tal. Z nepravilno uporabo ali gnojevko slabe kvalitete (kjer prevladujejo patogeni mikroorganizmi &#8211; gnije), pa se pojavljajo razni problemi s skorjo, smradom, mr\u010desom, po\u0161kodbah na rastlinah&#8230;<br \/>\nOdrasla krava dnevno proizvede 25kg blata in 15kg se\u010da. To pomeni 15m3 gnojevke letno. Pomemben podatek je, da je izkoristek hranil, ki jih \u017eival zau\u017eije okoli 10-15%. Na za\u010detku skladi\u0161\u010denja, gnojevka \u0161e vedno vsebuje vsaj 85% prvotnih hranil (\u0160lamberger, 2011). Hranila se zaradi razli\u010dnih procesov, tudi mikrobnih, lahko izgubljajo ali pa ostanejo ne razpolo\u017eljiva za rastline. To stanje prepre\u010dujemo z aplikacijo EM Organo Active, ki v fazi skladi\u0161\u010denja spro\u017ei glikolizno fermentacijio. Prepre\u010di se gnitje in nastanek strupenih plinov, kot so fosfin, kadaverin, razni \u017eveplo vodiki in amonijak. Tako fermentirane gnojevke ni potrebno me\u0161ati in ohranja enakomerno strukturo.<br \/>\nFermentirana gnojevka je brez neprijetnih vonjav in ni strupena za edafon. Iz bremena za tla, ki ga predstavlja nezrela gnojevka, smo na tak na\u010din naredili potencial, kjer se ohranja sorazmerno ves du\u0161ik. Fermentirana gnojevka in gnoj v dveh tednih po trosenju humificira in omogo\u010da takoj dostopne oblike hranil oziroma se te spro\u0161\u010dajo glede na povpra\u0161evanje. Poleg hranil pa vsebuje ogromno koli\u010dino koristnih mikrobov, encimov, hormonov, vitaminov in antioksidantov in s tem tla revitalizira. Gnojevka in gnoj, fermentirana z EM\u00ae pomagata solibilizirati te\u017eko dostopne minerale v tleh.<br \/>\nDodatek <a href=\"http:\/\/dev.micronatura.si\/?product=em-zoo-za-zivali\" target=\"_blank\" rel=\"noopener\">EM ZOO<\/a> k prehrani \u017eivali, \u0161e dodatno prepre\u010duje neprijetne vonjave. Pogoj za uspe\u0161no zmanj\u0161anje emisij plinov in vonjav je zadostna koli\u010dina suhe snovi! Dodatek EM\u00ae je uporaben pri \u017eivalskih iztrebkih in gnojevki od perutnine do goveda.<br \/>\n(Seran H.T., Suthamaty N., 2013; Amon in sod., 2004)<\/p>\n<h4 style=\"padding-left: 40px;\"><span style=\"color: #003300;\">Uporaba:<\/span><\/h4>\n<p style=\"padding-left: 40px;\">EM Organo Active je najbolj u\u010dinkovit, \u010de ga dodajamo sprotno z dotokom gnojevke ali gnoja. V primeru, da ga dodajamo v \u017ee obstoje\u010do maso gnojevke\/gnoja, je naju\u010dinkoviteje dodajanje z me\u0161anjem. Saj se tako lepo razporedi. Najve\u010dji u\u010dinek dobimo pri gnojevki z ve\u010djim dele\u017eem suhe snovi, ker je taka bolj ugodna za razmno\u017eevanje mikroorganizmov. Pozitiven efekt na emisije neprijetnih vonjav in toplogrednih plinov ima tudi dodajane <a href=\"http:\/\/dev.micronatura.si\/?product=em-zoo-za-zivali\" target=\"_blank\" rel=\"noopener\">EM ZOO<\/a> k \u017eivalski krmi. Pri pra\u0161i\u010dji gnojevki so bolj\u0161i rezultati pri aplikaciji v krmo.<\/p>\n<p style=\"padding-left: 40px;\"><img loading=\"lazy\" decoding=\"async\" class=\"alignnone wp-image-6111 size-large\" src=\"http:\/\/www.micronatura.si\/wp-content\/uploads\/2022\/05\/organo1-1024x215.jpg\" alt=\"\" width=\"1024\" height=\"215\" srcset=\"https:\/\/www.micronatura.si\/wp-content\/uploads\/2022\/05\/organo1-1024x215.jpg 1024w, https:\/\/www.micronatura.si\/wp-content\/uploads\/2022\/05\/organo1-300x63.jpg 300w, https:\/\/www.micronatura.si\/wp-content\/uploads\/2022\/05\/organo1-768x161.jpg 768w, https:\/\/www.micronatura.si\/wp-content\/uploads\/2022\/05\/organo1-1536x323.jpg 1536w, https:\/\/www.micronatura.si\/wp-content\/uploads\/2022\/05\/organo1-2048x431.jpg 2048w, https:\/\/www.micronatura.si\/wp-content\/uploads\/2022\/05\/organo1-600x126.jpg 600w\" sizes=\"(max-width: 1024px) 100vw, 1024px\" \/><\/p>\n<hr \/>\n<h2><span style=\"color: #003300;\"><a href=\"https:\/\/www.micronatura.si\/?page_id=7203\">Ekologija<\/a>:<\/span><\/h2>\n<h3 style=\"padding-left: 40px;\"><a href=\"https:\/\/www.micronatura.si\/?page_id=7520\"><span style=\"color: #003300;\">Bioremediacija po poplavah:<\/span><\/a><\/h3>\n<p style=\"padding-left: 40px;\"><em>NAVODILA ZA UPORABO \u201cEM ORGANO ACTIVE\u201d APLICIRAMO S \u0160KROPLJENJEM ALI ZALIVANJEM<\/em><\/p>\n<p style=\"padding-left: 40px;\"><img loading=\"lazy\" decoding=\"async\" class=\"alignnone wp-image-6118 size-large\" src=\"http:\/\/www.micronatura.si\/wp-content\/uploads\/2022\/05\/igrisca-1024x217.jpg\" alt=\"\" width=\"1024\" height=\"217\" srcset=\"https:\/\/www.micronatura.si\/wp-content\/uploads\/2022\/05\/igrisca-1024x217.jpg 1024w, https:\/\/www.micronatura.si\/wp-content\/uploads\/2022\/05\/igrisca-300x63.jpg 300w, https:\/\/www.micronatura.si\/wp-content\/uploads\/2022\/05\/igrisca-768x162.jpg 768w, https:\/\/www.micronatura.si\/wp-content\/uploads\/2022\/05\/igrisca-1536x325.jpg 1536w, https:\/\/www.micronatura.si\/wp-content\/uploads\/2022\/05\/igrisca-2048x433.jpg 2048w, https:\/\/www.micronatura.si\/wp-content\/uploads\/2022\/05\/igrisca-600x127.jpg 600w\" sizes=\"(max-width: 1024px) 100vw, 1024px\" \/><\/p>\n<p style=\"padding-left: 40px;\"><img loading=\"lazy\" decoding=\"async\" class=\"alignnone wp-image-6119 size-large\" src=\"http:\/\/www.micronatura.si\/wp-content\/uploads\/2022\/05\/njive-1024x217.jpg\" alt=\"\" width=\"1024\" height=\"217\" srcset=\"https:\/\/www.micronatura.si\/wp-content\/uploads\/2022\/05\/njive-1024x217.jpg 1024w, https:\/\/www.micronatura.si\/wp-content\/uploads\/2022\/05\/njive-300x63.jpg 300w, https:\/\/www.micronatura.si\/wp-content\/uploads\/2022\/05\/njive-768x162.jpg 768w, https:\/\/www.micronatura.si\/wp-content\/uploads\/2022\/05\/njive-1536x325.jpg 1536w, https:\/\/www.micronatura.si\/wp-content\/uploads\/2022\/05\/njive-2048x433.jpg 2048w, https:\/\/www.micronatura.si\/wp-content\/uploads\/2022\/05\/njive-600x127.jpg 600w\" sizes=\"(max-width: 1024px) 100vw, 1024px\" \/><\/p>\n<p style=\"padding-left: 40px;\"><img loading=\"lazy\" decoding=\"async\" class=\"alignnone wp-image-6120 size-large\" src=\"http:\/\/www.micronatura.si\/wp-content\/uploads\/2022\/05\/bivalno_okolje-1024x217.jpg\" alt=\"\" width=\"1024\" height=\"217\" srcset=\"https:\/\/www.micronatura.si\/wp-content\/uploads\/2022\/05\/bivalno_okolje-1024x217.jpg 1024w, https:\/\/www.micronatura.si\/wp-content\/uploads\/2022\/05\/bivalno_okolje-300x63.jpg 300w, https:\/\/www.micronatura.si\/wp-content\/uploads\/2022\/05\/bivalno_okolje-768x162.jpg 768w, https:\/\/www.micronatura.si\/wp-content\/uploads\/2022\/05\/bivalno_okolje-1536x325.jpg 1536w, https:\/\/www.micronatura.si\/wp-content\/uploads\/2022\/05\/bivalno_okolje-2048x433.jpg 2048w, https:\/\/www.micronatura.si\/wp-content\/uploads\/2022\/05\/bivalno_okolje-600x127.jpg 600w\" sizes=\"(max-width: 1024px) 100vw, 1024px\" \/><\/p>\n<ul>\n<li style=\"list-style-type: none;\">\n<ul>\n<li>Apliciramo lahko v ponovitvah dokler ne dose\u017eemo \u017eeljenih rezultatov<\/li>\n<li>EM Organo Active ni nevaren za ljudi, \u017eivali in okolje<\/li>\n<li>Pri uporabi ne potrebujete za\u0161\u010ditnih sredstev<\/li>\n<\/ul>\n<\/li>\n<\/ul>\n<p style=\"padding-left: 40px;\"><img loading=\"lazy\" decoding=\"async\" class=\"alignnone wp-image-6121 size-large\" src=\"http:\/\/www.micronatura.si\/wp-content\/uploads\/2022\/05\/poplave-1024x223.jpg\" alt=\"\" width=\"1024\" height=\"223\" srcset=\"https:\/\/www.micronatura.si\/wp-content\/uploads\/2022\/05\/poplave-1024x223.jpg 1024w, https:\/\/www.micronatura.si\/wp-content\/uploads\/2022\/05\/poplave-300x65.jpg 300w, https:\/\/www.micronatura.si\/wp-content\/uploads\/2022\/05\/poplave-768x167.jpg 768w, https:\/\/www.micronatura.si\/wp-content\/uploads\/2022\/05\/poplave-1536x334.jpg 1536w, https:\/\/www.micronatura.si\/wp-content\/uploads\/2022\/05\/poplave-2048x445.jpg 2048w, https:\/\/www.micronatura.si\/wp-content\/uploads\/2022\/05\/poplave-600x130.jpg 600w\" sizes=\"(max-width: 1024px) 100vw, 1024px\" \/><\/p>\n<p style=\"padding-left: 40px;\">\n","protected":false},"excerpt":{"rendered":"<p>je posebej zasnovan produkt za namen fermentacije organske snovi. Vsebuje Efektivne Mikroorganizme EM. Mikroorganizmi, prisotni v produktu, so posebej izbrani za optimalno predelavo organske snovi. Uporablja se pri razkroju \u017eetvenih ostankov, kompostiranju, \u010distilnih napravah, greznicah, bajerjih in tudi v ribnikih.<\/p>\n","protected":false},"featured_media":9380,"comment_status":"open","ping_status":"closed","template":"","meta":{"site-sidebar-layout":"default","site-content-layout":"default","ast-site-content-layout":"default","site-content-style":"default","site-sidebar-style":"default","ast-global-header-display":"","ast-banner-title-visibility":"","ast-main-header-display":"","ast-hfb-above-header-display":"","ast-hfb-below-header-display":"","ast-hfb-mobile-header-display":"","site-post-title":"","ast-breadcrumbs-content":"","ast-featured-img":"","footer-sml-layout":"","theme-transparent-header-meta":"default","adv-header-id-meta":"","stick-header-meta":"default","header-above-stick-meta":"","header-main-stick-meta":"","header-below-stick-meta":"","astra-migrate-meta-layouts":"set","ast-page-background-enabled":"default","ast-page-background-meta":{"desktop":{"background-color":"","background-image":"","background-repeat":"repeat","background-position":"center center","background-size":"auto","background-attachment":"scroll","background-type":"","background-media":"","overlay-type":"","overlay-color":"","overlay-gradient":""},"tablet":{"background-color":"","background-image":"","background-repeat":"repeat","background-position":"center center","background-size":"auto","background-attachment":"scroll","background-type":"","background-media":"","overlay-type":"","overlay-color":"","overlay-gradient":""},"mobile":{"background-color":"","background-image":"","background-repeat":"repeat","background-position":"center center","background-size":"auto","background-attachment":"scroll","background-type":"","background-media":"","overlay-type":"","overlay-color":"","overlay-gradient":""}},"ast-content-background-meta":{"desktop":{"background-color":"var(--ast-global-color-5)","background-image":"","background-repeat":"repeat","background-position":"center center","background-size":"auto","background-attachment":"scroll","background-type":"","background-media":"","overlay-type":"","overlay-color":"","overlay-gradient":""},"tablet":{"background-color":"var(--ast-global-color-5)","background-image":"","background-repeat":"repeat","background-position":"center center","background-size":"auto","background-attachment":"scroll","background-type":"","background-media":"","overlay-type":"","overlay-color":"","overlay-gradient":""},"mobile":{"background-color":"var(--ast-global-color-5)","background-image":"","background-repeat":"repeat","background-position":"center center","background-size":"auto","background-attachment":"scroll","background-type":"","background-media":"","overlay-type":"","overlay-color":"","overlay-gradient":""}}},"product_cat":[41,66,46,45],"product_tag":[],"aioseo_notices":[],"_links":{"self":[{"href":"https:\/\/www.micronatura.si\/index.php?rest_route=\/wp\/v2\/product\/5135"}],"collection":[{"href":"https:\/\/www.micronatura.si\/index.php?rest_route=\/wp\/v2\/product"}],"about":[{"href":"https:\/\/www.micronatura.si\/index.php?rest_route=\/wp\/v2\/types\/product"}],"replies":[{"embeddable":true,"href":"https:\/\/www.micronatura.si\/index.php?rest_route=%2Fwp%2Fv2%2Fcomments&post=5135"}],"wp:featuredmedia":[{"embeddable":true,"href":"https:\/\/www.micronatura.si\/index.php?rest_route=\/wp\/v2\/media\/9380"}],"wp:attachment":[{"href":"https:\/\/www.micronatura.si\/index.php?rest_route=%2Fwp%2Fv2%2Fmedia&parent=5135"}],"wp:term":[{"taxonomy":"product_cat","embeddable":true,"href":"https:\/\/www.micronatura.si\/index.php?rest_route=%2Fwp%2Fv2%2Fproduct_cat&post=5135"},{"taxonomy":"product_tag","embeddable":true,"href":"https:\/\/www.micronatura.si\/index.php?rest_route=%2Fwp%2Fv2%2Fproduct_tag&post=5135"}],"curies":[{"name":"wp","href":"https:\/\/api.w.org\/{rel}","templated":true}]}}