{"id":5274,"date":"2022-05-05T18:28:33","date_gmt":"2022-05-05T16:28:33","guid":{"rendered":"http:\/\/dev.micronatura.si\/?post_type=product&#038;p=5274"},"modified":"2026-04-03T10:20:47","modified_gmt":"2026-04-03T08:20:47","slug":"em-x-gold-500ml","status":"publish","type":"product","link":"https:\/\/www.micronatura.si\/?product=em-x-gold-500ml","title":{"rendered":"EM\u00ae X-Gold, 500ml"},"content":{"rendered":"<h5 style=\"text-align: center;\"><span style=\"color: #ad7013;\"><img fetchpriority=\"high\" decoding=\"async\" class=\"wp-image-5276 size-full alignleft\" src=\"http:\/\/www.micronatura.si\/wp-content\/uploads\/2022\/05\/Em-x-Gold-ucinki.jpg\" alt=\"\" width=\"567\" height=\"567\" srcset=\"https:\/\/www.micronatura.si\/wp-content\/uploads\/2022\/05\/Em-x-Gold-ucinki.jpg 567w, https:\/\/www.micronatura.si\/wp-content\/uploads\/2022\/05\/Em-x-Gold-ucinki-300x300.jpg 300w, https:\/\/www.micronatura.si\/wp-content\/uploads\/2022\/05\/Em-x-Gold-ucinki-150x150.jpg 150w, https:\/\/www.micronatura.si\/wp-content\/uploads\/2022\/05\/Em-x-Gold-ucinki-100x100.jpg 100w\" sizes=\"(max-width: 567px) 100vw, 567px\" \/>Edinstven napitek, poln antioksidantov, ki \u0161\u010ditijo na\u0161e celice, spodbujajo delitev zdravih celic in krepijo imunski sistem.<\/span><\/h5>\n<p style=\"text-align: center;\"><strong>Ta poseben produkt je sestavljen iz fermentirane melase, ekstrakta kvasovk, mikroorganizmov, naravnega magnezijevega klorida in koralnega kalcija. Em-X Gold vsebuje posebna hranila, ki stimulirajo imunski sistem in ga krepijo. Edinstven proizvodni proces EM-X Gold je razvil prof. Higa (EM Technology, Okinawa, Japonska).<\/strong><\/p>\n<ul>\n<li style=\"list-style-type: none;\">\n<ul>\n<li style=\"text-align: left;\">O\u010disti telo prostih radikalov in toksinov.<\/li>\n<li style=\"text-align: left;\">Zmanj\u0161a utrujenost in upo\u010dasni proces staranja.<\/li>\n<li style=\"text-align: left;\">Spodbuja regeneracijo in obnovo telesa.<\/li>\n<li style=\"text-align: left;\">Izbolj\u0161a delovanje imunskega sistema.<\/li>\n<li style=\"text-align: left;\">Pomaga premagovati razne alergije.<\/li>\n<li style=\"text-align: left;\">U\u010dinkovito razstruplja telo in pospe\u0161uje huj\u0161anje.<\/li>\n<li style=\"text-align: left;\">Pove\u010da telesno in du\u0161evno vzdr\u017eljivost.<\/li>\n<\/ul>\n<\/li>\n<\/ul>\n<p><img decoding=\"async\" class=\"wp-image-6531 alignleft\" src=\"http:\/\/www.micronatura.si\/wp-content\/uploads\/2022\/05\/about_gut_flora-1024x543.jpg\" alt=\"\" width=\"652\" height=\"346\" srcset=\"https:\/\/www.micronatura.si\/wp-content\/uploads\/2022\/05\/about_gut_flora-1024x543.jpg 1024w, https:\/\/www.micronatura.si\/wp-content\/uploads\/2022\/05\/about_gut_flora-300x159.jpg 300w, https:\/\/www.micronatura.si\/wp-content\/uploads\/2022\/05\/about_gut_flora-768x407.jpg 768w, https:\/\/www.micronatura.si\/wp-content\/uploads\/2022\/05\/about_gut_flora-600x318.jpg 600w, https:\/\/www.micronatura.si\/wp-content\/uploads\/2022\/05\/about_gut_flora.jpg 1200w\" sizes=\"(max-width: 652px) 100vw, 652px\" \/><img decoding=\"async\" class=\"wp-image-6532 alignright\" src=\"http:\/\/www.micronatura.si\/wp-content\/uploads\/2022\/05\/about_gut_brain-1024x543.jpg\" alt=\"\" width=\"652\" height=\"346\" srcset=\"https:\/\/www.micronatura.si\/wp-content\/uploads\/2022\/05\/about_gut_brain-1024x543.jpg 1024w, https:\/\/www.micronatura.si\/wp-content\/uploads\/2022\/05\/about_gut_brain-300x159.jpg 300w, https:\/\/www.micronatura.si\/wp-content\/uploads\/2022\/05\/about_gut_brain-768x407.jpg 768w, https:\/\/www.micronatura.si\/wp-content\/uploads\/2022\/05\/about_gut_brain-600x318.jpg 600w, https:\/\/www.micronatura.si\/wp-content\/uploads\/2022\/05\/about_gut_brain.jpg 1200w\" sizes=\"(max-width: 652px) 100vw, 652px\" \/><\/p>\n<p>&nbsp;<\/p>\n<p>&nbsp;<\/p>\n<p>&nbsp;<\/p>\n<p>Na\u0161e telo je sestavljeno iz milijard celic, ki so ves \u010das izpostavljene po\u0161kodbam zaradi prostih radikalov. Te lahko povzro\u010dijo razni dejavniki, kot so kajenje, stresne situacije, alkohol, onesna\u017eeno okolje in jemanje zdravil. Prosti radikali lahko oksidirajo biolo\u0161ko pomembne molekule in jih tako po\u0161kodujejo. Antioksidanti zagotavljajo za\u0161\u010dito zdravih celic in tkiva pred oksidativnimi procesi saj lahko prepre\u010dijo nastanek prostih radikalov ali pa njihovo reakcijo z biolo\u0161ko pomembnimi molekulami.<\/p>\n<p><span class=\"jCAhz ChMk0b\"><span class=\"ryNqvb\">\u010crevesni mikroorganizmi proizvajajo encime in nekatere vitamine, ki so potrebni za na\u0161e telo, zato je ravnovesje dobre \u010drevesne flore bistveno za ohranjanje zdravja.<\/span><\/span> <span class=\"jCAhz ChMk0b\"><span class=\"ryNqvb\">Vendar pa se ravnovesje \u010drevesne flore lahko poru\u0161i, odvisno od va\u0161ega \u017eivljenjskega sloga in prehranjevalnih navad.<\/span><\/span><\/p>\n<p>&nbsp;<\/p>\n<p>\u010clove\u0161ke celice imajo dolo\u010deno \u017eivljenjsko dobo. Celice, ki odmrejo, se nadomestijo z novimi, saj poteka cikel obnove neprestano. S tvorbo novih celic telo raste ali se obnavlja. Celice se mno\u017eijo z delitvijo, tako se tudi DNA prenese na nove celice. Ko\u017ene celice so bolj izpostavljene \u2013 imajo kraj\u0161o \u017eivljenjsko dobo \u2013 in se v telesu zamenjajo pribli\u017eno enkrat na mesec. Nekatere celice, npr. \u017eiv\u010dne celice, ki imajo prav tako pomembno vlogo v na\u0161em telesu, pa imajo dolgo \u017eivljenjsko dobo in jih ne menjamo redno.<\/p>\n<p><span class=\"jCAhz ChMk0b\"><span class=\"ryNqvb\">Zdrava \u010drevesna flora je klju\u010dnega pomena za splo\u0161no zdravje in lepoto.<\/span><\/span> <span class=\"jCAhz ChMk0b\"><span class=\"ryNqvb\">\u010crevesje deluje kot va\u0161i \u00bbdrugi mo\u017egani\u00ab in celo vpliva na va\u0161e misli, ob\u010dutke in raven stresa.<\/span><\/span> <span class=\"jCAhz ChMk0b\"><span class=\"ryNqvb\">Raven koristnih bakterij v \u010drevesju se s staranjem zmanj\u0161uje.<\/span><\/span> <span class=\"jCAhz ChMk0b\"><span class=\"ryNqvb\">Zato je fermentirana hrana med ljudmi, ki se zavedajo zdravja, vse bolj priljubljena.<\/span><\/span><\/p>\n<p><span class=\"HwtZe\" lang=\"sl\"><span class=\"jCAhz ChMk0b\"><span class=\"ryNqvb\">Fermentirana \u017eivila, kot so kombu\u010da, kislo zelje, miso, kim\u010di, sir in jogurt, olaj\u0161ajo absorpcijo hranil in izbolj\u0161ajo zdravje prebave z aktiviranjem \u010drevesnih mikroorganizmov.<\/span><\/span> <span class=\"jCAhz ChMk0b\"><span class=\"ryNqvb\">\u010ceprav ima fermentirana hrana te prednosti, ni vedno popolna.<\/span><\/span> <span class=\"jCAhz ChMk0b\"><span class=\"ryNqvb\">Nekatera fermentirana \u017eivila so stresna za tiste, ki imajo ob\u010dutljiv \u017eelodec ali tiste, ki ne prena\u0161ajo laktoze.<\/span><\/span> <span class=\"jCAhz ChMk0b\"><span class=\"ryNqvb\">EM\uff65X GOLD je pija\u010da, proizvedena z mo\u010djo fermentacije.<\/span><\/span> <span class=\"jCAhz ChMk0b\"><span class=\"ryNqvb\">Za razliko od obi\u010dajnih fermentiranih \u017eivil EM\uff65X GOLD ne vsebuje \u017eivih mikroorganizmov in je \u00bb<strong>brez laktoze<\/strong>\u00ab, \u00bb<strong>brez glutena<\/strong>\u00ab in \u00bb<strong>brez kalorij<\/strong>\u00ab.<\/span><\/span> <span class=\"jCAhz ChMk0b\"><span class=\"ryNqvb\">Poleg tega zaradi velikega \u0161tevila spojin z nizko molekulsko maso EM\uff65X GOLD ne obremenjuje \u017eelodca, tudi \u010de ste utrujeni ali se slabo po\u010dutite, ne glede na starost.<\/span><\/span> <span class=\"jCAhz ChMk0b\"><span class=\"ryNqvb\">Ljudje smo v sodobnem \u017eivljenju izpostavljeni \u0161tevilnim stresorjem, kar lahko povzro\u010di neravnovesje v telesu.<\/span><\/span> <span class=\"jCAhz ChMk0b\"><span class=\"ryNqvb\">EM\uff65X GOLD bo na naraven na\u010din ponovno uravnovesil va\u0161e telo.<\/span><\/span> <span class=\"jCAhz ChMk0b\"><span class=\"ryNqvb\">Seveda se bodo u\u010dinki med posamezniki razlikovali zaradi razli\u010dnih zdravstvenih in \u010drevesnih stanj, vendar 80 % novih strank, ki redno jemljejo EM\uff65X GOLD, poro\u010da o izbolj\u0161anem zdravju v prvih 3 mesecih!<\/span><\/span><\/span><\/p>\n<h3><span style=\"color: #ad7013;\">Uporaba in dnevni odmerki:<\/span><\/h3>\n<p>EM-X Gold se jemlje oralno, nerazred\u010deno ali razred\u010deno v 250 ml vode, \u010daja ali kave.<\/p>\n<p>Priporo\u010den vnos 5\u201310 ml do najve\u010d 30 ml dnevno.<\/p>\n<p>Za \u010dim bolj\u0161e rezultate priporo\u010damo me\u0161anico, segreto do 80 \u00b0C, ki jo pustimo, da se malo ohladi in pijemo toplo (naprimer \u010daj ali kava).<\/p>\n<p>&nbsp;<\/p>\n<p>EM-X Gold je primeren za vegetarijance.<\/p>\n<p>Minerali na dnevni odmerek \u2013 (30 ml) * RDA<\/p>\n<p>Magnezij 66,0 mg 17,6 %<\/p>\n<p>Jod 6,0 \u00b5g 4,0 %<\/p>\n<p>Selen 9,3 \u00b5g 16,9 %<\/p>\n<h4><span style=\"color: #ad7013;\"><strong>Sestavine:<\/strong><\/span><\/h4>\n<p>Voda, fermentiran izvle\u010dek melase, kvasni ekstrakt, koralni kalcij, magnezijev klorid, pridobljen iz naravne morske vode.<\/p>\n<h3><span style=\"color: #ad7013;\">Antioksidanti, prisotni v EM-X Gold:<\/span><\/h3>\n<h5>Flavonoidi<\/h5>\n<p style=\"padding-left: 40px;\">zajemajo in odpravljajo proste radikale, delujejo protivnetno. Zaradi pove\u010dane aktivnosti encimov vplivajo na jakost \u017eil.<\/p>\n<h5>Saponini<\/h5>\n<p style=\"padding-left: 40px;\">delujejo antibakterijsko, protiglivi\u010dno in protivirusno. Pove\u010dajo absorpcijo hranil v procesu prebave, spodbujajo izlo\u010danje \u017eelod\u010dnega soka (kisline, \u017eol\u010da in ostalih \u010drevesnih sokov) in zmanj\u0161ajo presnovo ma\u0161\u010dob.<\/p>\n<h5>Ubiquinone\u00a0(koencim Q10)<\/h5>\n<p style=\"padding-left: 40px;\">deluje na krvni obtok in uravnava krvni tlak. Priporo\u010da se ga za zdravljenje metabolnih motenj, migren, rakavih obolenj, nevrodegeneracijskih boleznih. Je izredno mo\u010dan antioksidant.<\/p>\n<h5>Likopen<\/h5>\n<p style=\"padding-left: 40px;\">krepi srce in varuje pred rakavimi obolenji, je zelo mo\u010dan antioksidant.<\/p>\n<h5>Vitamin E\u00a0(tokoferol kompleks)<\/h5>\n<p style=\"padding-left: 40px;\">je pomemben antioksidant, ki varuje celice pred prostimi radikali. Deluje pri dostavi hranil do celic, s svojim delovanjem krepi stene krvnih \u017eil in \u0161\u010diti rde\u010de krvne celice pred prezgodnjimi okvarami. Uporablja se za zdravljenje mo\u0161ke sterilnosti, obolenj mi\u0161i\u010dne mase, ateroskleroze in bolezni srca.<\/p>\n<h5>Gama-Orizanol<\/h5>\n<p style=\"padding-left: 40px;\">izbolj\u0161a mikrocirkulacijo v krvnih \u017eilah, zmanj\u0161a gube, deluje kot naravni UV-filter, pomaga v boju s hiperpigmentacijo ko\u017ee, pomirja in deluje protivnetno. Je zelo mo\u010dan antioksidant.<\/p>\n<p>EM-X Gold vsebuje posebne sestavine, ki pomagajo ohranjati normalen proces deljenja celic.<\/p>\n","protected":false},"excerpt":{"rendered":"<div class=\"lRu31\"><span class=\"jCAhz ChMk0b\"><span class=\"ryNqvb\">Zdrava \u010drevesna flora je klju\u010dnega pomena za splo\u0161no zdravje in lepoto.<\/span><\/span> <span class=\"jCAhz ChMk0b\"><span class=\"ryNqvb\">\u010crevesje deluje kot va\u0161i \u00bbdrugi mo\u017egani\u00ab in celo vpliva na va\u0161e misli, ob\u010dutke in raven stresa.<\/span><\/span> <span class=\"jCAhz ChMk0b\"><span class=\"ryNqvb\">Raven koristnih bakterij v \u010drevesju se s staranjem zmanj\u0161uje.<\/span><\/span> <span class=\"jCAhz ChMk0b\"><span class=\"ryNqvb\">Zato je fermentirana hrana med ljudmi, ki se zavedajo zdravja, vse bolj priljubljena.<\/span><\/span><\/div>\n<div class=\"UdTY9 WdefRb\" aria-hidden=\"true\" data-location=\"2\"><\/div>\n","protected":false},"featured_media":5275,"comment_status":"open","ping_status":"closed","template":"","meta":{"site-sidebar-layout":"default","site-content-layout":"default","ast-site-content-layout":"default","site-content-style":"default","site-sidebar-style":"default","ast-global-header-display":"","ast-banner-title-visibility":"","ast-main-header-display":"","ast-hfb-above-header-display":"","ast-hfb-below-header-display":"","ast-hfb-mobile-header-display":"","site-post-title":"","ast-breadcrumbs-content":"","ast-featured-img":"","footer-sml-layout":"","theme-transparent-header-meta":"default","adv-header-id-meta":"","stick-header-meta":"default","header-above-stick-meta":"","header-main-stick-meta":"","header-below-stick-meta":"","astra-migrate-meta-layouts":"set","ast-page-background-enabled":"default","ast-page-background-meta":{"desktop":{"background-color":"","background-image":"","background-repeat":"repeat","background-position":"center center","background-size":"auto","background-attachment":"scroll","background-type":"","background-media":"","overlay-type":"","overlay-color":"","overlay-gradient":""},"tablet":{"background-color":"","background-image":"","background-repeat":"repeat","background-position":"center center","background-size":"auto","background-attachment":"scroll","background-type":"","background-media":"","overlay-type":"","overlay-color":"","overlay-gradient":""},"mobile":{"background-color":"","background-image":"","background-repeat":"repeat","background-position":"center center","background-size":"auto","background-attachment":"scroll","background-type":"","background-media":"","overlay-type":"","overlay-color":"","overlay-gradient":""}},"ast-content-background-meta":{"desktop":{"background-color":"var(--ast-global-color-5)","background-image":"","background-repeat":"repeat","background-position":"center center","background-size":"auto","background-attachment":"scroll","background-type":"","background-media":"","overlay-type":"","overlay-color":"","overlay-gradient":""},"tablet":{"background-color":"var(--ast-global-color-5)","background-image":"","background-repeat":"repeat","background-position":"center center","background-size":"auto","background-attachment":"scroll","background-type":"","background-media":"","overlay-type":"","overlay-color":"","overlay-gradient":""},"mobile":{"background-color":"var(--ast-global-color-5)","background-image":"","background-repeat":"repeat","background-position":"center center","background-size":"auto","background-attachment":"scroll","background-type":"","background-media":"","overlay-type":"","overlay-color":"","overlay-gradient":""}}},"product_cat":[47],"product_tag":[],"aioseo_notices":[],"_links":{"self":[{"href":"https:\/\/www.micronatura.si\/index.php?rest_route=\/wp\/v2\/product\/5274"}],"collection":[{"href":"https:\/\/www.micronatura.si\/index.php?rest_route=\/wp\/v2\/product"}],"about":[{"href":"https:\/\/www.micronatura.si\/index.php?rest_route=\/wp\/v2\/types\/product"}],"replies":[{"embeddable":true,"href":"https:\/\/www.micronatura.si\/index.php?rest_route=%2Fwp%2Fv2%2Fcomments&post=5274"}],"wp:featuredmedia":[{"embeddable":true,"href":"https:\/\/www.micronatura.si\/index.php?rest_route=\/wp\/v2\/media\/5275"}],"wp:attachment":[{"href":"https:\/\/www.micronatura.si\/index.php?rest_route=%2Fwp%2Fv2%2Fmedia&parent=5274"}],"wp:term":[{"taxonomy":"product_cat","embeddable":true,"href":"https:\/\/www.micronatura.si\/index.php?rest_route=%2Fwp%2Fv2%2Fproduct_cat&post=5274"},{"taxonomy":"product_tag","embeddable":true,"href":"https:\/\/www.micronatura.si\/index.php?rest_route=%2Fwp%2Fv2%2Fproduct_tag&post=5274"}],"curies":[{"name":"wp","href":"https:\/\/api.w.org\/{rel}","templated":true}]}}