{"id":5458,"date":"2022-07-19T15:09:48","date_gmt":"2022-07-19T13:09:48","guid":{"rendered":"http:\/\/dev.micronatura.si\/?post_type=product&#038;p=5458"},"modified":"2026-02-05T13:48:47","modified_gmt":"2026-02-05T12:48:47","slug":"minerali-em-x-gold","status":"publish","type":"product","link":"https:\/\/www.micronatura.si\/?product=minerali-em-x-gold","title":{"rendered":"Minerali EM-X Gold"},"content":{"rendered":"<p>EM-X Gold Minerals so prehransko dopolnilo z visoko vsebnostjo kalcija. Minerali zdru\u017eujejo posebne lastnosti EM-X Gold z dragocenim kalcijem koral Sango.<\/p>\n<p>Kalcij ima pomembno vlogo pri delitvi in \u200b\u200bspecializaciji celic ter je potreben za vzdr\u017eevanje normalnih kosti in zob. Poleg kalcija vsebuje korala Sango \u0161e ve\u010d kot 70 drugih elementov v sledovih. Med drugim magnezij, ki je naravni partner kalcija v telesu.<\/p>\n<p>Koralni pesek za koralni kalcij Sango nastane z naravno erozijo mrtvih koral. Pri rudarjenju koralnega peska se NOBENI \u017eivi grebeni ne uni\u010dijo!<\/p>\n<p>Opozorilo: Dolo\u010denega dnevnega priporo\u010denega vnosa ne smete prese\u010di. Ta izdelek se ne sme uporabljati kot nadomestek za raznoliko in uravnote\u017eeno prehrano ter zdrav na\u010din \u017eivljenja.<\/p>\n","protected":false},"excerpt":{"rendered":"<p>EM-X Gold Minerals so prehransko dopolnilo z visoko vsebnostjo kalcija. Minerali zdru\u017eujejo posebne lastnosti EM-X Gold z dragocenim kalcijem koral Sango. Kalcij ima pomembno vlogo pri delitvi in \u200b\u200bspecializaciji celic ter je potreben za vzdr\u017eevanje normalnih kosti in zob. Poleg kalcija vsebuje korala Sango \u0161e ve\u010d kot 70 drugih elementov v sledovih. Med drugim magnezij, [&hellip;]<\/p>\n","protected":false},"featured_media":5459,"comment_status":"open","ping_status":"closed","template":"","meta":{"site-sidebar-layout":"default","site-content-layout":"default","ast-site-content-layout":"default","site-content-style":"default","site-sidebar-style":"default","ast-global-header-display":"","ast-banner-title-visibility":"","ast-main-header-display":"","ast-hfb-above-header-display":"","ast-hfb-below-header-display":"","ast-hfb-mobile-header-display":"","site-post-title":"","ast-breadcrumbs-content":"","ast-featured-img":"","footer-sml-layout":"","theme-transparent-header-meta":"default","adv-header-id-meta":"","stick-header-meta":"default","header-above-stick-meta":"","header-main-stick-meta":"","header-below-stick-meta":"","astra-migrate-meta-layouts":"set","ast-page-background-enabled":"default","ast-page-background-meta":{"desktop":{"background-color":"","background-image":"","background-repeat":"repeat","background-position":"center center","background-size":"auto","background-attachment":"scroll","background-type":"","background-media":"","overlay-type":"","overlay-color":"","overlay-gradient":""},"tablet":{"background-color":"","background-image":"","background-repeat":"repeat","background-position":"center center","background-size":"auto","background-attachment":"scroll","background-type":"","background-media":"","overlay-type":"","overlay-color":"","overlay-gradient":""},"mobile":{"background-color":"","background-image":"","background-repeat":"repeat","background-position":"center center","background-size":"auto","background-attachment":"scroll","background-type":"","background-media":"","overlay-type":"","overlay-color":"","overlay-gradient":""}},"ast-content-background-meta":{"desktop":{"background-color":"var(--ast-global-color-5)","background-image":"","background-repeat":"repeat","background-position":"center center","background-size":"auto","background-attachment":"scroll","background-type":"","background-media":"","overlay-type":"","overlay-color":"","overlay-gradient":""},"tablet":{"background-color":"var(--ast-global-color-5)","background-image":"","background-repeat":"repeat","background-position":"center center","background-size":"auto","background-attachment":"scroll","background-type":"","background-media":"","overlay-type":"","overlay-color":"","overlay-gradient":""},"mobile":{"background-color":"var(--ast-global-color-5)","background-image":"","background-repeat":"repeat","background-position":"center center","background-size":"auto","background-attachment":"scroll","background-type":"","background-media":"","overlay-type":"","overlay-color":"","overlay-gradient":""}}},"product_cat":[47,43,59],"product_tag":[],"aioseo_notices":[],"_links":{"self":[{"href":"https:\/\/www.micronatura.si\/index.php?rest_route=\/wp\/v2\/product\/5458"}],"collection":[{"href":"https:\/\/www.micronatura.si\/index.php?rest_route=\/wp\/v2\/product"}],"about":[{"href":"https:\/\/www.micronatura.si\/index.php?rest_route=\/wp\/v2\/types\/product"}],"replies":[{"embeddable":true,"href":"https:\/\/www.micronatura.si\/index.php?rest_route=%2Fwp%2Fv2%2Fcomments&post=5458"}],"wp:featuredmedia":[{"embeddable":true,"href":"https:\/\/www.micronatura.si\/index.php?rest_route=\/wp\/v2\/media\/5459"}],"wp:attachment":[{"href":"https:\/\/www.micronatura.si\/index.php?rest_route=%2Fwp%2Fv2%2Fmedia&parent=5458"}],"wp:term":[{"taxonomy":"product_cat","embeddable":true,"href":"https:\/\/www.micronatura.si\/index.php?rest_route=%2Fwp%2Fv2%2Fproduct_cat&post=5458"},{"taxonomy":"product_tag","embeddable":true,"href":"https:\/\/www.micronatura.si\/index.php?rest_route=%2Fwp%2Fv2%2Fproduct_tag&post=5458"}],"curies":[{"name":"wp","href":"https:\/\/api.w.org\/{rel}","templated":true}]}}