{"id":5462,"date":"2022-07-19T15:16:05","date_gmt":"2022-07-19T13:16:05","guid":{"rendered":"http:\/\/dev.micronatura.si\/?post_type=product&#038;p=5462"},"modified":"2026-02-05T13:51:17","modified_gmt":"2026-02-05T12:51:17","slug":"em-x-keramicni-obroc-velikost-s","status":"publish","type":"product","link":"https:\/\/www.micronatura.si\/?product=em-x-keramicni-obroc-velikost-s","title":{"rendered":"EM\u30fbX Ring Stone &#8211; Kerami\u010dni obro\u010d"},"content":{"rendered":"<p>Kerami\u010dni obro\u010d EM-X je izdelan iz visokokakovostne gline iz Japonske, ki zori skupaj z EM-1 in EM-X Gold v kompleksnem procesu. Naknadno \u017eganje ustvari edinstveno keramiko, v kateri so shranjene vse fino energijske resonance in EM informacije.<\/p>\n<p>Kerami\u010dni obro\u010di ne izbolj\u0161ajo le kakovosti in okusa pija\u010d. Uporabljajo se lahko tudi za kuhanje, pozitivno vplivajo na okus in rok uporabnosti \u017eivila ter se uporabljajo tudi na prostem, npr. uporabljajo v zalivalkah.<\/p>\n<p>Za \u010di\u0161\u010denje je treba obro\u010d prekuhati.<\/p>\n<p>Velikost S ima premer 35 mm in je primeren na primer za vr\u010de s prostornino od 1,0 do 1,5 litra.<br \/>\nVelikost L ima premer 60 mm in se lahko uporablja na primer za kopalno kad.<\/p>\n","protected":false},"excerpt":{"rendered":"<p>Kerami\u010dni obro\u010d EM-X je izdelan iz visokokakovostne gline iz Japonske, ki zori skupaj z EM-1 in EM-X Gold v kompleksnem procesu. Naknadno \u017eganje ustvari edinstveno keramiko, v kateri so shranjene vse fino energijske resonance in EM informacije. Kerami\u010dni obro\u010di ne izbolj\u0161ajo le kakovosti in okusa pija\u010d. Uporabljajo se lahko tudi za kuhanje, pozitivno vplivajo na [&hellip;]<\/p>\n","protected":false},"featured_media":6541,"comment_status":"open","ping_status":"closed","template":"","meta":{"site-sidebar-layout":"default","site-content-layout":"default","ast-site-content-layout":"default","site-content-style":"default","site-sidebar-style":"default","ast-global-header-display":"","ast-banner-title-visibility":"","ast-main-header-display":"","ast-hfb-above-header-display":"","ast-hfb-below-header-display":"","ast-hfb-mobile-header-display":"","site-post-title":"","ast-breadcrumbs-content":"","ast-featured-img":"","footer-sml-layout":"","theme-transparent-header-meta":"default","adv-header-id-meta":"","stick-header-meta":"default","header-above-stick-meta":"","header-main-stick-meta":"","header-below-stick-meta":"","astra-migrate-meta-layouts":"set","ast-page-background-enabled":"default","ast-page-background-meta":{"desktop":{"background-color":"","background-image":"","background-repeat":"repeat","background-position":"center center","background-size":"auto","background-attachment":"scroll","background-type":"","background-media":"","overlay-type":"","overlay-color":"","overlay-gradient":""},"tablet":{"background-color":"","background-image":"","background-repeat":"repeat","background-position":"center center","background-size":"auto","background-attachment":"scroll","background-type":"","background-media":"","overlay-type":"","overlay-color":"","overlay-gradient":""},"mobile":{"background-color":"","background-image":"","background-repeat":"repeat","background-position":"center center","background-size":"auto","background-attachment":"scroll","background-type":"","background-media":"","overlay-type":"","overlay-color":"","overlay-gradient":""}},"ast-content-background-meta":{"desktop":{"background-color":"var(--ast-global-color-5)","background-image":"","background-repeat":"repeat","background-position":"center center","background-size":"auto","background-attachment":"scroll","background-type":"","background-media":"","overlay-type":"","overlay-color":"","overlay-gradient":""},"tablet":{"background-color":"var(--ast-global-color-5)","background-image":"","background-repeat":"repeat","background-position":"center center","background-size":"auto","background-attachment":"scroll","background-type":"","background-media":"","overlay-type":"","overlay-color":"","overlay-gradient":""},"mobile":{"background-color":"var(--ast-global-color-5)","background-image":"","background-repeat":"repeat","background-position":"center center","background-size":"auto","background-attachment":"scroll","background-type":"","background-media":"","overlay-type":"","overlay-color":"","overlay-gradient":""}}},"product_cat":[47,59],"product_tag":[],"aioseo_notices":[],"_links":{"self":[{"href":"https:\/\/www.micronatura.si\/index.php?rest_route=\/wp\/v2\/product\/5462"}],"collection":[{"href":"https:\/\/www.micronatura.si\/index.php?rest_route=\/wp\/v2\/product"}],"about":[{"href":"https:\/\/www.micronatura.si\/index.php?rest_route=\/wp\/v2\/types\/product"}],"replies":[{"embeddable":true,"href":"https:\/\/www.micronatura.si\/index.php?rest_route=%2Fwp%2Fv2%2Fcomments&post=5462"}],"wp:featuredmedia":[{"embeddable":true,"href":"https:\/\/www.micronatura.si\/index.php?rest_route=\/wp\/v2\/media\/6541"}],"wp:attachment":[{"href":"https:\/\/www.micronatura.si\/index.php?rest_route=%2Fwp%2Fv2%2Fmedia&parent=5462"}],"wp:term":[{"taxonomy":"product_cat","embeddable":true,"href":"https:\/\/www.micronatura.si\/index.php?rest_route=%2Fwp%2Fv2%2Fproduct_cat&post=5462"},{"taxonomy":"product_tag","embeddable":true,"href":"https:\/\/www.micronatura.si\/index.php?rest_route=%2Fwp%2Fv2%2Fproduct_tag&post=5462"}],"curies":[{"name":"wp","href":"https:\/\/api.w.org\/{rel}","templated":true}]}}