{"id":5497,"date":"2022-07-20T12:20:29","date_gmt":"2022-07-20T10:20:29","guid":{"rendered":"http:\/\/dev.micronatura.si\/?post_type=product&#038;p=5497"},"modified":"2024-05-23T13:48:54","modified_gmt":"2024-05-23T11:48:54","slug":"kwazar-mercury-razprsilka-1-liter","status":"publish","type":"product","link":"https:\/\/www.micronatura.si\/?product=kwazar-mercury-razprsilka-1-liter","title":{"rendered":"Kwazar Mercury SUPER PRO+ 360\u00b0 razpr\u0161ilka, 1 liter"},"content":{"rendered":"<p><img fetchpriority=\"high\" decoding=\"async\" class=\"wp-image-6535 size-full alignleft\" src=\"http:\/\/www.micronatura.si\/wp-content\/uploads\/2022\/07\/OIP.jpg\" alt=\"\" width=\"474\" height=\"316\" srcset=\"https:\/\/www.micronatura.si\/wp-content\/uploads\/2022\/07\/OIP.jpg 474w, https:\/\/www.micronatura.si\/wp-content\/uploads\/2022\/07\/OIP-300x200.jpg 300w\" sizes=\"(max-width: 474px) 100vw, 474px\" \/>Profesionalna razpr\u0161ilka \u201cDUAL ACTION\u201d je unikatna in edina razpr\u0161ilka, ki z enim pritiskom na spro\u017eilec razpr\u0161i kar dvakrat, kar zagotavlja bistveno ve\u010dji u\u010dinek pr\u0161enja.<\/p>\n<ul>\n<li>nastavljiva glava,<\/li>\n<li>merilna skala<\/li>\n<li>tesnilo iz VITONA.<\/li>\n<\/ul>\n<p>Zaradi obte\u017eene mehke cevi ki zajema teko\u010dino, je njena uporaba mogo\u010da v vseh polo\u017eajih.<\/p>\n<div class=\"woocommerce-tabs\">\n<div id=\"tab-description\" class=\"panel entry-content\">\n<div class=\"ast-oembed-container \" style=\"height: 100%;\"><iframe title=\"Trigger sprayer Mercury Super 360 Cleaning Pro+ | Kwazar\" width=\"500\" height=\"281\" src=\"https:\/\/www.youtube.com\/embed\/HzTM9wLnofs?list=PLru7OHLU1hHZxikcWBmqNs1l7V3Yw3sVu\" frameborder=\"0\" allow=\"accelerometer; autoplay; clipboard-write; encrypted-media; gyroscope; picture-in-picture; web-share\" referrerpolicy=\"strict-origin-when-cross-origin\" allowfullscreen><\/iframe><\/div>\n<p>Kwazar predstavlja unikatno razpr\u0161ilko, ki vam skraj\u0161a delovni \u010das za 50%. Zaradi posebne pr\u0161ilne glave z enim pritiskom na spro\u017eilec, teko\u010dino razpr\u0161i kar dvakrat. Ta razpr\u0161ilka je eden izmed najbolj uporabljenih pripomo\u010dkov po detailing delavnicah po vsem svetu. Kvalitetna izdelava tako razpr\u0161ilke kot tudi pr\u0161ilne glave. Volumen razpr\u0161ilke je 0,5L. Opremljena z kvalitetnim viton tesnili. Na voljo v modri,\u00a0zeleni, rde\u010di ali rumeni barvi za la\u017eje lo\u010devanje.\u00a0Pr\u0161ilka ima sistem ki omogo\u010da pr\u0161enje v vseh pozicijah, tudi ko je popolnoma obrnjena navzdol.<\/p>\n<p><strong>Opozorilo!<\/strong><br \/>\nPr\u0161ilka ni primerna za uporabo agresivnih kemikalij ali kislin!<\/p>\n<p><img decoding=\"async\" src=\"https:\/\/operi-avto.si\/img\/cms\/360Icon.png\" alt=\"\" width=\"59\" height=\"59\" \/><img decoding=\"async\" src=\"https:\/\/operi-avto.si\/img\/cms\/doubleIcon.png\" alt=\"\" width=\"59\" height=\"59\" \/><\/p>\n<\/div>\n<\/div>\n<div class=\"related1 products\">\n<h4>Related Products<\/h4>\n<\/div>\n","protected":false},"excerpt":{"rendered":"<p>Profesionalna razpr\u0161ilka \u201cDUAL ACTION\u201d je unikatna in edina razpr\u0161ilka, ki z enim pritiskom na spro\u017eilec razpr\u0161i kar dvakrat, kar zagotavlja bistveno ve\u010dji u\u010dinek pr\u0161enja. nastavljiva glava, merilna skala tesnilo iz VITONA. Zaradi obte\u017eene mehke cevi ki zajema teko\u010dino, je njena uporaba mogo\u010da v vseh polo\u017eajih. Kwazar predstavlja unikatno razpr\u0161ilko, ki vam skraj\u0161a delovni \u010das za [&hellip;]<\/p>\n","protected":false},"featured_media":6536,"comment_status":"open","ping_status":"closed","template":"","meta":{"site-sidebar-layout":"default","site-content-layout":"default","ast-site-content-layout":"default","site-content-style":"default","site-sidebar-style":"default","ast-global-header-display":"","ast-banner-title-visibility":"","ast-main-header-display":"","ast-hfb-above-header-display":"","ast-hfb-below-header-display":"","ast-hfb-mobile-header-display":"","site-post-title":"","ast-breadcrumbs-content":"","ast-featured-img":"","footer-sml-layout":"","theme-transparent-header-meta":"default","adv-header-id-meta":"","stick-header-meta":"default","header-above-stick-meta":"","header-main-stick-meta":"","header-below-stick-meta":"","astra-migrate-meta-layouts":"set","ast-page-background-enabled":"default","ast-page-background-meta":{"desktop":{"background-color":"","background-image":"","background-repeat":"repeat","background-position":"center center","background-size":"auto","background-attachment":"scroll","background-type":"","background-media":"","overlay-type":"","overlay-color":"","overlay-gradient":""},"tablet":{"background-color":"","background-image":"","background-repeat":"repeat","background-position":"center center","background-size":"auto","background-attachment":"scroll","background-type":"","background-media":"","overlay-type":"","overlay-color":"","overlay-gradient":""},"mobile":{"background-color":"","background-image":"","background-repeat":"repeat","background-position":"center center","background-size":"auto","background-attachment":"scroll","background-type":"","background-media":"","overlay-type":"","overlay-color":"","overlay-gradient":""}},"ast-content-background-meta":{"desktop":{"background-color":"var(--ast-global-color-5)","background-image":"","background-repeat":"repeat","background-position":"center center","background-size":"auto","background-attachment":"scroll","background-type":"","background-media":"","overlay-type":"","overlay-color":"","overlay-gradient":""},"tablet":{"background-color":"var(--ast-global-color-5)","background-image":"","background-repeat":"repeat","background-position":"center center","background-size":"auto","background-attachment":"scroll","background-type":"","background-media":"","overlay-type":"","overlay-color":"","overlay-gradient":""},"mobile":{"background-color":"var(--ast-global-color-5)","background-image":"","background-repeat":"repeat","background-position":"center center","background-size":"auto","background-attachment":"scroll","background-type":"","background-media":"","overlay-type":"","overlay-color":"","overlay-gradient":""}}},"product_cat":[44,48],"product_tag":[],"aioseo_notices":[],"_links":{"self":[{"href":"https:\/\/www.micronatura.si\/index.php?rest_route=\/wp\/v2\/product\/5497"}],"collection":[{"href":"https:\/\/www.micronatura.si\/index.php?rest_route=\/wp\/v2\/product"}],"about":[{"href":"https:\/\/www.micronatura.si\/index.php?rest_route=\/wp\/v2\/types\/product"}],"replies":[{"embeddable":true,"href":"https:\/\/www.micronatura.si\/index.php?rest_route=%2Fwp%2Fv2%2Fcomments&post=5497"}],"wp:featuredmedia":[{"embeddable":true,"href":"https:\/\/www.micronatura.si\/index.php?rest_route=\/wp\/v2\/media\/6536"}],"wp:attachment":[{"href":"https:\/\/www.micronatura.si\/index.php?rest_route=%2Fwp%2Fv2%2Fmedia&parent=5497"}],"wp:term":[{"taxonomy":"product_cat","embeddable":true,"href":"https:\/\/www.micronatura.si\/index.php?rest_route=%2Fwp%2Fv2%2Fproduct_cat&post=5497"},{"taxonomy":"product_tag","embeddable":true,"href":"https:\/\/www.micronatura.si\/index.php?rest_route=%2Fwp%2Fv2%2Fproduct_tag&post=5497"}],"curies":[{"name":"wp","href":"https:\/\/api.w.org\/{rel}","templated":true}]}}