{"id":5514,"date":"2022-07-24T10:32:11","date_gmt":"2022-07-24T08:32:11","guid":{"rendered":"http:\/\/dev.micronatura.si\/?post_type=product&#038;p=5514"},"modified":"2024-05-23T13:45:27","modified_gmt":"2024-05-23T11:45:27","slug":"kwazar-nix-acid-05-litra","status":"publish","type":"product","link":"https:\/\/www.micronatura.si\/?product=kwazar-nix-acid-05-litra","title":{"rendered":"Kwazar Nix Acid, 0,5 litra"},"content":{"rendered":"<p>Izredno kvalitetna pr\u0161ilna glava omogo\u010da konstantno in izdatno pr\u0161enje.<\/p>\n<p>Opremljena je z merilno skalo.<\/p>\n<p>Primerno za kisla sredstva.<\/p>\n","protected":false},"excerpt":{"rendered":"<p>Izredno kvalitetna pr\u0161ilna glava omogo\u010da konstantno in izdatno pr\u0161enje. Opremljena je z merilno skalo. Primerno za kisla sredstva.<\/p>\n","protected":false},"featured_media":5516,"comment_status":"open","ping_status":"closed","template":"","meta":{"site-sidebar-layout":"default","site-content-layout":"default","ast-site-content-layout":"default","site-content-style":"default","site-sidebar-style":"default","ast-global-header-display":"","ast-banner-title-visibility":"","ast-main-header-display":"","ast-hfb-above-header-display":"","ast-hfb-below-header-display":"","ast-hfb-mobile-header-display":"","site-post-title":"","ast-breadcrumbs-content":"","ast-featured-img":"","footer-sml-layout":"","theme-transparent-header-meta":"default","adv-header-id-meta":"","stick-header-meta":"default","header-above-stick-meta":"","header-main-stick-meta":"","header-below-stick-meta":"","astra-migrate-meta-layouts":"set","ast-page-background-enabled":"default","ast-page-background-meta":{"desktop":{"background-color":"","background-image":"","background-repeat":"repeat","background-position":"center center","background-size":"auto","background-attachment":"scroll","background-type":"","background-media":"","overlay-type":"","overlay-color":"","overlay-gradient":""},"tablet":{"background-color":"","background-image":"","background-repeat":"repeat","background-position":"center center","background-size":"auto","background-attachment":"scroll","background-type":"","background-media":"","overlay-type":"","overlay-color":"","overlay-gradient":""},"mobile":{"background-color":"","background-image":"","background-repeat":"repeat","background-position":"center center","background-size":"auto","background-attachment":"scroll","background-type":"","background-media":"","overlay-type":"","overlay-color":"","overlay-gradient":""}},"ast-content-background-meta":{"desktop":{"background-color":"var(--ast-global-color-5)","background-image":"","background-repeat":"repeat","background-position":"center center","background-size":"auto","background-attachment":"scroll","background-type":"","background-media":"","overlay-type":"","overlay-color":"","overlay-gradient":""},"tablet":{"background-color":"var(--ast-global-color-5)","background-image":"","background-repeat":"repeat","background-position":"center center","background-size":"auto","background-attachment":"scroll","background-type":"","background-media":"","overlay-type":"","overlay-color":"","overlay-gradient":""},"mobile":{"background-color":"var(--ast-global-color-5)","background-image":"","background-repeat":"repeat","background-position":"center center","background-size":"auto","background-attachment":"scroll","background-type":"","background-media":"","overlay-type":"","overlay-color":"","overlay-gradient":""}}},"product_cat":[44,48],"product_tag":[],"aioseo_notices":[],"_links":{"self":[{"href":"https:\/\/www.micronatura.si\/index.php?rest_route=\/wp\/v2\/product\/5514"}],"collection":[{"href":"https:\/\/www.micronatura.si\/index.php?rest_route=\/wp\/v2\/product"}],"about":[{"href":"https:\/\/www.micronatura.si\/index.php?rest_route=\/wp\/v2\/types\/product"}],"replies":[{"embeddable":true,"href":"https:\/\/www.micronatura.si\/index.php?rest_route=%2Fwp%2Fv2%2Fcomments&post=5514"}],"wp:featuredmedia":[{"embeddable":true,"href":"https:\/\/www.micronatura.si\/index.php?rest_route=\/wp\/v2\/media\/5516"}],"wp:attachment":[{"href":"https:\/\/www.micronatura.si\/index.php?rest_route=%2Fwp%2Fv2%2Fmedia&parent=5514"}],"wp:term":[{"taxonomy":"product_cat","embeddable":true,"href":"https:\/\/www.micronatura.si\/index.php?rest_route=%2Fwp%2Fv2%2Fproduct_cat&post=5514"},{"taxonomy":"product_tag","embeddable":true,"href":"https:\/\/www.micronatura.si\/index.php?rest_route=%2Fwp%2Fv2%2Fproduct_tag&post=5514"}],"curies":[{"name":"wp","href":"https:\/\/api.w.org\/{rel}","templated":true}]}}