{"id":5647,"date":"2022-08-26T11:11:10","date_gmt":"2022-08-26T09:11:10","guid":{"rendered":"http:\/\/dev.micronatura.si\/?post_type=product&#038;p=5647"},"modified":"2026-02-05T13:50:23","modified_gmt":"2026-02-05T12:50:23","slug":"em-1-melasa","status":"publish","type":"product","link":"https:\/\/www.micronatura.si\/?product=em-1-melasa","title":{"rendered":"EM\u30fb1+ MELASA"},"content":{"rendered":"<h3 style=\"text-align: center;\"><span class=\"jCAhz ChMk0b\"><span class=\"ryNqvb\">EM\u30fb1<sup>TM<\/sup><\/span><\/span><\/h3>\n<h3 style=\"text-align: center;\"><span class=\"jCAhz ChMk0b\"><span class=\"ryNqvb\">EM\uff651 je osnovni izdelek znamke EM.<\/span><\/span><\/h3>\n<p>&nbsp;<\/p>\n<p><span class=\"jCAhz ChMk0b\"><span class=\"ryNqvb\">Na voljo je v teko\u010di obliki in vsebuje razli\u010dne skupine mikroorganizmov, vklju\u010dno z mle\u010dnokislinskimi bakterijami, kvasovkami in fototrofnimi bakterijami.<\/span><\/span> <span class=\"jCAhz ChMk0b\"><span class=\"ryNqvb\">Zaradi soobstoja teh mikroorganizmov lahko EM\uff651 in metaboliti, ki jih vsebuje, aktivirajo naravne mikroorganizme v razli\u010dnih okoljih in pogojih ter na \u0161tevilnih razli\u010dnih podro\u010djih, kot so kmetijstvo, \u017eivinoreja, \u010di\u0161\u010denje okolja in zdravstvena nega.<\/span><\/span><\/p>\n<p><span class=\"jCAhz ChMk0b\"><span class=\"ryNqvb\">EM\u30fb1 je izvirna, pristna, u\u010dinkovita re\u0161itev za mikroorganizme, ki jo je oblikoval dr. Higa.<\/span><\/span> <span class=\"jCAhz ChMk0b\"><span class=\"ryNqvb\">Razvit je bil v osemdesetih letih prej\u0161njega stoletja, veliko preden je znanost o mikrobiomih pritegnila pozornost sveta in njegova u\u010dinkovitost je bila od takrat vedno znova dokazana po vsem svetu.<\/span><\/span> <span class=\"jCAhz ChMk0b\"><span class=\"ryNqvb\">Trenutno se EM\u30fb1 proizvaja v ve\u010d kot 50 dr\u017eavah pod neposrednim nadzorom EMRO.<\/span><\/span><\/p>\n<p><span class=\"jCAhz ChMk0b\"><span class=\"ryNqvb\">Mikroorganizmi v EM\u30fb1 so stabilni, da se zagotovi nadzor kakovosti in omogo\u010di dolgoro\u010dno shranjevanje.<\/span><\/span> <span class=\"jCAhz ChMk0b\"><span class=\"ryNqvb\">Vendar pa jih s hranjenjem aktivirate in povzro\u010dite njihovo razmno\u017eevanje, zaradi \u010desar postanejo \u00bbAktiviran EM\u30fb1\u00ab.<\/span><\/span><\/p>\n<ul>\n<li><span style=\"color: #003300;\"><strong><span class=\"jCAhz ChMk0b\"><span class=\"ryNqvb\">Aktiviran EM\uff651<\/span><\/span> <\/strong><\/span><span class=\"jCAhz ChMk0b\"><span class=\"ryNqvb\">EM\u30fb1 je mogo\u010de vzgojiti samo enkrat, sj \u017eelimo, da se ohrani ravnovesje mikrobov, raz\u0161irjena re\u0161itev pa se imenuje &#8220;Aktivirani EM\u30fb1&#8221;.<\/span><\/span> <span class=\"jCAhz ChMk0b\"><span class=\"ryNqvb\">Z melaso kot krmo mikroorganizmi v EM\u30fb1 delujejo aktivno in se razmno\u017eijo.<\/span><\/span> <span class=\"jCAhz ChMk0b\"><span class=\"ryNqvb\">Raz\u0161iri se lahko za pribli\u017eno 20-krat glede na prostornino in se uporablja za \u0161tevilne razli\u010dne namene.<\/span><\/span><\/li>\n<li><span style=\"color: #003300;\"><strong><span class=\"jCAhz ChMk0b\"><span class=\"ryNqvb\">EM Bokashi<\/span><\/span><\/strong><\/span> <span class=\"jCAhz ChMk0b\"><span class=\"ryNqvb\">Fermentacija ri\u017eevih ali p\u0161eni\u010dnih otrobov z EM\uff651 bo naredila EM Bokashi.<\/span><\/span> <span class=\"jCAhz ChMk0b\"><span class=\"ryNqvb\">Deluje kot krma ali osnovni material za fermentacijo, ki na razli\u010dne na\u010dine koristi kmetijstvu, \u017eivinoreji, ribogojstvu itd.<\/span><\/span><\/li>\n<li><span style=\"color: #003300;\"><strong><span class=\"jCAhz ChMk0b\"><span class=\"ryNqvb\">EM Kompostiranje <\/span><\/span><\/strong><\/span><span class=\"jCAhz ChMk0b\"><span class=\"ryNqvb\">organskie snovi z aktiviranim EM\u30fb1 naredi EM kompost.<\/span><\/span> Z <span class=\"jCAhz ChMk0b\"><span class=\"ryNqvb\">EM Bokashi ali aktiviranim EM je mogo\u010de kompostirati skoraj vsako vrsto organske snovi.<\/span><\/span> <span class=\"jCAhz ChMk0b\"><span class=\"ryNqvb\">Deluje kot izbolj\u0161evalec tal in gnojilo v kmetijstvu.<\/span><\/span> <span class=\"jCAhz ChMk0b\"><span class=\"ryNqvb\">EM Kompost izbolj\u0161a fizikalne, kemi\u010dne in biolo\u0161ke lastnosti tal.<\/span><\/span><\/li>\n<li><span style=\"color: #003300;\"><strong><span class=\"jCAhz ChMk0b\"><span class=\"ryNqvb\">EM Mudballs<\/span><\/span><\/strong><\/span> &#8211; <span class=\"jCAhz ChMk0b\"><span class=\"ryNqvb\">Zaradi svoje gostote bodo potonili na dno rek in oceanov, pri \u010demer bo blato postopoma razpadlo.<\/span><\/span> <span class=\"jCAhz ChMk0b\"><span class=\"ryNqvb\">Zato se pogosto uporablja za \u010di\u0161\u010denje vodnih sistemov.<\/span><\/span><\/li>\n<\/ul>\n<p><span style=\"color: #003300;\"><strong><span class=\"jCAhz ChMk0b\"><span class=\"ryNqvb\">Sekundarni izdelki<\/span><\/span><\/strong><\/span><\/p>\n<p><span class=\"jCAhz ChMk0b\"><span class=\"ryNqvb\">V zadnjih letih se mnogi raziskovalci manj osredoto\u010dajo na aktivnost posameznih sevov mikroorganizmov in bolj na agregate mikroorganizmov, imenovane mikrobiomi.<\/span><\/span> <span class=\"jCAhz ChMk0b\"><span class=\"ryNqvb\">V kmetijstvu je postalo o\u010ditno, da ko bodo mikrobiomi v tleh zdravi, bodo zemljo obogatili.<\/span><\/span> <span class=\"jCAhz ChMk0b\"><span class=\"ryNqvb\">Zdravi vodni mikrobiomi bodo pomagali ohranjati zmogljivost rek in drugih vodnih teles za \u010di\u0161\u010denje okolja.<\/span><\/span> <span class=\"jCAhz ChMk0b\"><span class=\"ryNqvb\">\u0160tevilni sekundarni izdelki EM so bili razviti v mnogih dr\u017eavah in na \u0161tevilnih podro\u010djih, v skladu s povpra\u0161evanjem.<\/span><\/span> <span class=\"jCAhz ChMk0b\"><span class=\"ryNqvb\">Vsak izdelek je za druga\u010den namen, nekateri za obse\u017eno kmetijstvo in drugi za doma\u010de vrtnarjenje.<\/span><\/span> <span class=\"jCAhz ChMk0b\"><span class=\"ryNqvb\">EM je mogo\u010de uporabiti na ve\u010d na\u010dinov in ga je mogo\u010de vklju\u010diti v \u0161tevilne vrste izdelkov, ki ustrezajo va\u0161im potrebam.<\/span><\/span><\/p>\n","protected":false},"excerpt":{"rendered":"<p><span class=\"jCAhz ChMk0b\"><span class=\"ryNqvb\">EM\u30fb1 je osnovna kultura EM v mirovanju.\u00a0<\/span><\/span><\/p>\n<p>Si \u017eelite sami narediti svoj Bokashi? Mogo\u010de pripraviti teko\u010de gnojilo, sredstvo za vrtnarjenje, \u010distilo, milo in \u0161e marsikaj&#8230;<\/p>\n<p><span class=\"jCAhz ChMk0b\"><span class=\"ryNqvb\">EM\u30fb1 je osnova za take projekte. V na\u0161i ponudbi teko\u010dino ponujamo izklju\u010dno v kompletu z melaso.<\/span><\/span><\/p>\n<h4><strong>1l <span class=\"jCAhz ChMk0b\"><span class=\"ryNqvb\">EM\u30fb1 + 1l melase + 18l vode = 20l Aktiviranega EM<\/span><\/span><\/strong><\/h4>\n","protected":false},"featured_media":5652,"comment_status":"open","ping_status":"closed","template":"","meta":{"site-sidebar-layout":"default","site-content-layout":"default","ast-site-content-layout":"default","site-content-style":"default","site-sidebar-style":"default","ast-global-header-display":"","ast-banner-title-visibility":"","ast-main-header-display":"","ast-hfb-above-header-display":"","ast-hfb-below-header-display":"","ast-hfb-mobile-header-display":"","site-post-title":"","ast-breadcrumbs-content":"","ast-featured-img":"","footer-sml-layout":"","theme-transparent-header-meta":"default","adv-header-id-meta":"","stick-header-meta":"default","header-above-stick-meta":"","header-main-stick-meta":"","header-below-stick-meta":"","astra-migrate-meta-layouts":"set","ast-page-background-enabled":"default","ast-page-background-meta":{"desktop":{"background-color":"","background-image":"","background-repeat":"repeat","background-position":"center center","background-size":"auto","background-attachment":"scroll","background-type":"","background-media":"","overlay-type":"","overlay-color":"","overlay-gradient":""},"tablet":{"background-color":"","background-image":"","background-repeat":"repeat","background-position":"center center","background-size":"auto","background-attachment":"scroll","background-type":"","background-media":"","overlay-type":"","overlay-color":"","overlay-gradient":""},"mobile":{"background-color":"","background-image":"","background-repeat":"repeat","background-position":"center center","background-size":"auto","background-attachment":"scroll","background-type":"","background-media":"","overlay-type":"","overlay-color":"","overlay-gradient":""}},"ast-content-background-meta":{"desktop":{"background-color":"var(--ast-global-color-5)","background-image":"","background-repeat":"repeat","background-position":"center center","background-size":"auto","background-attachment":"scroll","background-type":"","background-media":"","overlay-type":"","overlay-color":"","overlay-gradient":""},"tablet":{"background-color":"var(--ast-global-color-5)","background-image":"","background-repeat":"repeat","background-position":"center center","background-size":"auto","background-attachment":"scroll","background-type":"","background-media":"","overlay-type":"","overlay-color":"","overlay-gradient":""},"mobile":{"background-color":"var(--ast-global-color-5)","background-image":"","background-repeat":"repeat","background-position":"center center","background-size":"auto","background-attachment":"scroll","background-type":"","background-media":"","overlay-type":"","overlay-color":"","overlay-gradient":""}}},"product_cat":[41,67,44,47,66,43,59,64,65,46,45],"product_tag":[],"aioseo_notices":[],"_links":{"self":[{"href":"https:\/\/www.micronatura.si\/index.php?rest_route=\/wp\/v2\/product\/5647"}],"collection":[{"href":"https:\/\/www.micronatura.si\/index.php?rest_route=\/wp\/v2\/product"}],"about":[{"href":"https:\/\/www.micronatura.si\/index.php?rest_route=\/wp\/v2\/types\/product"}],"replies":[{"embeddable":true,"href":"https:\/\/www.micronatura.si\/index.php?rest_route=%2Fwp%2Fv2%2Fcomments&post=5647"}],"wp:featuredmedia":[{"embeddable":true,"href":"https:\/\/www.micronatura.si\/index.php?rest_route=\/wp\/v2\/media\/5652"}],"wp:attachment":[{"href":"https:\/\/www.micronatura.si\/index.php?rest_route=%2Fwp%2Fv2%2Fmedia&parent=5647"}],"wp:term":[{"taxonomy":"product_cat","embeddable":true,"href":"https:\/\/www.micronatura.si\/index.php?rest_route=%2Fwp%2Fv2%2Fproduct_cat&post=5647"},{"taxonomy":"product_tag","embeddable":true,"href":"https:\/\/www.micronatura.si\/index.php?rest_route=%2Fwp%2Fv2%2Fproduct_tag&post=5647"}],"curies":[{"name":"wp","href":"https:\/\/api.w.org\/{rel}","templated":true}]}}