{"id":8183,"date":"2024-02-16T14:32:08","date_gmt":"2024-02-16T13:32:08","guid":{"rendered":"https:\/\/www.micronatura.si\/?post_type=product&#038;p=8183"},"modified":"2026-02-05T13:47:39","modified_gmt":"2026-02-05T12:47:39","slug":"em-zoo-za-zivali-20l","status":"publish","type":"product","link":"https:\/\/www.micronatura.si\/?product=em-zoo-za-zivali-20l","title":{"rendered":"EM\u00ae Zoo &#8211; za \u017eivali 20l"},"content":{"rendered":"<p><strong>EM ZOO &#8211; DOPOLNILNA KRMNA ME\u0160ANICA<\/strong><\/p>\n<p>EM Zoo sestavljajo efektivni mikroorganizmi EM\u00ae-1, ki zagotavljajo \u017eivalim bolj\u0161o imunsko za\u0161\u010dito. Uporablja se za prepre\u010devanje bolezni, povezanih z zmanj\u0161ano imunsko odpornostjo in spremenjeno presnovo zaradi uporabe antibiotikov. Je naravno sredstvo za obogatitev in stabilizacijo \u010drevesne flore, odgovorne za pravilno delovanje prebavnega sistema. EM\u00ae Zoo stimulira imunski sistem.<\/p>\n<p><strong>ODMERJANJE<\/strong>:<\/p>\n<p><a href=\"https:\/\/www.micronatura.si\/?page_id=7055\"><strong>PRA\u0160I\u010cI:<\/strong><\/a><br \/>\nSvinje: 50ml na dan (v stresnih situacijah, kot so dnevi pred kotitvijo, po 150ml na dan)<br \/>\nPujski: 20ml na dan (takoj po rojstvu 2ml direktno v usta)<br \/>\nPra\u0161i\u010di: 30ml na dan<\/p>\n<p><a href=\"https:\/\/www.micronatura.si\/?page_id=7025\"><strong>PERUTNINA:<\/strong><\/a><br \/>\nUporablja se:<br \/>\n3l proizvoda EM\u00ae Zoo na 1t krme ali<br \/>\n3l na 1000l vode (v vodo se dodaja 6 h na dan).<br \/>\nZa doseganje \u0161e bolj\u0161ih rezultatov EM\u00ae Zoo \u0161kropimo po stelji, boksu in\/ali v hlevu in sicer z raztopino v razmerju 1:10 z vodo.<\/p>\n<p><a href=\"https:\/\/www.micronatura.si\/?page_id=6988\"><strong>GOVEDO:<\/strong><\/a><br \/>\nKrave: prvi mesec 100ml nato 50ml na dan<br \/>\nTeleta: prvi mesec 70ml nato 35ml na dan<br \/>\nBiki: 35ml na dan<br \/>\nZa prepre\u010devanje vnetja vimen priporo\u010damo uporabo raztopine <a href=\"https:\/\/www.micronatura.si\/?product=em-white-apple-20l\">EM White Apple<\/a> 1:5 z vodo, s katero umivamo vimena po mol\u017ei.<br \/>\nZa nego kopit uporabljamo raztopino z vodo v razmerju 1:100.<\/p>\n<p><strong>KONJI:<\/strong><br \/>\nOdrasli konji: 40ml na dan<br \/>\n\u017drebeta: 20ml na dan<br \/>\nLahko \u0161kropimo po krmi tik pred zau\u017eitjem.<\/p>\n<p><a href=\"https:\/\/www.micronatura.si\/?page_id=7172\"><strong>KLIMA IN ZDRAVO OKOLJE \u017dIVALI:<\/strong><\/a><br \/>\nZa doseganje \u0161e bolj\u0161ih rezultatov \u0161kropimo po stelji, boksu z raztopino 1:10.<br \/>\nTa na\u010din implementacije EM\u00ae v okolje \u017eivali je smiseln, saj EM\u00ae s svojim na\u010dinom dominacije prepre\u010dujejo razmno\u017eevanje in obstoj ostalih slabih mikroorganizmov, med njimi tudi patogenih.<\/p>\n<p><a href=\"https:\/\/www.micronatura.si\/?page_id=9820\"><strong>SILA\u017dA:<\/strong><\/a><br \/>\n1l proizvoda EM\u00ae Zoo enakomerno zme\u0161amo 4t zelene mase (lahko se me\u0161a z vodo za bolj\u0161o porazdelitev). Sila\u017eo temeljito potla\u010dimo in prepre\u010dimo vstop zraka. Tako pripravljena sila\u017ea ohranja polno vrednost v celotnem obdobju hrambe. EM\u00ae Zoo ne odpravlja napak pri pripravi silosa, ob pravilni pripravi pa pove\u010da stabilnost in zvi\u0161a kakovost sila\u017ee.<\/p>\n","protected":false},"excerpt":{"rendered":"<ul>\n<li>bolj\u0161a higiena v hlevu<\/li>\n<li>manj neprijetnih vonjav<\/li>\n<li>manjs stresa<\/li>\n<li>izbolj\u0161ana presnova \u017eivali<\/li>\n<li>bolj\u0161i izkoristek hranil<\/li>\n<li>zvi\u0161anje naravne odpornosti<\/li>\n<li>zmanj\u0161ane potrebe po zdravilih<\/li>\n<\/ul>\n","protected":false},"featured_media":9589,"comment_status":"open","ping_status":"closed","template":"","meta":{"site-sidebar-layout":"default","site-content-layout":"","ast-site-content-layout":"default","site-content-style":"default","site-sidebar-style":"default","ast-global-header-display":"","ast-banner-title-visibility":"","ast-main-header-display":"","ast-hfb-above-header-display":"","ast-hfb-below-header-display":"","ast-hfb-mobile-header-display":"","site-post-title":"","ast-breadcrumbs-content":"","ast-featured-img":"","footer-sml-layout":"","theme-transparent-header-meta":"default","adv-header-id-meta":"","stick-header-meta":"default","header-above-stick-meta":"","header-main-stick-meta":"","header-below-stick-meta":"","astra-migrate-meta-layouts":"set","ast-page-background-enabled":"default","ast-page-background-meta":{"desktop":{"background-color":"","background-image":"","background-repeat":"repeat","background-position":"center center","background-size":"auto","background-attachment":"scroll","background-type":"","background-media":"","overlay-type":"","overlay-color":"","overlay-gradient":""},"tablet":{"background-color":"","background-image":"","background-repeat":"repeat","background-position":"center center","background-size":"auto","background-attachment":"scroll","background-type":"","background-media":"","overlay-type":"","overlay-color":"","overlay-gradient":""},"mobile":{"background-color":"","background-image":"","background-repeat":"repeat","background-position":"center center","background-size":"auto","background-attachment":"scroll","background-type":"","background-media":"","overlay-type":"","overlay-color":"","overlay-gradient":""}},"ast-content-background-meta":{"desktop":{"background-color":"var(--ast-global-color-5)","background-image":"","background-repeat":"repeat","background-position":"center center","background-size":"auto","background-attachment":"scroll","background-type":"","background-media":"","overlay-type":"","overlay-color":"","overlay-gradient":""},"tablet":{"background-color":"var(--ast-global-color-5)","background-image":"","background-repeat":"repeat","background-position":"center center","background-size":"auto","background-attachment":"scroll","background-type":"","background-media":"","overlay-type":"","overlay-color":"","overlay-gradient":""},"mobile":{"background-color":"var(--ast-global-color-5)","background-image":"","background-repeat":"repeat","background-position":"center center","background-size":"auto","background-attachment":"scroll","background-type":"","background-media":"","overlay-type":"","overlay-color":"","overlay-gradient":""}}},"product_cat":[65],"product_tag":[],"aioseo_notices":[],"_links":{"self":[{"href":"https:\/\/www.micronatura.si\/index.php?rest_route=\/wp\/v2\/product\/8183"}],"collection":[{"href":"https:\/\/www.micronatura.si\/index.php?rest_route=\/wp\/v2\/product"}],"about":[{"href":"https:\/\/www.micronatura.si\/index.php?rest_route=\/wp\/v2\/types\/product"}],"replies":[{"embeddable":true,"href":"https:\/\/www.micronatura.si\/index.php?rest_route=%2Fwp%2Fv2%2Fcomments&post=8183"}],"wp:featuredmedia":[{"embeddable":true,"href":"https:\/\/www.micronatura.si\/index.php?rest_route=\/wp\/v2\/media\/9589"}],"wp:attachment":[{"href":"https:\/\/www.micronatura.si\/index.php?rest_route=%2Fwp%2Fv2%2Fmedia&parent=8183"}],"wp:term":[{"taxonomy":"product_cat","embeddable":true,"href":"https:\/\/www.micronatura.si\/index.php?rest_route=%2Fwp%2Fv2%2Fproduct_cat&post=8183"},{"taxonomy":"product_tag","embeddable":true,"href":"https:\/\/www.micronatura.si\/index.php?rest_route=%2Fwp%2Fv2%2Fproduct_tag&post=8183"}],"curies":[{"name":"wp","href":"https:\/\/api.w.org\/{rel}","templated":true}]}}