{"id":8184,"date":"2024-02-16T14:34:12","date_gmt":"2024-02-16T13:34:12","guid":{"rendered":"https:\/\/www.micronatura.si\/?post_type=product&#038;p=8184"},"modified":"2026-02-05T13:47:24","modified_gmt":"2026-02-05T12:47:24","slug":"em-white-apple-20l","status":"publish","type":"product","link":"https:\/\/www.micronatura.si\/?product=em-white-apple-20l","title":{"rendered":"EM\u00ae White Apple 20l"},"content":{"rendered":"<h3><span style=\"color: #003366;\"><b><img fetchpriority=\"high\" decoding=\"async\" class=\"aligncenter wp-image-6093 size-large\" src=\"http:\/\/www.micronatura.si\/wp-content\/uploads\/2022\/05\/whiteapplenaslovnica-1024x365.jpg\" alt=\"\" width=\"1024\" height=\"365\" srcset=\"https:\/\/www.micronatura.si\/wp-content\/uploads\/2022\/05\/whiteapplenaslovnica-1024x365.jpg 1024w, https:\/\/www.micronatura.si\/wp-content\/uploads\/2022\/05\/whiteapplenaslovnica-300x107.jpg 300w, https:\/\/www.micronatura.si\/wp-content\/uploads\/2022\/05\/whiteapplenaslovnica-768x274.jpg 768w, https:\/\/www.micronatura.si\/wp-content\/uploads\/2022\/05\/whiteapplenaslovnica-1536x547.jpg 1536w, https:\/\/www.micronatura.si\/wp-content\/uploads\/2022\/05\/whiteapplenaslovnica-2048x730.jpg 2048w, https:\/\/www.micronatura.si\/wp-content\/uploads\/2022\/05\/whiteapplenaslovnica-600x214.jpg 600w\" sizes=\"(max-width: 1024px) 100vw, 1024px\" \/><\/b><\/span><\/h3>\n<h3><span style=\"color: #003366;\"><b>\u010cI\u0160\u010cENJE \u2013 druga perspektiva<\/b><\/span><\/h3>\n<p>Z besedo \u010disto danes ozna\u010dujemo okolje brez bakterij in drugih mikrobov. Kot \u010disto si predstavljamo okolje, ki je primerno za bivanje in je zdravju ne\u0161kodljivo. Kljub na\u0161im \u017eeljam pa vemo, da je imeti sterilno okolje skorajda nemogo\u010de, saj na\u0161 svet sestavljajo tudi mikroorganizmi. Vpra\u0161anje je samo, ali so ti mikroorganizmi koristni ali \u0161kodljivi. Razku\u017eila in nekatera \u010distila namre\u010d ne razlikujejo med njimi in uni\u010dijo vse po vrsti.<\/p>\n<p>Na sre\u010do obstaja alternativa &#8211; v na\u0161e okolje lahko namre\u010d vnesemo izbrane koristne mikroorganizme, tako imenovane Efektivne mikroorganizme EM\u00ae, ki z nami sobivajo in pozitivno vplivajo na na\u0161e okolje in posledi\u010dno na na\u0161e zdravje.<br \/>\nOb nanosu proizvoda EM<sup>\u00ae<\/sup> White Apple na povr\u0161ine, ta zaradi dominantnosti izpodrine ostale (\u0161kodljive) mikroorganizme in pove\u010da koli\u010dino pozitivnih mikroorganizmov. Tako nas lahko preneha skrbeti za mikroorganizme, ki bi nam lahko \u0161kodili in je zato na\u0161e bivanje prijetnej\u0161e.<\/p>\n<h4><span style=\"color: #003366;\"><b>SESTAVA:<\/b><\/span><\/h4>\n<p>Proizvod vsebuje naravne organske kisline in encime, pridobljene s pomo\u010djo fermentacije zeli\u0161\u010d, sadja in rjavega ri\u017ea z Efektivnimi mikroorganizmi EM<sup>\u00ae<\/sup>. EM<sup>\u00ae<\/sup> White Apple je bogat z naravnimi antioksidanti.<\/p>\n<h3 style=\"font-style: normal;\"><img decoding=\"async\" class=\"aligncenter wp-image-6092 size-large\" src=\"http:\/\/www.micronatura.si\/wp-content\/uploads\/2022\/05\/ciscenje-e1700731298561-1024x199.jpg\" alt=\"\" width=\"1024\" height=\"199\" srcset=\"https:\/\/www.micronatura.si\/wp-content\/uploads\/2022\/05\/ciscenje-e1700731298561-1024x199.jpg 1024w, https:\/\/www.micronatura.si\/wp-content\/uploads\/2022\/05\/ciscenje-e1700731298561-300x58.jpg 300w, https:\/\/www.micronatura.si\/wp-content\/uploads\/2022\/05\/ciscenje-e1700731298561-768x149.jpg 768w, https:\/\/www.micronatura.si\/wp-content\/uploads\/2022\/05\/ciscenje-e1700731298561-1536x298.jpg 1536w, https:\/\/www.micronatura.si\/wp-content\/uploads\/2022\/05\/ciscenje-e1700731298561-600x116.jpg 600w, https:\/\/www.micronatura.si\/wp-content\/uploads\/2022\/05\/ciscenje-e1700731298561.jpg 1906w\" sizes=\"(max-width: 1024px) 100vw, 1024px\" \/><\/h3>\n<p>&nbsp;<\/p>\n<h4><span style=\"color: #003366;\"><b>UPORABA:<\/b><\/span><\/h4>\n<h5><span style=\"color: #003366;\">Osve\u017eevanje prostora:<\/span><\/h5>\n<p>razpr\u0161ite EM<sup>\u00ae<\/sup> White Apple, zme\u0161an z vodo v razmerju 1:20. (npr. 50ml na liter vode)<\/p>\n<h5><span style=\"color: #003366;\">\u010ci\u0161\u010denje gladkih povr\u0161in:<\/span><\/h5>\n<p>(miza, pult, okna, omare, kopalnica&#8230;) razpr\u0161ite EM<sup>\u00ae<\/sup> White Apple zme\u0161an z vodo v razmerju 1:10 in obri\u0161ite.<\/p>\n<h5><span style=\"color: #003366;\">Za pomivanje tal:<\/span><\/h5>\n<p>se uporablja me\u0161anica z vodo 1:100.<\/p>\n<h5><span style=\"color: #003366;\">Pranje perila:<\/span><\/h5>\n<p>Nerazred\u010den EM<sup>\u00ae<\/sup> White Apple uporabite namesto meh\u010dalca.<br \/>\nLahko dodajate neagresivne detergente.<\/p>\n<h5><span style=\"color: #003366;\">Pri boju s plesnijo:<\/span><\/h5>\n<p>uporabite EM<sup>\u00ae<\/sup> White Apple v razmerju 1:20 z vodo in izdatno razpr\u0161ite. Postopek ponovite tedensko vsaj 3 krat.<\/p>\n<h5><span style=\"color: #003366;\">Dezinfekcija rastlinjakov, stanovanj, delovnih prostorov,&#8230;<\/span><\/h5>\n<p>lahko uporabimo sredstvo red\u010deno z vodo 1:20 in ga pr\u0161imo po prostoru.<\/p>\n<h5><span style=\"color: #003366;\">Osve\u017eevanje oblazinjenega pohi\u0161tva in talnih oblog:<\/span><\/h5>\n<p>razpr\u0161ite EM<sup>\u00ae<\/sup> White Apple, zme\u0161an z vodo v razmerju 1:10.<\/p>\n<h5><span style=\"color: #003366;\">Hi\u0161ni ljubljen\u010dki:<\/span><\/h5>\n<p>razpr\u0161ite EM<sup>\u00ae<\/sup> White Apple, zme\u0161an z vodo v razmerju 1:10 po bivali\u0161\u010du \u017eivali oz. njihovih le\u017ei\u0161\u010dih.<\/p>\n<h5><span style=\"color: #003366;\">Kombiniranje z drugimi \u010distili:<\/span><\/h5>\n<p>Zaradi same \u010distilne sposobnosti je pogosto pre\u0161ibek za hudo umazanijo, zato ga kombiniramo z drugimi \u010distili. Kombiniramo lahko s \u010distili kateri ne vsebujejo klora ali podobnih u\u010dinkovin, ki bi vplivale na bakterije.<\/p>\n","protected":false},"excerpt":{"rendered":"<ul>\n<li>Ustvari koristno in pozitivno mikrofloro v na\u0161em okolju,<\/li>\n<li>Na naravno-biolo\u0161ki na\u010din o\u010disti na\u0161e okolje in odstrani slabe vonjave.<\/li>\n<li>Zmanj\u0161a \u0161tevilo \u0161kodljivih mikroorganizmov in pr\u0161ic ter prepre\u010duje njihov razvoj.<\/li>\n<li>V prostorih se izbolj\u0161a kakovost zraka \u2013 postane bolj sve\u017e in \u010dist.<\/li>\n<li>Prepre\u010duje nastanek plesni.<\/li>\n<\/ul>\n","protected":false},"featured_media":9588,"comment_status":"open","ping_status":"closed","template":"","meta":{"site-sidebar-layout":"default","site-content-layout":"","ast-site-content-layout":"default","site-content-style":"default","site-sidebar-style":"default","ast-global-header-display":"","ast-banner-title-visibility":"","ast-main-header-display":"","ast-hfb-above-header-display":"","ast-hfb-below-header-display":"","ast-hfb-mobile-header-display":"","site-post-title":"","ast-breadcrumbs-content":"","ast-featured-img":"","footer-sml-layout":"","theme-transparent-header-meta":"default","adv-header-id-meta":"","stick-header-meta":"default","header-above-stick-meta":"","header-main-stick-meta":"","header-below-stick-meta":"","astra-migrate-meta-layouts":"set","ast-page-background-enabled":"default","ast-page-background-meta":{"desktop":{"background-color":"","background-image":"","background-repeat":"repeat","background-position":"center center","background-size":"auto","background-attachment":"scroll","background-type":"","background-media":"","overlay-type":"","overlay-color":"","overlay-gradient":""},"tablet":{"background-color":"","background-image":"","background-repeat":"repeat","background-position":"center center","background-size":"auto","background-attachment":"scroll","background-type":"","background-media":"","overlay-type":"","overlay-color":"","overlay-gradient":""},"mobile":{"background-color":"","background-image":"","background-repeat":"repeat","background-position":"center center","background-size":"auto","background-attachment":"scroll","background-type":"","background-media":"","overlay-type":"","overlay-color":"","overlay-gradient":""}},"ast-content-background-meta":{"desktop":{"background-color":"var(--ast-global-color-5)","background-image":"","background-repeat":"repeat","background-position":"center center","background-size":"auto","background-attachment":"scroll","background-type":"","background-media":"","overlay-type":"","overlay-color":"","overlay-gradient":""},"tablet":{"background-color":"var(--ast-global-color-5)","background-image":"","background-repeat":"repeat","background-position":"center center","background-size":"auto","background-attachment":"scroll","background-type":"","background-media":"","overlay-type":"","overlay-color":"","overlay-gradient":""},"mobile":{"background-color":"var(--ast-global-color-5)","background-image":"","background-repeat":"repeat","background-position":"center center","background-size":"auto","background-attachment":"scroll","background-type":"","background-media":"","overlay-type":"","overlay-color":"","overlay-gradient":""}}},"product_cat":[67,66],"product_tag":[],"aioseo_notices":[],"_links":{"self":[{"href":"https:\/\/www.micronatura.si\/index.php?rest_route=\/wp\/v2\/product\/8184"}],"collection":[{"href":"https:\/\/www.micronatura.si\/index.php?rest_route=\/wp\/v2\/product"}],"about":[{"href":"https:\/\/www.micronatura.si\/index.php?rest_route=\/wp\/v2\/types\/product"}],"replies":[{"embeddable":true,"href":"https:\/\/www.micronatura.si\/index.php?rest_route=%2Fwp%2Fv2%2Fcomments&post=8184"}],"wp:featuredmedia":[{"embeddable":true,"href":"https:\/\/www.micronatura.si\/index.php?rest_route=\/wp\/v2\/media\/9588"}],"wp:attachment":[{"href":"https:\/\/www.micronatura.si\/index.php?rest_route=%2Fwp%2Fv2%2Fmedia&parent=8184"}],"wp:term":[{"taxonomy":"product_cat","embeddable":true,"href":"https:\/\/www.micronatura.si\/index.php?rest_route=%2Fwp%2Fv2%2Fproduct_cat&post=8184"},{"taxonomy":"product_tag","embeddable":true,"href":"https:\/\/www.micronatura.si\/index.php?rest_route=%2Fwp%2Fv2%2Fproduct_tag&post=8184"}],"curies":[{"name":"wp","href":"https:\/\/api.w.org\/{rel}","templated":true}]}}