{"id":8185,"date":"2024-02-16T14:36:48","date_gmt":"2024-02-16T13:36:48","guid":{"rendered":"https:\/\/www.micronatura.si\/?post_type=product&#038;p=8185"},"modified":"2026-02-05T13:47:07","modified_gmt":"2026-02-05T12:47:07","slug":"em-5-20l","status":"publish","type":"product","link":"https:\/\/www.micronatura.si\/?product=em-5-20l","title":{"rendered":"EM\u00ae &#8211; 5 20l"},"content":{"rendered":"<p>je sredstvo, ki krepi in podpira splo\u0161ni imunski sistem rastlin, ter odganja \u0161kodljivce. Je me\u0161anica \u017eivih efektivnih mikroorganizmov EM<sup>\u00ae<\/sup> z dodatkom fermentiranih naravnih sestavin in rastlinskih izvle\u010dkov. EM-5<sup>\u00ae<\/sup> ima \u0161irok spekter delovanja. U\u010dinki so vidni tako zaradi prisotnosti dobrih mikroorganizmov kot so na primer mle\u010dnokislinske bakterije, kot aktivnih substanc z antioksidacijskim u\u010dinkom. Izdelek je popolnoma naraven, nima \u0161kodljivih u\u010dinkov na rastline, ljudi in \u017eivali, je varen za uporabo in je brez karence. Ne vsebuje GSO. Z njegovo uporabo lahko ob\u010dutno zmanj\u0161amo potrebe po kemijskih fitofarmacevtskih sredstev.<\/p>\n<h4><span style=\"color: #993366;\"><strong>Sestava:<\/strong><\/span><\/h4>\n<ul>\n<li>Efektivni mikroorganizmi EM<sup>\u00ae<\/sup><\/li>\n<li>Melasa iz sladkornega trsa<\/li>\n<li>\u010cesen<\/li>\n<li>\u010cili<\/li>\n<li>Vinski kis<\/li>\n<li>Alkohol<\/li>\n<li>Voda<\/li>\n<\/ul>\n<h4><span style=\"color: #993366;\"><strong>Delovanje:<\/strong><\/span><\/h4>\n<p>EM-5<sup>\u00ae<\/sup> krepi in spodbuja splo\u0161no imunsko odpornost rastlin in tal. Ima sposobnost odganjanja insektov in \u0161kodljivcev.<\/p>\n<h3><span style=\"color: #993366;\"><strong>Doma\u010da uporaba:<\/strong><\/span><\/h3>\n<h5 style=\"padding-left: 40px;\">Zalivanje: 1:1000 z vodo &#8211; \u0160kropljenje: 1:100 z vodo<br \/>\nVegetacija:<\/h5>\n<ul>\n<li style=\"list-style-type: none;\">\n<ul>\n<li>\u0161kropljenje v razmakih 7-14 dni oziroma po potrebi.<\/li>\n<li>priporo\u010damo uporabo v kombinaciji z EM<sup>\u00ae<\/sup> Terra Active ali EM<sup>\u00ae<\/sup> Plant Forte v razmerju 1:10<\/li>\n<\/ul>\n<\/li>\n<\/ul>\n<h5 style=\"padding-left: 40px;\">Priprava zemlje:<\/h5>\n<ul>\n<li style=\"list-style-type: none;\">\n<ul>\n<li>v primeru bolezni v tleh ali slabih tal priporo\u010damo me\u0161anico 0,1l EM<sup>\u00ae<\/sup>-5 + 1l EM<sup>\u00ae<\/sup> Terra Active ali EM<sup>\u00ae<\/sup> Plant Forte + 100l vode \/250m<sup>2<\/sup> vrta. Ponovimo 3krat letno.<\/li>\n<\/ul>\n<\/li>\n<\/ul>\n<p style=\"padding-left: 40px;\">\u00a0 <img fetchpriority=\"high\" decoding=\"async\" class=\"wp-image-6125 size-large aligncenter\" src=\"http:\/\/www.micronatura.si\/wp-content\/uploads\/2022\/05\/em51-1024x222.jpg\" alt=\"\" width=\"1024\" height=\"222\" srcset=\"https:\/\/www.micronatura.si\/wp-content\/uploads\/2022\/05\/em51-1024x222.jpg 1024w, https:\/\/www.micronatura.si\/wp-content\/uploads\/2022\/05\/em51-300x65.jpg 300w, https:\/\/www.micronatura.si\/wp-content\/uploads\/2022\/05\/em51-768x167.jpg 768w, https:\/\/www.micronatura.si\/wp-content\/uploads\/2022\/05\/em51-1536x333.jpg 1536w, https:\/\/www.micronatura.si\/wp-content\/uploads\/2022\/05\/em51-2048x444.jpg 2048w, https:\/\/www.micronatura.si\/wp-content\/uploads\/2022\/05\/em51-600x130.jpg 600w\" sizes=\"(max-width: 1024px) 100vw, 1024px\" \/><\/p>\n<hr \/>\n<h3><span style=\"color: #993366;\">Profesionalna uporaba:<\/span><\/h3>\n<p style=\"padding-left: 40px;\">Pr\u0161enje z raztopino. Priporo\u010den odmerek na ha povr\u0161ine je 2-6l EM<sup>\u00ae<\/sup> &#8211; 5, razred\u010denega v najmanj 400l vode. Priporo\u010damo uporabo v kombinaciji z EM<sup>\u00ae<\/sup> Terra Active. Izdelek se lahko uporablja tudi za za\u0161\u010dito lon\u010dnic, u\u010dinkovito pa deluje le na ustrezno pripravljeni zemlji. To pomeni, da je potrebno zemljo najprej regenerirati s pomo\u010djo Efektivnih mikroorganizmov EM<sup>\u00ae<\/sup>. Za ta proces priporo\u010damo uporabo EM<sup>\u00ae <\/sup>Terra Active ali kombinirano uporabo.<\/p>\n<p style=\"padding-left: 40px;\">Sistemati\u010dna uporaba EM<sup>\u00ae<\/sup> &#8211; 5 pove\u010duje odpornost ogro\u017eenih rastlin, jim pomaga v boju proti boleznim in \u0161kodljivcem ter obenem zagotavlja biolo\u0161ko varnost pri pogostem \u0161kropljenju vseh rastlin.<\/p>\n<p style=\"padding-left: 40px;\"><img decoding=\"async\" class=\"wp-image-6124 size-large aligncenter\" style=\"font-weight: inherit;\" src=\"http:\/\/www.micronatura.si\/wp-content\/uploads\/2022\/05\/em52-1024x223.jpg\" alt=\"\" width=\"1024\" height=\"223\" srcset=\"https:\/\/www.micronatura.si\/wp-content\/uploads\/2022\/05\/em52-1024x223.jpg 1024w, https:\/\/www.micronatura.si\/wp-content\/uploads\/2022\/05\/em52-300x65.jpg 300w, https:\/\/www.micronatura.si\/wp-content\/uploads\/2022\/05\/em52-768x167.jpg 768w, https:\/\/www.micronatura.si\/wp-content\/uploads\/2022\/05\/em52-1536x334.jpg 1536w, https:\/\/www.micronatura.si\/wp-content\/uploads\/2022\/05\/em52-2048x445.jpg 2048w, https:\/\/www.micronatura.si\/wp-content\/uploads\/2022\/05\/em52-600x130.jpg 600w\" sizes=\"(max-width: 1024px) 100vw, 1024px\" \/><\/p>\n<p>Za podrobnej\u0161o uporabo si preberite navodila na povezavah. <a href=\"https:\/\/www.micronatura.si\/?page_id=6149\">Zelenjava<\/a>, <a href=\"https:\/\/www.micronatura.si\/?page_id=6204\">\u017eitarice<\/a>, <a href=\"https:\/\/www.micronatura.si\/?page_id=6219\">trajni nasadi<\/a>, <a href=\"https:\/\/www.micronatura.si\/?page_id=6223\">vrtnarije<\/a>, <a href=\"https:\/\/www.micronatura.si\/?page_id=6398\">trate in travniki<\/a>&#8230;<\/p>\n<p><span style=\"color: #993366;\"><strong>OPOMBE:<\/strong><\/span><\/p>\n<p>Ne uporabljajte skupaj s fitofarmacevtskimi sredstvi.<br \/>\nPred uporabo vsebino preme\u0161ajte.<br \/>\nUporabljajte razpr\u0161ilec.<\/p>\n<p><img decoding=\"async\" class=\"aligncenter wp-image-6123 size-large\" style=\"font-weight: inherit;\" src=\"http:\/\/www.micronatura.si\/wp-content\/uploads\/2022\/05\/zelenjava-scaled-e1700829692716-1024x271.jpg\" alt=\"\" width=\"1024\" height=\"271\" srcset=\"https:\/\/www.micronatura.si\/wp-content\/uploads\/2022\/05\/zelenjava-scaled-e1700829692716-1024x271.jpg 1024w, https:\/\/www.micronatura.si\/wp-content\/uploads\/2022\/05\/zelenjava-scaled-e1700829692716-300x79.jpg 300w, https:\/\/www.micronatura.si\/wp-content\/uploads\/2022\/05\/zelenjava-scaled-e1700829692716-768x203.jpg 768w, https:\/\/www.micronatura.si\/wp-content\/uploads\/2022\/05\/zelenjava-scaled-e1700829692716-1536x406.jpg 1536w, https:\/\/www.micronatura.si\/wp-content\/uploads\/2022\/05\/zelenjava-scaled-e1700829692716-2048x542.jpg 2048w, https:\/\/www.micronatura.si\/wp-content\/uploads\/2022\/05\/zelenjava-scaled-e1700829692716-600x159.jpg 600w\" sizes=\"(max-width: 1024px) 100vw, 1024px\" \/><\/p>\n","protected":false},"excerpt":{"rendered":"<p>je sredstvo, ki krepi in podpira splo\u0161ni imunski sistem rastlin, ter odganja \u0161kodljivce. Je me\u0161anica \u017eivih efektivnih mikroorganizmov EM\u00ae z dodatkom fermentiranih naravnih sestavin in rastlinskih izvle\u010dkov. EM-5\u00ae ima \u0161irok spekter delovanja. U\u010dinki so vidni tako zaradi prisotnosti dobrih mikroorganizmov kot so na primer mle\u010dnokislinske bakterije, kot aktivnih substanc z antioksidacijskim u\u010dinkom. Izdelek je popolnoma [&hellip;]<\/p>\n","protected":false},"featured_media":9584,"comment_status":"open","ping_status":"closed","template":"","meta":{"site-sidebar-layout":"default","site-content-layout":"","ast-site-content-layout":"default","site-content-style":"default","site-sidebar-style":"default","ast-global-header-display":"","ast-banner-title-visibility":"","ast-main-header-display":"","ast-hfb-above-header-display":"","ast-hfb-below-header-display":"","ast-hfb-mobile-header-display":"","site-post-title":"","ast-breadcrumbs-content":"","ast-featured-img":"","footer-sml-layout":"","theme-transparent-header-meta":"default","adv-header-id-meta":"","stick-header-meta":"default","header-above-stick-meta":"","header-main-stick-meta":"","header-below-stick-meta":"","astra-migrate-meta-layouts":"set","ast-page-background-enabled":"default","ast-page-background-meta":{"desktop":{"background-color":"","background-image":"","background-repeat":"repeat","background-position":"center center","background-size":"auto","background-attachment":"scroll","background-type":"","background-media":"","overlay-type":"","overlay-color":"","overlay-gradient":""},"tablet":{"background-color":"","background-image":"","background-repeat":"repeat","background-position":"center center","background-size":"auto","background-attachment":"scroll","background-type":"","background-media":"","overlay-type":"","overlay-color":"","overlay-gradient":""},"mobile":{"background-color":"","background-image":"","background-repeat":"repeat","background-position":"center center","background-size":"auto","background-attachment":"scroll","background-type":"","background-media":"","overlay-type":"","overlay-color":"","overlay-gradient":""}},"ast-content-background-meta":{"desktop":{"background-color":"var(--ast-global-color-5)","background-image":"","background-repeat":"repeat","background-position":"center center","background-size":"auto","background-attachment":"scroll","background-type":"","background-media":"","overlay-type":"","overlay-color":"","overlay-gradient":""},"tablet":{"background-color":"var(--ast-global-color-5)","background-image":"","background-repeat":"repeat","background-position":"center center","background-size":"auto","background-attachment":"scroll","background-type":"","background-media":"","overlay-type":"","overlay-color":"","overlay-gradient":""},"mobile":{"background-color":"var(--ast-global-color-5)","background-image":"","background-repeat":"repeat","background-position":"center center","background-size":"auto","background-attachment":"scroll","background-type":"","background-media":"","overlay-type":"","overlay-color":"","overlay-gradient":""}}},"product_cat":[64],"product_tag":[],"aioseo_notices":[],"_links":{"self":[{"href":"https:\/\/www.micronatura.si\/index.php?rest_route=\/wp\/v2\/product\/8185"}],"collection":[{"href":"https:\/\/www.micronatura.si\/index.php?rest_route=\/wp\/v2\/product"}],"about":[{"href":"https:\/\/www.micronatura.si\/index.php?rest_route=\/wp\/v2\/types\/product"}],"replies":[{"embeddable":true,"href":"https:\/\/www.micronatura.si\/index.php?rest_route=%2Fwp%2Fv2%2Fcomments&post=8185"}],"wp:featuredmedia":[{"embeddable":true,"href":"https:\/\/www.micronatura.si\/index.php?rest_route=\/wp\/v2\/media\/9584"}],"wp:attachment":[{"href":"https:\/\/www.micronatura.si\/index.php?rest_route=%2Fwp%2Fv2%2Fmedia&parent=8185"}],"wp:term":[{"taxonomy":"product_cat","embeddable":true,"href":"https:\/\/www.micronatura.si\/index.php?rest_route=%2Fwp%2Fv2%2Fproduct_cat&post=8185"},{"taxonomy":"product_tag","embeddable":true,"href":"https:\/\/www.micronatura.si\/index.php?rest_route=%2Fwp%2Fv2%2Fproduct_tag&post=8185"}],"curies":[{"name":"wp","href":"https:\/\/api.w.org\/{rel}","templated":true}]}}