{"id":8195,"date":"2024-02-19T13:37:01","date_gmt":"2024-02-19T12:37:01","guid":{"rendered":"https:\/\/www.micronatura.si\/?post_type=product&#038;p=8195"},"modified":"2026-02-05T13:45:56","modified_gmt":"2026-02-05T12:45:56","slug":"n-power","status":"publish","type":"product","link":"https:\/\/www.micronatura.si\/?product=n-power","title":{"rendered":"N POWER"},"content":{"rendered":"<h2 style=\"text-align: center;\">Revolucionirajte va\u0161e kmetovanje s protokolom<\/h2>\n<h2 style=\"text-align: center;\"><strong>EM Nitro<\/strong><\/h2>\n<h2 style=\"text-align: center;\"><span style=\"color: #333399;\">Z odklepanjem potenciala od 30 do 50% prihranka pri gnojenju z du\u0161ikom!<\/span><\/h2>\n<h1><img fetchpriority=\"high\" decoding=\"async\" class=\"alignnone size-medium wp-image-10079 aligncenter\" src=\"http:\/\/www.micronatura.si\/wp-content\/uploads\/2025\/09\/urea-n-power-slika-300x169.png\" alt=\"\" width=\"300\" height=\"169\" srcset=\"https:\/\/www.micronatura.si\/wp-content\/uploads\/2025\/09\/urea-n-power-slika-300x169.png 300w, https:\/\/www.micronatura.si\/wp-content\/uploads\/2025\/09\/urea-n-power-slika-1024x577.png 1024w, https:\/\/www.micronatura.si\/wp-content\/uploads\/2025\/09\/urea-n-power-slika-768x433.png 768w, https:\/\/www.micronatura.si\/wp-content\/uploads\/2025\/09\/urea-n-power-slika-1536x866.png 1536w, https:\/\/www.micronatura.si\/wp-content\/uploads\/2025\/09\/urea-n-power-slika-2048x1154.png 2048w, https:\/\/www.micronatura.si\/wp-content\/uploads\/2025\/09\/urea-n-power-slika-600x338.png 600w\" sizes=\"(max-width: 300px) 100vw, 300px\" \/><\/h1>\n<p>&nbsp;<\/p>\n<p>Pod<span style=\"font-size: 16px;\">atki o u\u010dinkovitosti du\u0161i\u010dnih gnojil govorijo o tem, da je kar 70-80% izgubljenih zaradi takih ali druga\u010dnih razlogov. Hkrati pa se dobr\u0161en del preostalega porabi kot stimulacija tal<\/span><span style=\"font-size: 16px;\">nih mikroorganizmov, ki s pomo\u010djo prese\u017enega du\u0161ika prekomerno razkrajajo talno organsko maso in zmanj\u0161ujejo vsebnost humusa (huminskih kislin).\u00a0<\/span><\/p>\n<p>Na\u0161 koncept sloni na dejstvu, da je mo\u017eno dose\u010di skoraj 100% u\u010dinkovito prehrano z du\u0161ikom, pri tem pa zni\u017eati pritisk prekomernega du\u0161i\u010dnega gnojenja na talne mikroorganizme ter posledi\u010dno tla.<\/p>\n<p>Znano je, da rastline raje posegajo po la\u017eje dostopnih oblikah du\u0161ika, saj morajo za na primer nitrat, darovati vodikov ion, torej energijo. Organske oblike pa se direktno vklju\u010dujejo v procese, brez dodatnih izgub. Ostanki energije se kasneje ka\u017eejo pri izra\u017eanju genetskega potenciala rastlin.<\/p>\n<p>Ve\u010d o <a href=\"https:\/\/www.micronatura.si\/?page_id=10074\">EM Nitro<\/a> protokolu<\/p>\n<p>&nbsp;<\/p>\n","protected":false},"excerpt":{"rendered":"<p><strong>Uporaba N Power po protokolu <span style=\"color: #008000;\">EM Nitro<\/span> omogo\u010da zmanj\u0161anje potreb po N za kar 50% in ne zni\u017euje pridelka.<\/strong><\/p>\n","protected":false},"featured_media":9384,"comment_status":"open","ping_status":"closed","template":"","meta":{"site-sidebar-layout":"default","site-content-layout":"","ast-site-content-layout":"default","site-content-style":"default","site-sidebar-style":"default","ast-global-header-display":"","ast-banner-title-visibility":"","ast-main-header-display":"","ast-hfb-above-header-display":"","ast-hfb-below-header-display":"","ast-hfb-mobile-header-display":"","site-post-title":"","ast-breadcrumbs-content":"","ast-featured-img":"","footer-sml-layout":"","theme-transparent-header-meta":"default","adv-header-id-meta":"","stick-header-meta":"default","header-above-stick-meta":"","header-main-stick-meta":"","header-below-stick-meta":"","astra-migrate-meta-layouts":"set","ast-page-background-enabled":"default","ast-page-background-meta":{"desktop":{"background-color":"","background-image":"","background-repeat":"repeat","background-position":"center center","background-size":"auto","background-attachment":"scroll","background-type":"","background-media":"","overlay-type":"","overlay-color":"","overlay-gradient":""},"tablet":{"background-color":"","background-image":"","background-repeat":"repeat","background-position":"center center","background-size":"auto","background-attachment":"scroll","background-type":"","background-media":"","overlay-type":"","overlay-color":"","overlay-gradient":""},"mobile":{"background-color":"","background-image":"","background-repeat":"repeat","background-position":"center center","background-size":"auto","background-attachment":"scroll","background-type":"","background-media":"","overlay-type":"","overlay-color":"","overlay-gradient":""}},"ast-content-background-meta":{"desktop":{"background-color":"var(--ast-global-color-5)","background-image":"","background-repeat":"repeat","background-position":"center center","background-size":"auto","background-attachment":"scroll","background-type":"","background-media":"","overlay-type":"","overlay-color":"","overlay-gradient":""},"tablet":{"background-color":"var(--ast-global-color-5)","background-image":"","background-repeat":"repeat","background-position":"center center","background-size":"auto","background-attachment":"scroll","background-type":"","background-media":"","overlay-type":"","overlay-color":"","overlay-gradient":""},"mobile":{"background-color":"var(--ast-global-color-5)","background-image":"","background-repeat":"repeat","background-position":"center center","background-size":"auto","background-attachment":"scroll","background-type":"","background-media":"","overlay-type":"","overlay-color":"","overlay-gradient":""}}},"product_cat":[64],"product_tag":[],"aioseo_notices":[],"_links":{"self":[{"href":"https:\/\/www.micronatura.si\/index.php?rest_route=\/wp\/v2\/product\/8195"}],"collection":[{"href":"https:\/\/www.micronatura.si\/index.php?rest_route=\/wp\/v2\/product"}],"about":[{"href":"https:\/\/www.micronatura.si\/index.php?rest_route=\/wp\/v2\/types\/product"}],"replies":[{"embeddable":true,"href":"https:\/\/www.micronatura.si\/index.php?rest_route=%2Fwp%2Fv2%2Fcomments&post=8195"}],"wp:featuredmedia":[{"embeddable":true,"href":"https:\/\/www.micronatura.si\/index.php?rest_route=\/wp\/v2\/media\/9384"}],"wp:attachment":[{"href":"https:\/\/www.micronatura.si\/index.php?rest_route=%2Fwp%2Fv2%2Fmedia&parent=8195"}],"wp:term":[{"taxonomy":"product_cat","embeddable":true,"href":"https:\/\/www.micronatura.si\/index.php?rest_route=%2Fwp%2Fv2%2Fproduct_cat&post=8195"},{"taxonomy":"product_tag","embeddable":true,"href":"https:\/\/www.micronatura.si\/index.php?rest_route=%2Fwp%2Fv2%2Fproduct_tag&post=8195"}],"curies":[{"name":"wp","href":"https:\/\/api.w.org\/{rel}","templated":true}]}}