{"id":9088,"date":"2024-10-09T11:49:21","date_gmt":"2024-10-09T09:49:21","guid":{"rendered":"https:\/\/www.micronatura.si\/?post_type=product&#038;p=9088"},"modified":"2026-01-27T13:13:50","modified_gmt":"2026-01-27T12:13:50","slug":"em-probiotic-for-bees-21-gratis","status":"publish","type":"product","link":"https:\/\/www.micronatura.si\/?product=em-probiotic-for-bees-21-gratis","title":{"rendered":"EM\u00ae Probiotic for Bees 2+1 gratis"},"content":{"rendered":"<p><img fetchpriority=\"high\" decoding=\"async\" class=\"aligncenter wp-image-6101 size-large\" src=\"http:\/\/www.micronatura.si\/wp-content\/uploads\/2022\/05\/pingvin-cebele-1024x301.jpg\" alt=\"\" width=\"1024\" height=\"301\" srcset=\"https:\/\/www.micronatura.si\/wp-content\/uploads\/2022\/05\/pingvin-cebele-1024x301.jpg 1024w, https:\/\/www.micronatura.si\/wp-content\/uploads\/2022\/05\/pingvin-cebele-300x88.jpg 300w, https:\/\/www.micronatura.si\/wp-content\/uploads\/2022\/05\/pingvin-cebele-768x226.jpg 768w, https:\/\/www.micronatura.si\/wp-content\/uploads\/2022\/05\/pingvin-cebele-1536x451.jpg 1536w, https:\/\/www.micronatura.si\/wp-content\/uploads\/2022\/05\/pingvin-cebele-2048x601.jpg 2048w, https:\/\/www.micronatura.si\/wp-content\/uploads\/2022\/05\/pingvin-cebele-600x176.jpg 600w\" sizes=\"(max-width: 1024px) 100vw, 1024px\" \/><\/p>\n<p>Zdravo okolje je bistvenega pomena za zdrav razvoj in \u017eivljenje \u010debel. Pri doseganju takega stanja pa nam nemalokrat bolezni prekri\u017eajo na\u010drte. Efektivni mikroorganizmi EM\u00ae zaradi svoje dominantnosti \u0161kodljive mikroorganizme nadvladajo in jim prepre\u010dijo nadaljnji razvoj. V takem okolju \u010debele bolje prena\u0161ajo stres in se po boleznih hitreje opomorejo.<\/p>\n<p>Z uporabo EM Probiotic for Bees v panju, vzpostavimo koristno mikrofloro. Z redno uporabo v panju in pred njim, zmanj\u0161amo vnos \u0161kodljivih bakterij, ki bi lahko \u0161kodovale \u010debeljim dru\u017einam.<\/p>\n<ul>\n<li>\u010cebele pri vsakem pregledovanju popr\u0161imo z nerazred\u010denim EM Probiotic for Bees.<\/li>\n<li>\u0160kropimo vhod v panj z 0,5% raztopino z vodo.<\/li>\n<\/ul>\n<p>Zavedati se moramo, da tudi mi s svojim posegom v panj lahko vnesemo bolezni, zato priporo\u010damo razku\u017eevanje orodja z EM\u00ae pred vsako uporabo.<\/p>\n<ul>\n<li>0,5% raztopino z vodo uporabimo za \u0161kropljenje po orodju.<\/li>\n<\/ul>\n<p>Po zdravljenju so \u010debelje dru\u017eine \u0161ibkej\u0161e in lahka tar\u010da za ponovne izbruhe bolezni, zato je priporo\u010dljivo, da po vsakem zdravljenju tretiramo njihovo okolje z EM\u00ae. Tako se bo mikrobni ekosistem vrnil v ravnovesje in \u010debelje dru\u017eine si bodo hitreje opomogle.<\/p>\n<ul>\n<li>\u010cebele pri pregledovanju popr\u0161imo z nerazred\u010denim EM Probiotic for Bees.<\/li>\n<\/ul>\n<h3><span style=\"color: #ff9900;\">Podro\u010dje uporabe:<\/span><\/h3>\n<ul>\n<li>dezinfekcija \u010debelarskega orodja,<\/li>\n<li>vnos koristnih bakterij v panj,<\/li>\n<li>ne dovoli prevlade patogenim mikroorganizmom<\/li>\n<\/ul>\n<h3><span style=\"color: #ff9900;\">U\u010dinki:<\/span><\/h3>\n<ul>\n<li>izbolj\u0161uje imunsko odpornost \u010debel,<\/li>\n<li>zmanj\u0161a pojav bolezni na prebavilih,<\/li>\n<li>zmanj\u0161a vnos \u0161kodljivih bakterij v panj,<\/li>\n<li>vzpostavlja pozitivno mikrobiolo\u0161ko floro v panju,<\/li>\n<li>spodbuja razvoj mo\u010dnih dru\u017ein&#8230;<\/li>\n<li>\u010debele la\u017eje prena\u0161ajo stres,<\/li>\n<li>po zdravljenju, vra\u010da mikrobni ekosistem v ravnovesje\u2026<\/li>\n<\/ul>\n<p><img decoding=\"async\" class=\"wp-image-6100 aligncenter\" src=\"http:\/\/www.micronatura.si\/wp-content\/uploads\/2022\/05\/nosema-1024x504.jpg\" alt=\"\" width=\"1024\" height=\"504\" srcset=\"https:\/\/www.micronatura.si\/wp-content\/uploads\/2022\/05\/nosema-1024x504.jpg 1024w, https:\/\/www.micronatura.si\/wp-content\/uploads\/2022\/05\/nosema-300x148.jpg 300w, https:\/\/www.micronatura.si\/wp-content\/uploads\/2022\/05\/nosema-768x378.jpg 768w, https:\/\/www.micronatura.si\/wp-content\/uploads\/2022\/05\/nosema-1536x756.jpg 1536w, https:\/\/www.micronatura.si\/wp-content\/uploads\/2022\/05\/nosema-2048x1008.jpg 2048w, https:\/\/www.micronatura.si\/wp-content\/uploads\/2022\/05\/nosema-600x295.jpg 600w\" sizes=\"(max-width: 1024px) 100vw, 1024px\" \/><\/p>\n","protected":false},"excerpt":{"rendered":"<h3><span style=\"color: #ff0000;\">AKCIJA 2+1 gratis<\/span><\/h3>\n<ul>\n<li>velja do razprodaje zalog<\/li>\n<li>velja za artikle z rokom uporabe najmanj do: 25. 06. 2025<\/li>\n<\/ul>\n<h3><span style=\"color: #ff9900;\">Vpliv probiotika na \u010debele<\/span><\/h3>\n<p>Prebavni sistem \u010debel vsebuje bogat mikrobiom, ki mo\u010dno vpliva na po\u010dutje \u010debel. EM PROBIOTIC FOR BEES stabilizira sestavo mikrobioma in skrbi za zdravje \u010debel.<\/p>\n<p><img decoding=\"async\" class=\"alignleft wp-image-6099 size-large\" src=\"http:\/\/www.micronatura.si\/wp-content\/uploads\/2022\/05\/cebela-1024x427.jpg\" alt=\"\" width=\"1024\" height=\"427\" srcset=\"https:\/\/www.micronatura.si\/wp-content\/uploads\/2022\/05\/cebela-1024x427.jpg 1024w, https:\/\/www.micronatura.si\/wp-content\/uploads\/2022\/05\/cebela-300x125.jpg 300w, https:\/\/www.micronatura.si\/wp-content\/uploads\/2022\/05\/cebela-768x320.jpg 768w, https:\/\/www.micronatura.si\/wp-content\/uploads\/2022\/05\/cebela-1536x640.jpg 1536w, https:\/\/www.micronatura.si\/wp-content\/uploads\/2022\/05\/cebela-2048x853.jpg 2048w, https:\/\/www.micronatura.si\/wp-content\/uploads\/2022\/05\/cebela-600x250.jpg 600w\" sizes=\"(max-width: 1024px) 100vw, 1024px\" \/><\/p>\n","protected":false},"featured_media":5266,"comment_status":"open","ping_status":"closed","template":"","meta":{"site-sidebar-layout":"default","site-content-layout":"default","ast-site-content-layout":"default","site-content-style":"default","site-sidebar-style":"default","ast-global-header-display":"","ast-banner-title-visibility":"","ast-main-header-display":"","ast-hfb-above-header-display":"","ast-hfb-below-header-display":"","ast-hfb-mobile-header-display":"","site-post-title":"","ast-breadcrumbs-content":"","ast-featured-img":"","footer-sml-layout":"","theme-transparent-header-meta":"default","adv-header-id-meta":"","stick-header-meta":"default","header-above-stick-meta":"","header-main-stick-meta":"","header-below-stick-meta":"","astra-migrate-meta-layouts":"set","ast-page-background-enabled":"default","ast-page-background-meta":{"desktop":{"background-color":"","background-image":"","background-repeat":"repeat","background-position":"center center","background-size":"auto","background-attachment":"scroll","background-type":"","background-media":"","overlay-type":"","overlay-color":"","overlay-gradient":""},"tablet":{"background-color":"","background-image":"","background-repeat":"repeat","background-position":"center center","background-size":"auto","background-attachment":"scroll","background-type":"","background-media":"","overlay-type":"","overlay-color":"","overlay-gradient":""},"mobile":{"background-color":"","background-image":"","background-repeat":"repeat","background-position":"center center","background-size":"auto","background-attachment":"scroll","background-type":"","background-media":"","overlay-type":"","overlay-color":"","overlay-gradient":""}},"ast-content-background-meta":{"desktop":{"background-color":"var(--ast-global-color-5)","background-image":"","background-repeat":"repeat","background-position":"center center","background-size":"auto","background-attachment":"scroll","background-type":"","background-media":"","overlay-type":"","overlay-color":"","overlay-gradient":""},"tablet":{"background-color":"var(--ast-global-color-5)","background-image":"","background-repeat":"repeat","background-position":"center center","background-size":"auto","background-attachment":"scroll","background-type":"","background-media":"","overlay-type":"","overlay-color":"","overlay-gradient":""},"mobile":{"background-color":"var(--ast-global-color-5)","background-image":"","background-repeat":"repeat","background-position":"center center","background-size":"auto","background-attachment":"scroll","background-type":"","background-media":"","overlay-type":"","overlay-color":"","overlay-gradient":""}}},"product_cat":[44],"product_tag":[],"aioseo_notices":[],"_links":{"self":[{"href":"https:\/\/www.micronatura.si\/index.php?rest_route=\/wp\/v2\/product\/9088"}],"collection":[{"href":"https:\/\/www.micronatura.si\/index.php?rest_route=\/wp\/v2\/product"}],"about":[{"href":"https:\/\/www.micronatura.si\/index.php?rest_route=\/wp\/v2\/types\/product"}],"replies":[{"embeddable":true,"href":"https:\/\/www.micronatura.si\/index.php?rest_route=%2Fwp%2Fv2%2Fcomments&post=9088"}],"wp:featuredmedia":[{"embeddable":true,"href":"https:\/\/www.micronatura.si\/index.php?rest_route=\/wp\/v2\/media\/5266"}],"wp:attachment":[{"href":"https:\/\/www.micronatura.si\/index.php?rest_route=%2Fwp%2Fv2%2Fmedia&parent=9088"}],"wp:term":[{"taxonomy":"product_cat","embeddable":true,"href":"https:\/\/www.micronatura.si\/index.php?rest_route=%2Fwp%2Fv2%2Fproduct_cat&post=9088"},{"taxonomy":"product_tag","embeddable":true,"href":"https:\/\/www.micronatura.si\/index.php?rest_route=%2Fwp%2Fv2%2Fproduct_tag&post=9088"}],"curies":[{"name":"wp","href":"https:\/\/api.w.org\/{rel}","templated":true}]}}