{"id":9649,"date":"2025-06-02T10:02:16","date_gmt":"2025-06-02T08:02:16","guid":{"rendered":"https:\/\/www.micronatura.si\/?post_type=product&#038;p=9649"},"modified":"2025-06-19T09:29:25","modified_gmt":"2025-06-19T07:29:25","slug":"organko-essential-set-2-x-bokashi-kompostnik-2-x-153-l-siv","status":"publish","type":"product","link":"https:\/\/www.micronatura.si\/?product=organko-essential-set-2-x-bokashi-kompostnik-2-x-153-l-siv","title":{"rendered":"ORGANKO Essential Set, 2 x bokashi kompostnik (2 x 15,3 L), siv + EM Bokashi 2 kg"},"content":{"rendered":"<p>Organsko snov zbiramo v kompostniku, ki je v bistvu fermentacijska posoda, zato mora biti zrakotesen. Pri vsakem vnosu organske snovi le to posujemo z EM Bokashi ali po\u0161kropimo z EM Organo Active in pretla\u010dimo, da omejimo povr\u0161ino izpostavljeno kisiku. Tako pripravljena zmes se fermentira 14 dni, nato se posoda odpre. Med procesom fermentacije sproti odvajamo teko\u010dino iz posode, uporabimo jo lahko kot gnojilo pri zalivanju ali za \u010di\u0161\u010denje odtokov.<br \/>\nPo kon\u010dani fermentaciji:<br \/>\nTrdno snov lahko zakopljemo neposredno v vrt in po 14 dneh je kompost pripravljen ali pa jo enostavno stresemo na kompostni kup. Teko\u010do snov lahko zlijemo na kompostni kup ali shranimo za uporabo kot teko\u010de gnojilo.<\/p>\n<p>Sestavni deli kompleta:<\/p>\n<p><strong>Organko Essential brez podstavka:<\/strong><\/p>\n<ul>\n<li>kompostnik<\/li>\n<li>ro\u010daj<\/li>\n<li>pokrov<\/li>\n<li>posoda<\/li>\n<li>pipica<\/li>\n<li>cedilo<\/li>\n<li>dozirna posodica<\/li>\n<li>tla\u010dilka<\/li>\n<li>posodica za odlivanje teko\u010dine<\/li>\n<\/ul>\n<p><strong>Organko Essential s podstavkom:<\/strong><br \/>\n+ podstavek<\/p>\n<p><strong>Organko Essential Set s podstavkom:<\/strong><\/p>\n<p>+ dodatni kompostnik<br \/>\n+ dodatni ro\u010daj<br \/>\n+ dodatni pokrov<br \/>\n+ dodatna pipica<br \/>\n+ dodatno cedilo<\/p>\n<div>\n<div class=\"summary__title flex align-center flex-grow-1\">\n<h2 class=\"h6 accordion__title font-heading-bold margin0\">Pakiranje<\/h2>\n<\/div>\n<\/div>\n<div>\n<div class=\"summary-accordion__plus-minus-wrapper flex justify-center align-center\"><\/div>\n<\/div>\n<div id=\"CollapsibleAccordion-collapsible_row_CnHmYt-template--24786997608792__collapsible_content_V6EnJY\" class=\"accordion__content accordion__content--empty\" role=\"region\" aria-labelledby=\"Summary-collapsible_row_CnHmYt-template--24786997608792__collapsible_content_V6EnJY\">\n<div class=\"rte\">\n<ul>\n<li>vsi deli<\/li>\n<li>navodila za uporabo<\/li>\n<li>Bokashi posip (<a href=\"https:\/\/www.micronatura.si\/?product=em-bokashi-2kg\">EM Bokashi 2kg<\/a>)<\/li>\n<\/ul>\n<div>\n<div class=\"summary__title flex align-center flex-grow-1\">\n<h2 class=\"h6 accordion__title font-heading-bold margin0\">Tehni\u010dne specifikacije<\/h2>\n<\/div>\n<\/div>\n<div>\n<div class=\"summary-accordion__plus-minus-wrapper flex justify-center align-center\"><\/div>\n<\/div>\n<div id=\"CollapsibleAccordion-collapsible_row_UPYpQw-template--24786997608792__collapsible_content_V6EnJY\" class=\"accordion__content accordion__content--empty\" role=\"region\" aria-labelledby=\"Summary-collapsible_row_UPYpQw-template--24786997608792__collapsible_content_V6EnJY\">\n<div class=\"rte\">\n<ul>\n<li>Prostornina: 15,3 L<\/li>\n<li>Dimenzije: 35,4 x 28,2 x 31,45 cm<\/li>\n<\/ul>\n<div>\n<div class=\"summary__title flex align-center flex-grow-1\">\n<h2 class=\"h6 accordion__title font-heading-bold margin0\">Material<\/h2>\n<\/div>\n<\/div>\n<div>\n<div class=\"summary-accordion__plus-minus-wrapper flex justify-center align-center\"><\/div>\n<\/div>\n<div id=\"CollapsibleAccordion-collapsible_row_QtaYiT-template--24786997608792__collapsible_content_V6EnJY\" class=\"accordion__content accordion__content--empty\" role=\"region\" aria-labelledby=\"Summary-collapsible_row_QtaYiT-template--24786997608792__collapsible_content_V6EnJY\">\n<div class=\"rte\">\n<p>Organko Essential kompostnik je izdelan iz popotro\u0161ni\u0161ke reciklirane plastike (recikliran polipropilen).<\/p>\n<\/div>\n<\/div>\n<\/div>\n<\/div>\n<\/div>\n<\/div>\n","protected":false},"excerpt":{"rendered":"<p><strong>Spremeni odpadke hrane v hranilen kompost za tvoj vrt!\u00a0<\/strong>ORGANKO Essential je popolna re\u0161itev za kompostiranje skozi celotno leto, ki omogo\u010da hitro pretvorbo odpadkov v hranilen kompost kar v tvoji kuhinji. S pomo\u010djo fermentacije z EM Bokashi posipom se odpadki hitro razgradijo brez neprijetnih vonjav.<\/p>\n<p><strong>Zakaj izbrati ORGANKO Essential kompostnik?<\/strong><\/p>\n<ul>\n<li>Zmanj\u0161a volumen organskih odpadkov do 25%<\/li>\n<li>fermentirana odpadna masa postane visokokakovostna osnova za kompost<\/li>\n<li>razred\u010den bokashi sok slu\u017ei kot naravno gnojilo<\/li>\n<li>zrakotesen pokrov zagotavlja, da ni neprijetnega vonja in mu\u0161ic<\/li>\n<li>primerno za pomivalni stroj<\/li>\n<\/ul>\n<p>V paket vklju\u010den <a href=\"https:\/\/www.micronatura.si\/?product=em-bokashi-2kg\">EM Bokashi 2kg<\/a><\/p>\n","protected":false},"featured_media":9674,"comment_status":"open","ping_status":"closed","template":"","meta":{"site-sidebar-layout":"default","site-content-layout":"","ast-site-content-layout":"default","site-content-style":"default","site-sidebar-style":"default","ast-global-header-display":"","ast-banner-title-visibility":"","ast-main-header-display":"","ast-hfb-above-header-display":"","ast-hfb-below-header-display":"","ast-hfb-mobile-header-display":"","site-post-title":"","ast-breadcrumbs-content":"","ast-featured-img":"","footer-sml-layout":"","theme-transparent-header-meta":"default","adv-header-id-meta":"","stick-header-meta":"default","header-above-stick-meta":"","header-main-stick-meta":"","header-below-stick-meta":"","astra-migrate-meta-layouts":"set","ast-page-background-enabled":"default","ast-page-background-meta":{"desktop":{"background-color":"","background-image":"","background-repeat":"repeat","background-position":"center center","background-size":"auto","background-attachment":"scroll","background-type":"","background-media":"","overlay-type":"","overlay-color":"","overlay-gradient":""},"tablet":{"background-color":"","background-image":"","background-repeat":"repeat","background-position":"center center","background-size":"auto","background-attachment":"scroll","background-type":"","background-media":"","overlay-type":"","overlay-color":"","overlay-gradient":""},"mobile":{"background-color":"","background-image":"","background-repeat":"repeat","background-position":"center center","background-size":"auto","background-attachment":"scroll","background-type":"","background-media":"","overlay-type":"","overlay-color":"","overlay-gradient":""}},"ast-content-background-meta":{"desktop":{"background-color":"var(--ast-global-color-5)","background-image":"","background-repeat":"repeat","background-position":"center center","background-size":"auto","background-attachment":"scroll","background-type":"","background-media":"","overlay-type":"","overlay-color":"","overlay-gradient":""},"tablet":{"background-color":"var(--ast-global-color-5)","background-image":"","background-repeat":"repeat","background-position":"center center","background-size":"auto","background-attachment":"scroll","background-type":"","background-media":"","overlay-type":"","overlay-color":"","overlay-gradient":""},"mobile":{"background-color":"var(--ast-global-color-5)","background-image":"","background-repeat":"repeat","background-position":"center center","background-size":"auto","background-attachment":"scroll","background-type":"","background-media":"","overlay-type":"","overlay-color":"","overlay-gradient":""}}},"product_cat":[41,67,48],"product_tag":[],"aioseo_notices":[],"_links":{"self":[{"href":"https:\/\/www.micronatura.si\/index.php?rest_route=\/wp\/v2\/product\/9649"}],"collection":[{"href":"https:\/\/www.micronatura.si\/index.php?rest_route=\/wp\/v2\/product"}],"about":[{"href":"https:\/\/www.micronatura.si\/index.php?rest_route=\/wp\/v2\/types\/product"}],"replies":[{"embeddable":true,"href":"https:\/\/www.micronatura.si\/index.php?rest_route=%2Fwp%2Fv2%2Fcomments&post=9649"}],"wp:featuredmedia":[{"embeddable":true,"href":"https:\/\/www.micronatura.si\/index.php?rest_route=\/wp\/v2\/media\/9674"}],"wp:attachment":[{"href":"https:\/\/www.micronatura.si\/index.php?rest_route=%2Fwp%2Fv2%2Fmedia&parent=9649"}],"wp:term":[{"taxonomy":"product_cat","embeddable":true,"href":"https:\/\/www.micronatura.si\/index.php?rest_route=%2Fwp%2Fv2%2Fproduct_cat&post=9649"},{"taxonomy":"product_tag","embeddable":true,"href":"https:\/\/www.micronatura.si\/index.php?rest_route=%2Fwp%2Fv2%2Fproduct_tag&post=9649"}],"curies":[{"name":"wp","href":"https:\/\/api.w.org\/{rel}","templated":true}]}}