{"id":9677,"date":"2025-06-02T10:15:46","date_gmt":"2025-06-02T08:15:46","guid":{"rendered":"https:\/\/www.micronatura.si\/?post_type=product&#038;p=9677"},"modified":"2025-06-19T09:17:16","modified_gmt":"2025-06-19T07:17:16","slug":"organko-daily-dnevna-posoda-za-bio-odpadke-33-l-crna","status":"publish","type":"product","link":"https:\/\/www.micronatura.si\/?product=organko-daily-dnevna-posoda-za-bio-odpadke-33-l-crna","title":{"rendered":"ORGANKO Daily, dnevna posoda za bio odpadke (3,3 L), \u010drna"},"content":{"rendered":"<p>Posodica Organko Daily je izdelana iz\u00a0<strong>popotro\u0161ni\u0161ke reciklirane plastike<\/strong>\u00a0(recikliran polipropilen).<\/p>\n","protected":false},"excerpt":{"rendered":"<p><strong>ORGANKO Daily je idealen za vsakodnevno zbiranje ostankov hrane!<\/strong>\u00a0Ta 3,3-litrska posoda je narejena iz reciklirane popotro\u0161ni\u0161ke plastike. Je enostavna za \u010di\u0161\u010denje in primerna za pomivalni stroj, zaradi svojega nagrajenega dizajna pa tudi zasije na vsakem kuhinjskem pultu.<\/p>\n<p><strong>Zakaj izbrati ORGANKO Daily?<\/strong><\/p>\n<ul>\n<li>brez uporabe plasti\u010dnih vre\u010dk<\/li>\n<li>vsi deli so primerni za pomivalni stroj<\/li>\n<li>zaobljene in gladke povr\u0161ine za enostavno \u010di\u0161\u010denje<\/li>\n<li>enostavno praznjenje z eno roko<\/li>\n<li>izdelan iz popotro\u0161ni\u0161ke reciklirane plastike<\/li>\n<\/ul>\n<p>Idealno za vsakodnevno uporabo pri kompostiranju z EM Bokashi in fermentacijsko posodo, v katero dodajamo nov material ko se na\u0161a Organko Daily posodica napolne.<\/p>\n","protected":false},"featured_media":9672,"comment_status":"open","ping_status":"closed","template":"","meta":{"site-sidebar-layout":"default","site-content-layout":"","ast-site-content-layout":"default","site-content-style":"default","site-sidebar-style":"default","ast-global-header-display":"","ast-banner-title-visibility":"","ast-main-header-display":"","ast-hfb-above-header-display":"","ast-hfb-below-header-display":"","ast-hfb-mobile-header-display":"","site-post-title":"","ast-breadcrumbs-content":"","ast-featured-img":"","footer-sml-layout":"","theme-transparent-header-meta":"default","adv-header-id-meta":"","stick-header-meta":"default","header-above-stick-meta":"","header-main-stick-meta":"","header-below-stick-meta":"","astra-migrate-meta-layouts":"set","ast-page-background-enabled":"default","ast-page-background-meta":{"desktop":{"background-color":"","background-image":"","background-repeat":"repeat","background-position":"center center","background-size":"auto","background-attachment":"scroll","background-type":"","background-media":"","overlay-type":"","overlay-color":"","overlay-gradient":""},"tablet":{"background-color":"","background-image":"","background-repeat":"repeat","background-position":"center center","background-size":"auto","background-attachment":"scroll","background-type":"","background-media":"","overlay-type":"","overlay-color":"","overlay-gradient":""},"mobile":{"background-color":"","background-image":"","background-repeat":"repeat","background-position":"center center","background-size":"auto","background-attachment":"scroll","background-type":"","background-media":"","overlay-type":"","overlay-color":"","overlay-gradient":""}},"ast-content-background-meta":{"desktop":{"background-color":"var(--ast-global-color-5)","background-image":"","background-repeat":"repeat","background-position":"center center","background-size":"auto","background-attachment":"scroll","background-type":"","background-media":"","overlay-type":"","overlay-color":"","overlay-gradient":""},"tablet":{"background-color":"var(--ast-global-color-5)","background-image":"","background-repeat":"repeat","background-position":"center center","background-size":"auto","background-attachment":"scroll","background-type":"","background-media":"","overlay-type":"","overlay-color":"","overlay-gradient":""},"mobile":{"background-color":"var(--ast-global-color-5)","background-image":"","background-repeat":"repeat","background-position":"center center","background-size":"auto","background-attachment":"scroll","background-type":"","background-media":"","overlay-type":"","overlay-color":"","overlay-gradient":""}}},"product_cat":[41,67,48],"product_tag":[],"aioseo_notices":[],"_links":{"self":[{"href":"https:\/\/www.micronatura.si\/index.php?rest_route=\/wp\/v2\/product\/9677"}],"collection":[{"href":"https:\/\/www.micronatura.si\/index.php?rest_route=\/wp\/v2\/product"}],"about":[{"href":"https:\/\/www.micronatura.si\/index.php?rest_route=\/wp\/v2\/types\/product"}],"replies":[{"embeddable":true,"href":"https:\/\/www.micronatura.si\/index.php?rest_route=%2Fwp%2Fv2%2Fcomments&post=9677"}],"wp:featuredmedia":[{"embeddable":true,"href":"https:\/\/www.micronatura.si\/index.php?rest_route=\/wp\/v2\/media\/9672"}],"wp:attachment":[{"href":"https:\/\/www.micronatura.si\/index.php?rest_route=%2Fwp%2Fv2%2Fmedia&parent=9677"}],"wp:term":[{"taxonomy":"product_cat","embeddable":true,"href":"https:\/\/www.micronatura.si\/index.php?rest_route=%2Fwp%2Fv2%2Fproduct_cat&post=9677"},{"taxonomy":"product_tag","embeddable":true,"href":"https:\/\/www.micronatura.si\/index.php?rest_route=%2Fwp%2Fv2%2Fproduct_tag&post=9677"}],"curies":[{"name":"wp","href":"https:\/\/api.w.org\/{rel}","templated":true}]}}